{"id":130,"date":"2015-03-20T23:21:25","date_gmt":"2015-03-20T22:21:25","guid":{"rendered":"http:\/\/www.softsimple.pl\/?page_id=130"},"modified":"2015-04-09T07:49:15","modified_gmt":"2015-04-09T05:49:15","slug":"regulamin","status":"publish","type":"page","link":"https:\/\/www.softsimple.pl\/en\/regulamin\/","title":{"rendered":"Terms of use"},"content":{"rendered":"<h2>Regulamin korzystania z serwisu SoftSimple<\/h2>\n<h3>I) Wst\u0119p<\/h3>\n<p>Przed rozpocz\u0119ciem u\u017cytkowania niniejszego serwisu internetowego (zwanego dalej Serwisem) prosimy o dok\u0142adne zapoznanie si\u0119 z podanymi poni\u017cej informacjami. Osoby uzyskuj\u0105ce dost\u0119p do Serwisu zgadzaj\u0105 si\u0119, aby obowi\u0105zywa\u0142y je nast\u0119puj\u0105ce zasady, warunki oraz zastrze\u017cenia (zwane dalej Warunkami).<\/p>\n<h3>II) Autorstwo i w\u0142asno\u015b\u0107<\/h3>\n<ol>\n<li>Serwis znajduj\u0105cy si\u0119 pod adresem www.softsimple.pl nale\u017cy do firmy SoftSimple Przemys\u0142aw Szopa (zwanej dalej SoftSimple). Siedziba firmy znajduje si\u0119 pod adresem: ul. Kwiatkowskiego 5\/72, 35-326 Rzesz\u00f3w.<\/li>\n<li>Adres e-mail s\u0142u\u017c\u0105cy do kontakt\u00f3w w kwestiach zwi\u0105zanych z Serwisem to: softsimple@softsimple.pl.<\/li>\n<\/ol>\n<h3>III) Og\u00f3lne warunki<\/h3>\n<ol>\n<li>Wszystkie us\u0142ugi oraz produkty oferowane przez SoftSimple podlegaj\u0105 zasadom, warunkom oraz zastrze\u017ceniom wynikaj\u0105cym z poszczeg\u00f3lnych um\u00f3w dotycz\u0105cych ich stosowania oraz odno\u015bnych przepis\u00f3w prawa.<\/li>\n<li>Warunki te nale\u017cy interpretowa\u0107 \u0142\u0105cznie z wszelkimi zasadami, warunkami i zastrze\u017ceniami, zawartymi na poszczeg\u00f3lnych stronach Serwisu.<\/li>\n<li>W przypadku ewentualnych rozbie\u017cno\u015bci, zasady, warunki i zastrze\u017cenia dotycz\u0105ce poszczeg\u00f3lnych us\u0142ug oraz produkt\u00f3w b\u0119d\u0105 mia\u0142y charakter nadrz\u0119dny w stosunku do niniejszych Warunk\u00f3w.<\/li>\n<\/ol>\n<h3>IV) Odpowiedzialno\u015b\u0107 w\u0142a\u015bciciela Serwisu<\/h3>\n<ol>\n<li>Pomimo podejmowania przez SoftSimple wszelkich dzia\u0142a\u0144, maj\u0105cych na celu zweryfikowanie dok\u0142adno\u015bci i aktualno\u015bci ca\u0142ej tre\u015bci Serwisu, firma nie ponosi odpowiedzialno\u015bci za b\u0142\u0119dy oraz nie gwarantuje dok\u0142adno\u015bci, aktualno\u015bci oraz kompletno\u015bci informacji przedstawionych w Serwisie.<\/li>\n<li>Informacje umieszczone w Serwisie mog\u0105 by\u0107 zmieniane bez wcze\u015bniejszego powiadomienia, mog\u0105 by\u0107 niepe\u0142ne lub skr\u00f3cone oraz mog\u0105 nie zawiera\u0107 wszystkich istotnych danych.<\/li>\n<li>U\u017cytkownicy korzystaj\u0105 z Serwisu na w\u0142asne ryzyko. SoftSimple nie ponosi odpowiedzialno\u015bci za jakiekolwiek straty b\u0105d\u017a szkody, niezale\u017cnie od sposobu ich powstania, wynikaj\u0105ce z u\u017cytkowania Serwisu, ani za dzia\u0142ania podejmowane w oparciu o zawarte w nim informacje, w pe\u0142nym zakresie ustalonym przez prawo.<\/li>\n<li>Wszelkie tre\u015bci prezentowane w Serwisie maj\u0105 wy\u0142\u0105cznie charakter promocyjny i nie stanowi\u0105 oferty w rozumieniu przepis\u00f3w Kodeksu Cywilnego. Nie mog\u0105 te\u017c stanowi\u0107 podstawy jakichkolwiek roszcze\u0144 wobec SoftSimple.<\/li>\n<li>SoftSimple zamieszcza linki do innych stron internetowych wy\u0142\u0105cznie w celach informacyjnych. Nie ponosi odpowiedzialno\u015bci za tre\u015b\u0107 jakichkolwiek innych stron lub serwis\u00f3w po\u0142\u0105czonych z Serwisem lub do kt\u00f3rych odno\u015bniki znajduj\u0105 si\u0119 w Serwisie. SoftSimple nie ponosi odpowiedzialno\u015bci za jakiekolwiek szkody powsta\u0142e z powod\u00f3w zwi\u0105zanych z powy\u017cszymi linkami.<\/li>\n<li>Serwis wyst\u0119puje w kilku wersjach j\u0119zykowych. Informujemy, \u017ce w zwi\u0105zku z t\u0142umaczeniem mog\u0105 wyst\u0105pi\u0107 rozbie\u017cno\u015bci pomi\u0119dzy tymi wersjami. W razie wyst\u0105pienia rozbie\u017cno\u015bci pierwsze\u0144stwo ma wersja polska.<\/li>\n<\/ol>\n<h3>V) Zobowi\u0105zania u\u017cytkownika<\/h3>\n<ol>\n<li>U\u017cytkownik zapewnia, \u017ce b\u0119dzie korzysta\u0142 z Serwisu wy\u0142\u0105cznie w spos\u00f3b zgodny z obowi\u0105zuj\u0105cym prawem, zasadami wsp\u00f3\u0142\u017cycia spo\u0142ecznego oraz w poszanowaniu dla praw w\u0142asno\u015bci intelektualnej.<\/li>\n<li>U\u017cytkownicy Serwisu zobowi\u0105zani s\u0105 do korzystania z niego w taki spos\u00f3b, aby nie utrudnia\u0107 tego innym u\u017cytkownikom lub pracownikom SoftSimple.<\/li>\n<li>SoftSimple zastrzega sobie prawo blokowania u\u017cytkownikom dost\u0119pu do Serwisu bez podawania przyczyn.<\/li>\n<\/ol>\n<h3>VI) Zmiany regulaminu<\/h3>\n<ol>\n<li>Wszelkie warunki i postanowienia niniejszego regulaminu mog\u0105 by\u0107 w ka\u017cdej chwili zmienione przez SoftSimple, bez podawania przyczyn. Zmiany b\u0119d\u0105 publikowane na bie\u017c\u0105co w postaci ujednoliconego tekstu regulaminu na \u0142amach Serwisu.<\/li>\n<li>Niniejsze Warunki podlegaj\u0105 prawu polskiemu i s\u0105 interpretowane zgodnie z tym prawem.<\/li>\n<li>Aktualna tre\u015b\u0107 Regulaminu jest zawsze dost\u0119pna pod adresem: <a class=\"\" href=\"https:\/\/www.pgs-soft.com\/pl\/regulamin\/\">http:\/\/www.softsimple.pl\/pl\/regulamin\/<\/a><\/li>\n<\/ol>","protected":false},"excerpt":{"rendered":"<p>Regulamin korzystania z serwisu SoftSimple I) Wst\u0119p Przed rozpocz\u0119ciem u\u017cytkowania niniejszego serwisu internetowego (zwanego dalej Serwisem) prosimy o dok\u0142adne zapoznanie si\u0119 z podanymi poni\u017cej informacjami. Osoby uzyskuj\u0105ce dost\u0119p do Serwisu zgadzaj\u0105 si\u0119, aby obowi\u0105zywa\u0142y je nast\u0119puj\u0105ce zasady, warunki oraz zastrze\u017cenia &hellip; <a href=\"https:\/\/www.softsimple.pl\/en\/regulamin\/\">Czytaj wi\u0119cej<\/a><\/p>\n","protected":false},"author":1,"featured_media":0,"parent":0,"menu_order":0,"comment_status":"open","ping_status":"open","template":"","meta":{"_acf_changed":false,"kt_blocks_editor_width":"","_exactmetrics_skip_tracking":false,"_exactmetrics_sitenote_active":false,"_exactmetrics_sitenote_note":"","_exactmetrics_sitenote_category":0,"footnotes":""},"class_list":["post-130","page","type-page","status-publish","hentry"],"acf":[],"yoast_head":"<!-- This site is optimized with the Yoast SEO plugin v25.4 - https:\/\/yoast.com\/wordpress\/plugins\/seo\/ -->\n<title>Terms of use - SoftSimple<\/title>\n<meta name=\"robots\" content=\"index, follow, max-snippet:-1, max-image-preview:large, max-video-preview:-1\" \/>\n<link rel=\"canonical\" href=\"https:\/\/www.softsimple.pl\/regulamin\/\" \/>\n<meta property=\"og:locale\" content=\"en_US\" \/>\n<meta property=\"og:type\" content=\"article\" \/>\n<meta property=\"og:title\" content=\"[:en]Terms of use[:pl]Regulamin[:] - SoftSimple\" \/>\n<meta property=\"og:description\" content=\"Regulamin korzystania z serwisu SoftSimple I) Wst\u0119p Przed rozpocz\u0119ciem u\u017cytkowania niniejszego serwisu internetowego (zwanego dalej Serwisem) prosimy o dok\u0142adne zapoznanie si\u0119 z podanymi poni\u017cej informacjami. Osoby uzyskuj\u0105ce dost\u0119p do Serwisu zgadzaj\u0105 si\u0119, aby obowi\u0105zywa\u0142y je nast\u0119puj\u0105ce zasady, warunki oraz zastrze\u017cenia &hellip; Czytaj wi\u0119cej\" \/>\n<meta property=\"og:url\" content=\"https:\/\/www.softsimple.pl\/regulamin\/\" \/>\n<meta property=\"og:site_name\" content=\"SoftSimple\" \/>\n<meta property=\"article:modified_time\" content=\"2015-04-09T05:49:15+00:00\" \/>\n<meta name=\"twitter:label1\" content=\"Est. reading time\" \/>\n\t<meta name=\"twitter:data1\" content=\"6 minutes\" \/>\n<script type=\"application\/ld+json\" class=\"yoast-schema-graph\">{\"@context\":\"https:\/\/schema.org\",\"@graph\":[{\"@type\":\"WebPage\",\"@id\":\"https:\/\/www.softsimple.pl\/regulamin\/\",\"url\":\"https:\/\/www.softsimple.pl\/regulamin\/\",\"name\":\"[:en]Terms of use[:pl]Regulamin[:] - SoftSimple\",\"isPartOf\":{\"@id\":\"https:\/\/www.softsimple.pl\/#website\"},\"datePublished\":\"2015-03-20T22:21:25+00:00\",\"dateModified\":\"2015-04-09T05:49:15+00:00\",\"breadcrumb\":{\"@id\":\"https:\/\/www.softsimple.pl\/regulamin\/#breadcrumb\"},\"inLanguage\":\"en-US\",\"potentialAction\":[{\"@type\":\"ReadAction\",\"target\":[\"https:\/\/www.softsimple.pl\/regulamin\/\"]}]},{\"@type\":\"BreadcrumbList\",\"@id\":\"https:\/\/www.softsimple.pl\/regulamin\/#breadcrumb\",\"itemListElement\":[{\"@type\":\"ListItem\",\"position\":1,\"name\":\"Strona g\u0142\u00f3wna\",\"item\":\"https:\/\/www.softsimple.pl\/\"},{\"@type\":\"ListItem\",\"position\":2,\"name\":\"Regulamin\"}]},{\"@type\":\"WebSite\",\"@id\":\"https:\/\/www.softsimple.pl\/#website\",\"url\":\"https:\/\/www.softsimple.pl\/\",\"name\":\"SoftSimple\",\"description\":\"\",\"potentialAction\":[{\"@type\":\"SearchAction\",\"target\":{\"@type\":\"EntryPoint\",\"urlTemplate\":\"https:\/\/www.softsimple.pl\/?s={search_term_string}\"},\"query-input\":{\"@type\":\"PropertyValueSpecification\",\"valueRequired\":true,\"valueName\":\"search_term_string\"}}],\"inLanguage\":\"en-US\"}]}<\/script>\n<!-- \/ Yoast SEO plugin. -->","yoast_head_json":{"title":"[:en]Terms of use[:pl]Regulamin[:] - SoftSimple","robots":{"index":"index","follow":"follow","max-snippet":"max-snippet:-1","max-image-preview":"max-image-preview:large","max-video-preview":"max-video-preview:-1"},"canonical":"https:\/\/www.softsimple.pl\/regulamin\/","og_locale":"en_US","og_type":"article","og_title":"[:en]Terms of use[:pl]Regulamin[:] - SoftSimple","og_description":"Regulamin korzystania z serwisu SoftSimple I) Wst\u0119p Przed rozpocz\u0119ciem u\u017cytkowania niniejszego serwisu internetowego (zwanego dalej Serwisem) prosimy o dok\u0142adne zapoznanie si\u0119 z podanymi poni\u017cej informacjami. Osoby uzyskuj\u0105ce dost\u0119p do Serwisu zgadzaj\u0105 si\u0119, aby obowi\u0105zywa\u0142y je nast\u0119puj\u0105ce zasady, warunki oraz zastrze\u017cenia &hellip; Czytaj wi\u0119cej","og_url":"https:\/\/www.softsimple.pl\/regulamin\/","og_site_name":"SoftSimple","article_modified_time":"2015-04-09T05:49:15+00:00","twitter_misc":{"Est. reading time":"6 minutes"},"schema":{"@context":"https:\/\/schema.org","@graph":[{"@type":"WebPage","@id":"https:\/\/www.softsimple.pl\/regulamin\/","url":"https:\/\/www.softsimple.pl\/regulamin\/","name":"[:en]Terms of use[:pl]Regulamin[:] - SoftSimple","isPartOf":{"@id":"https:\/\/www.softsimple.pl\/#website"},"datePublished":"2015-03-20T22:21:25+00:00","dateModified":"2015-04-09T05:49:15+00:00","breadcrumb":{"@id":"https:\/\/www.softsimple.pl\/regulamin\/#breadcrumb"},"inLanguage":"en-US","potentialAction":[{"@type":"ReadAction","target":["https:\/\/www.softsimple.pl\/regulamin\/"]}]},{"@type":"BreadcrumbList","@id":"https:\/\/www.softsimple.pl\/regulamin\/#breadcrumb","itemListElement":[{"@type":"ListItem","position":1,"name":"Strona g\u0142\u00f3wna","item":"https:\/\/www.softsimple.pl\/"},{"@type":"ListItem","position":2,"name":"Regulamin"}]},{"@type":"WebSite","@id":"https:\/\/www.softsimple.pl\/#website","url":"https:\/\/www.softsimple.pl\/","name":"SoftSimple","description":"","potentialAction":[{"@type":"SearchAction","target":{"@type":"EntryPoint","urlTemplate":"https:\/\/www.softsimple.pl\/?s={search_term_string}"},"query-input":{"@type":"PropertyValueSpecification","valueRequired":true,"valueName":"search_term_string"}}],"inLanguage":"en-US"}]}},"_links":{"self":[{"href":"https:\/\/www.softsimple.pl\/en\/wp-json\/wp\/v2\/pages\/130","targetHints":{"allow":["GET"]}}],"collection":[{"href":"https:\/\/www.softsimple.pl\/en\/wp-json\/wp\/v2\/pages"}],"about":[{"href":"https:\/\/www.softsimple.pl\/en\/wp-json\/wp\/v2\/types\/page"}],"author":[{"embeddable":true,"href":"https:\/\/www.softsimple.pl\/en\/wp-json\/wp\/v2\/users\/1"}],"replies":[{"embeddable":true,"href":"https:\/\/www.softsimple.pl\/en\/wp-json\/wp\/v2\/comments?post=130"}],"version-history":[{"count":3,"href":"https:\/\/www.softsimple.pl\/en\/wp-json\/wp\/v2\/pages\/130\/revisions"}],"predecessor-version":[{"id":385,"href":"https:\/\/www.softsimple.pl\/en\/wp-json\/wp\/v2\/pages\/130\/revisions\/385"}],"wp:attachment":[{"href":"https:\/\/www.softsimple.pl\/en\/wp-json\/wp\/v2\/media?parent=130"}],"curies":[{"name":"wp","href":"https:\/\/api.w.org\/{rel}","templated":true}]}}