{"id":134,"date":"2015-03-20T23:23:28","date_gmt":"2015-03-20T22:23:28","guid":{"rendered":"http:\/\/www.softsimple.pl\/?page_id=134"},"modified":"2015-03-23T19:44:10","modified_gmt":"2015-03-23T18:44:10","slug":"polityka-prywatnosci","status":"publish","type":"page","link":"https:\/\/www.softsimple.pl\/en\/polityka-prywatnosci\/","title":{"rendered":"Privacy Policy"},"content":{"rendered":"<h2 id=\"cookie-policy\">I. Polityka cookies<\/h2>\n<ul>\n<li>Serwis nie zbiera w spos\u00f3b automatyczny \u017cadnych informacji, z wyj\u0105tkiem informacji zawartych w plikach cookies.<\/li>\n<li>Pliki cookies (tzw. \u201eciasteczka\u201d) stanowi\u0105 dane informatyczne, w szczeg\u00f3lno\u015bci pliki tekstowe, kt\u00f3re przechowywane s\u0105 w urz\u0105dzeniu ko\u0144cowym u\u017cytkownika Serwisu i przeznaczone s\u0105 do korzystania ze stron internetowych Serwisu. Cookies zazwyczaj zawieraj\u0105 nazw\u0119 strony internetowej, z kt\u00f3rej pochodz\u0105, czas przechowywania ich na urz\u0105dzeniu ko\u0144cowym oraz unikalny numer.<\/li>\n<li>Podmiotem zamieszczaj\u0105cym na urz\u0105dzeniu ko\u0144cowym u\u017cytkownika pliki cookies oraz uzyskuj\u0105cym do nich dost\u0119p jest SoftSimple.<\/li>\n<li>Pliki cookies wykorzystywane s\u0105 w celu: dostosowania zawarto\u015bci stron internetowych Serwisu do preferencji u\u017cytkownika oraz optymalizacji korzystania ze stron internetowych; w szczeg\u00f3lno\u015bci pliki te pozwalaj\u0105 rozpozna\u0107 urz\u0105dzenie u\u017cytkownika Serwisu i odpowiednio wy\u015bwietli\u0107 stron\u0119 internetow\u0105, dostosowan\u0105 do jego indywidualnych potrzeb. Pozwalaj\u0105 te\u017c tworzy\u0107 statystyki, kt\u00f3re pomagaj\u0105 zrozumie\u0107, w jaki spos\u00f3b u\u017cytkownicy Serwisu korzystaj\u0105 ze stron internetowych, co umo\u017cliwia ulepszanie ich struktury i zawarto\u015bci.<\/li>\n<li>W ramach Serwisu stosowane mog\u0105 by\u0107 dwa zasadnicze rodzaje plik\u00f3w cookies: \u201esesyjne\u201d (session cookies) oraz \u201esta\u0142e\u201d (persistent cookies). Cookies \u201esesyjne\u201d s\u0105 plikami tymczasowymi, kt\u00f3re przechowywane s\u0105 w urz\u0105dzeniu ko\u0144cowym u\u017cytkownika do czasu wylogowania, opuszczenia strony internetowej lub wy\u0142\u0105czenia oprogramowania (przegl\u0105darki internetowej). \u201eSta\u0142e\u201d pliki cookies przechowywane s\u0105 w urz\u0105dzeniu ko\u0144cowym u\u017cytkownika przez czas okre\u015blony w parametrach plik\u00f3w cookies lub do czasu ich usuni\u0119cia przez u\u017cytkownika.<\/li>\n<li>W ramach Serwisu stosowane mog\u0105 by\u0107 nast\u0119puj\u0105ce rodzaje plik\u00f3w cookies:\n<ul>\n<li>\u201eniezb\u0119dne\u201d pliki cookies, umo\u017cliwiaj\u0105ce korzystanie z us\u0142ug dost\u0119pnych w ramach Serwisu, np. uwierzytelniaj\u0105ce pliki cookies wykorzystywane do us\u0142ug wymagaj\u0105cych uwierzytelniania w ramach Serwisu;<\/li>\n<li>pliki cookies s\u0142u\u017c\u0105ce do zapewnienia bezpiecze\u0144stwa, np. wykorzystywane do wykrywania nadu\u017cy\u0107 w zakresie uwierzytelniania w ramach Serwisu;<\/li>\n<li>\u201ewydajno\u015bciowe\u201d pliki cookies, umo\u017cliwiaj\u0105ce zbieranie informacji o sposobie korzystania ze stron internetowych Serwisu;<\/li>\n<li>\u201efunkcjonalne\u201d pliki cookies, umo\u017cliwiaj\u0105ce \u201ezapami\u0119tanie\u201d wybranych przez U\u017cytkownika ustawie\u0144 i personalizacj\u0119 interfejsu U\u017cytkownika, np. w zakresie wybranego j\u0119zyka lub regionu, z kt\u00f3rego pochodzi U\u017cytkownik, rozmiaru czcionki, wygl\u0105du strony internetowej itp.;<\/li>\n<li>W wielu przypadkach oprogramowanie s\u0142u\u017c\u0105ce do przegl\u0105dania stron internetowych (przegl\u0105darka internetowa) domy\u015blnie dopuszcza przechowywanie plik\u00f3w cookies w urz\u0105dzeniu ko\u0144cowym u\u017cytkownika. U\u017cytkownicy Serwisu mog\u0105 dokona\u0107 w ka\u017cdym czasie zmiany ustawie\u0144 dotycz\u0105cych plik\u00f3w cookies. Ustawienia te mog\u0105 zosta\u0107 zmienione w szczeg\u00f3lno\u015bci w taki spos\u00f3b, aby blokowa\u0107 automatyczn\u0105 obs\u0142ug\u0119 plik\u00f3w cookies w ustawieniach przegl\u0105darki internetowej b\u0105d\u017a informowa\u0107 o ich ka\u017cdorazowym zamieszczeniu w urz\u0105dzeniu U\u017cytkownika Serwisu. Szczeg\u00f3\u0142owe informacje o mo\u017cliwo\u015bci i sposobach obs\u0142ugi plik\u00f3w cookies dost\u0119pne s\u0105 w ustawieniach oprogramowania (przegl\u0105darki internetowej).<\/li>\n<li>Operator Serwisu informuje, \u017ce ograniczenia stosowania plik\u00f3w cookies mog\u0105 wp\u0142yn\u0105\u0107 na niekt\u00f3re funkcjonalno\u015bci dost\u0119pne na stronach internetowych Serwisu.<\/li>\n<li>Pliki cookies zamieszczane w urz\u0105dzeniu ko\u0144cowym U\u017cytkownika Serwisu i wykorzystywane mog\u0105 by\u0107 r\u00f3wnie\u017c przez wsp\u00f3\u0142pracuj\u0105cych z operatorem Serwisu reklamodawc\u00f3w oraz partner\u00f3w.<\/li>\n<li>Wi\u0119cej informacji na temat plik\u00f3w cookies dost\u0119pnych jest w sekcji \u201eUstawienia\u201d lub \u201ePomoc\u201d w menu twojej przegl\u0105darki internetowej.<\/li>\n<\/ul>\n<\/li>\n<\/ul>\n<h2>II. Znaki towarowe oraz prawa autorskie<\/h2>\n<ul>\n<li>Je\u017celi nie zaznaczono inaczej, prawa autorskie do stron, informacji, materia\u0142\u00f3w oraz ich rozmieszczenia w ramach Serwisu nale\u017c\u0105 do SoftSimple lub zosta\u0142y przeniesione odpowiedni\u0105 licencj\u0105 na SoftSimple.<\/li>\n<li>Serwis zawiera tak\u017ce znaki towarowe, nazwy handlowe, loga zastrze\u017cone zar\u00f3wno przez SoftSimple , jak i firmy oraz osoby trzecie. Zosta\u0142y one u\u017cyte tylko i wy\u0142\u0105cznie w celu ich identyfikacji. Udost\u0119pniaj\u0105c je w Serwisie, SoftSimple nie udziela licencji na wykorzystanie ich w jakikolwiek spos\u00f3b.<\/li>\n<li>U\u017cytkownikom wolno drukowa\u0107, powiela\u0107, kopiowa\u0107 lub tymczasowo przechowywa\u0107 fragmenty Serwisu dla w\u0142asnych potrzeb lub w zwi\u0105zku z korzystaniem z produkt\u00f3w oraz us\u0142ug SoftSimple.<\/li>\n<li>U\u017cytkownikom nie wolno dokonywa\u0107 \u017cadnych zmian w tre\u015bciach pochodz\u0105cych z Serwisu.<\/li>\n<li>Szczeg\u00f3\u0142owy zakres dozwolonego i niedozwolonego u\u017cytku tre\u015bci pochodz\u0105cych z Serwisu precyzuj\u0105 przepisy prawa, w szczeg\u00f3lno\u015bci ustawa z dnia 4 lutego 1994 roku o prawie autorskim i prawach pokrewnych (Dz. U. z 1994, Nr 24, poz. 83 z p\u00f3\u017an. zm.). Naruszenie tych praw zagro\u017cone jest sankcjami cywilnymi i karnymi.<\/li>\n<\/ul>\n<h2>III. Dane kontaktowe oraz informacje poufne.<\/h2>\n<ul>\n<li>W zwi\u0105zku z procedur\u0105 sk\u0142adania oferty poprzez formularz kontaktowy konieczne mo\u017ce si\u0119 okaza\u0107 podanie przez u\u017cytkownika swoich danych kontaktowych lub poufnych informacji dotycz\u0105cych firmy, kt\u00f3r\u0105 reprezentuje.<\/li>\n<li>SoftSimple  zobowi\u0105zuje si\u0119 nie przekazywa\u0107 tych informacji osobom trzecim oraz chroni\u0107 je zgodnie ze wszystkimi wymogami prawa.<\/li>\n<li>Ka\u017cdy U\u017cytkownik ma prawo wgl\u0105du do swoich danych, a tak\u017ce prawo ich poprawiania lub \u017c\u0105dania ich usuni\u0119cia. Je\u017celi dane, kt\u00f3rych usuni\u0119cia za\u017c\u0105da\u0142 U\u017cytkownik, s\u0105 niezb\u0119dne do \u015bwiadczenia danej us\u0142ugi, \u017c\u0105danie usuni\u0119cia tych danych b\u0119dzie r\u00f3wnowa\u017cne z o\u015bwiadczeniem o rozwi\u0105zaniu umowy o \u015bwiadczenie tej us\u0142ugi.<\/li>\n<\/ul>\n","protected":false},"excerpt":{"rendered":"<p>I. Polityka cookies Serwis nie zbiera w spos\u00f3b automatyczny \u017cadnych informacji, z wyj\u0105tkiem informacji zawartych w plikach cookies. Pliki cookies (tzw. \u201eciasteczka\u201d) stanowi\u0105 dane informatyczne, w szczeg\u00f3lno\u015bci pliki tekstowe, kt\u00f3re przechowywane s\u0105 w urz\u0105dzeniu ko\u0144cowym u\u017cytkownika Serwisu i przeznaczone s\u0105 &hellip; <a href=\"https:\/\/www.softsimple.pl\/en\/polityka-prywatnosci\/\">Czytaj wi\u0119cej<\/a><\/p>\n","protected":false},"author":1,"featured_media":0,"parent":0,"menu_order":0,"comment_status":"open","ping_status":"open","template":"","meta":{"_acf_changed":false,"kt_blocks_editor_width":"","_exactmetrics_skip_tracking":false,"_exactmetrics_sitenote_active":false,"_exactmetrics_sitenote_note":"","_exactmetrics_sitenote_category":0,"footnotes":""},"class_list":["post-134","page","type-page","status-publish","hentry"],"acf":[],"yoast_head":"<!-- This site is optimized with the Yoast SEO plugin v25.4 - https:\/\/yoast.com\/wordpress\/plugins\/seo\/ -->\n<title>Privacy Policy - SoftSimple<\/title>\n<meta name=\"robots\" content=\"index, follow, max-snippet:-1, max-image-preview:large, max-video-preview:-1\" \/>\n<link rel=\"canonical\" href=\"https:\/\/www.softsimple.pl\/polityka-prywatnosci\/\" \/>\n<meta property=\"og:locale\" content=\"en_US\" \/>\n<meta property=\"og:type\" content=\"article\" \/>\n<meta property=\"og:title\" content=\"[:en]Privacy Policy[:pl]Polityka prywatno\u015bci[:] - SoftSimple\" \/>\n<meta property=\"og:description\" content=\"I. Polityka cookies Serwis nie zbiera w spos\u00f3b automatyczny \u017cadnych informacji, z wyj\u0105tkiem informacji zawartych w plikach cookies. Pliki cookies (tzw. \u201eciasteczka\u201d) stanowi\u0105 dane informatyczne, w szczeg\u00f3lno\u015bci pliki tekstowe, kt\u00f3re przechowywane s\u0105 w urz\u0105dzeniu ko\u0144cowym u\u017cytkownika Serwisu i przeznaczone s\u0105 &hellip; Czytaj wi\u0119cej\" \/>\n<meta property=\"og:url\" content=\"https:\/\/www.softsimple.pl\/polityka-prywatnosci\/\" \/>\n<meta property=\"og:site_name\" content=\"SoftSimple\" \/>\n<meta property=\"article:modified_time\" content=\"2015-03-23T18:44:10+00:00\" \/>\n<meta name=\"twitter:label1\" content=\"Est. reading time\" \/>\n\t<meta name=\"twitter:data1\" content=\"4 minutes\" \/>\n<script type=\"application\/ld+json\" class=\"yoast-schema-graph\">{\"@context\":\"https:\/\/schema.org\",\"@graph\":[{\"@type\":\"WebPage\",\"@id\":\"https:\/\/www.softsimple.pl\/polityka-prywatnosci\/\",\"url\":\"https:\/\/www.softsimple.pl\/polityka-prywatnosci\/\",\"name\":\"[:en]Privacy Policy[:pl]Polityka prywatno\u015bci[:] - SoftSimple\",\"isPartOf\":{\"@id\":\"https:\/\/www.softsimple.pl\/#website\"},\"datePublished\":\"2015-03-20T22:23:28+00:00\",\"dateModified\":\"2015-03-23T18:44:10+00:00\",\"breadcrumb\":{\"@id\":\"https:\/\/www.softsimple.pl\/polityka-prywatnosci\/#breadcrumb\"},\"inLanguage\":\"en-US\",\"potentialAction\":[{\"@type\":\"ReadAction\",\"target\":[\"https:\/\/www.softsimple.pl\/polityka-prywatnosci\/\"]}]},{\"@type\":\"BreadcrumbList\",\"@id\":\"https:\/\/www.softsimple.pl\/polityka-prywatnosci\/#breadcrumb\",\"itemListElement\":[{\"@type\":\"ListItem\",\"position\":1,\"name\":\"Strona g\u0142\u00f3wna\",\"item\":\"https:\/\/www.softsimple.pl\/\"},{\"@type\":\"ListItem\",\"position\":2,\"name\":\"Polityka prywatno\u015bci\"}]},{\"@type\":\"WebSite\",\"@id\":\"https:\/\/www.softsimple.pl\/#website\",\"url\":\"https:\/\/www.softsimple.pl\/\",\"name\":\"SoftSimple\",\"description\":\"\",\"potentialAction\":[{\"@type\":\"SearchAction\",\"target\":{\"@type\":\"EntryPoint\",\"urlTemplate\":\"https:\/\/www.softsimple.pl\/?s={search_term_string}\"},\"query-input\":{\"@type\":\"PropertyValueSpecification\",\"valueRequired\":true,\"valueName\":\"search_term_string\"}}],\"inLanguage\":\"en-US\"}]}<\/script>\n<!-- \/ Yoast SEO plugin. -->","yoast_head_json":{"title":"[:en]Privacy Policy[:pl]Polityka prywatno\u015bci[:] - SoftSimple","robots":{"index":"index","follow":"follow","max-snippet":"max-snippet:-1","max-image-preview":"max-image-preview:large","max-video-preview":"max-video-preview:-1"},"canonical":"https:\/\/www.softsimple.pl\/polityka-prywatnosci\/","og_locale":"en_US","og_type":"article","og_title":"[:en]Privacy Policy[:pl]Polityka prywatno\u015bci[:] - SoftSimple","og_description":"I. Polityka cookies Serwis nie zbiera w spos\u00f3b automatyczny \u017cadnych informacji, z wyj\u0105tkiem informacji zawartych w plikach cookies. Pliki cookies (tzw. \u201eciasteczka\u201d) stanowi\u0105 dane informatyczne, w szczeg\u00f3lno\u015bci pliki tekstowe, kt\u00f3re przechowywane s\u0105 w urz\u0105dzeniu ko\u0144cowym u\u017cytkownika Serwisu i przeznaczone s\u0105 &hellip; Czytaj wi\u0119cej","og_url":"https:\/\/www.softsimple.pl\/polityka-prywatnosci\/","og_site_name":"SoftSimple","article_modified_time":"2015-03-23T18:44:10+00:00","twitter_misc":{"Est. reading time":"4 minutes"},"schema":{"@context":"https:\/\/schema.org","@graph":[{"@type":"WebPage","@id":"https:\/\/www.softsimple.pl\/polityka-prywatnosci\/","url":"https:\/\/www.softsimple.pl\/polityka-prywatnosci\/","name":"[:en]Privacy Policy[:pl]Polityka prywatno\u015bci[:] - SoftSimple","isPartOf":{"@id":"https:\/\/www.softsimple.pl\/#website"},"datePublished":"2015-03-20T22:23:28+00:00","dateModified":"2015-03-23T18:44:10+00:00","breadcrumb":{"@id":"https:\/\/www.softsimple.pl\/polityka-prywatnosci\/#breadcrumb"},"inLanguage":"en-US","potentialAction":[{"@type":"ReadAction","target":["https:\/\/www.softsimple.pl\/polityka-prywatnosci\/"]}]},{"@type":"BreadcrumbList","@id":"https:\/\/www.softsimple.pl\/polityka-prywatnosci\/#breadcrumb","itemListElement":[{"@type":"ListItem","position":1,"name":"Strona g\u0142\u00f3wna","item":"https:\/\/www.softsimple.pl\/"},{"@type":"ListItem","position":2,"name":"Polityka prywatno\u015bci"}]},{"@type":"WebSite","@id":"https:\/\/www.softsimple.pl\/#website","url":"https:\/\/www.softsimple.pl\/","name":"SoftSimple","description":"","potentialAction":[{"@type":"SearchAction","target":{"@type":"EntryPoint","urlTemplate":"https:\/\/www.softsimple.pl\/?s={search_term_string}"},"query-input":{"@type":"PropertyValueSpecification","valueRequired":true,"valueName":"search_term_string"}}],"inLanguage":"en-US"}]}},"_links":{"self":[{"href":"https:\/\/www.softsimple.pl\/en\/wp-json\/wp\/v2\/pages\/134","targetHints":{"allow":["GET"]}}],"collection":[{"href":"https:\/\/www.softsimple.pl\/en\/wp-json\/wp\/v2\/pages"}],"about":[{"href":"https:\/\/www.softsimple.pl\/en\/wp-json\/wp\/v2\/types\/page"}],"author":[{"embeddable":true,"href":"https:\/\/www.softsimple.pl\/en\/wp-json\/wp\/v2\/users\/1"}],"replies":[{"embeddable":true,"href":"https:\/\/www.softsimple.pl\/en\/wp-json\/wp\/v2\/comments?post=134"}],"version-history":[{"count":2,"href":"https:\/\/www.softsimple.pl\/en\/wp-json\/wp\/v2\/pages\/134\/revisions"}],"predecessor-version":[{"id":212,"href":"https:\/\/www.softsimple.pl\/en\/wp-json\/wp\/v2\/pages\/134\/revisions\/212"}],"wp:attachment":[{"href":"https:\/\/www.softsimple.pl\/en\/wp-json\/wp\/v2\/media?parent=134"}],"curies":[{"name":"wp","href":"https:\/\/api.w.org\/{rel}","templated":true}]}}