{"id":166,"date":"2015-03-21T07:35:31","date_gmt":"2015-03-21T06:35:31","guid":{"rendered":"http:\/\/www.softsimple.pl\/?page_id=166"},"modified":"2018-01-02T16:37:14","modified_gmt":"2018-01-02T15:37:14","slug":"aplikacje-mobilne","status":"publish","type":"page","link":"https:\/\/www.softsimple.pl\/en\/uslugi\/aplikacje-mobilne\/","title":{"rendered":"Mobile applications"},"content":{"rendered":"<div id=\"pl-166\"  class=\"panel-layout\" ><div id=\"pg-166-0\"  class=\"panel-grid panel-has-style\" ><div class=\"siteorigin-panels-stretch kt-panel-row-stretch panel-widget-style panel-row-style panel-row-style-for-166-0\" style=\"visibility: hidden;\" data-stretch-type=\"full\" ><div id=\"pgc-166-0-0\"  class=\"panel-grid-cell\" ><div id=\"panel-166-0-0-0\" class=\"so-panel widget widget_siteorigin-panels-builder panel-first-child panel-last-child\" data-index=\"0\" ><div id=\"pl-w55812c7aea9f8\"  class=\"panel-layout\" ><div id=\"pg-w55812c7aea9f8-0\"  class=\"panel-grid panel-has-style\" ><div class=\"siteorigin-panels-stretch kt-panel-row-stretch panel-widget-style panel-row-style panel-row-style-for-w55812c7aea9f8-0\" style=\"visibility: hidden;\" data-stretch-type=\"full\" ><div id=\"pgc-w55812c7aea9f8-0-0\"  class=\"panel-grid-cell panel-grid-cell-empty\" ><\/div><div id=\"pgc-w55812c7aea9f8-0-1\"  class=\"panel-grid-cell\" ><div id=\"panel-w55812c7aea9f8-0-1-0\" class=\"so-panel widget widget_black-studio-tinymce widget_black_studio_tinymce panel-first-child panel-last-child\" data-index=\"0\" ><div class=\"textwidget\"><a href=\"http:\/\/www.softsimple.pl\/uslugi\/aplikacje-internetowe\/\" target=\"_self\" class=\"kad-icon-box-13 kad-icon-box\"><i class=\"kt-icon-laptop\" style=\"color:#ffffff\"><\/i>\n<p>WEB applications\n<\/p>\n<\/a><style type=\"text\/css\" media=\"screen\">.kad-icon-box-13 i, .kad-icon-box-13 h4:after  {background:#444444;} .kad-icon-box-13, .kad-icon-box-13 h1, .kad-icon-box-13 h2, .kad-icon-box-13 h3, .kad-icon-box-13 h4, .kad-icon-box-13 h5 {color:#444444 !important;} .kad-icon-box-13:hover i, .kad-icon-box-13:hover h4:after {background:;}<\/style><\/div><\/div><\/div><div id=\"pgc-w55812c7aea9f8-0-2\"  class=\"panel-grid-cell\" ><div id=\"panel-w55812c7aea9f8-0-2-0\" class=\"so-panel widget widget_black-studio-tinymce widget_black_studio_tinymce panel-first-child panel-last-child\" data-index=\"1\" ><div class=\"textwidget\"><a href=\"http:\/\/www.softsimple.pl\/uslugi\/aplikacje-mobilne\/\" target=\"_self\" class=\"kad-icon-box-33 kad-icon-box\"><i class=\"kt-icon-mobile\" style=\"color:#ffffff\"><\/i>\n\n<p>Mobile applications<\/p>\n\n<\/a><style type=\"text\/css\" media=\"screen\">.kad-icon-box-33 i, .kad-icon-box-33 h4:after  {background:#444444;} .kad-icon-box-33, .kad-icon-box-33 h1, .kad-icon-box-33 h2, .kad-icon-box-33 h3, .kad-icon-box-33 h4, .kad-icon-box-33 h5 {color:#444444 !important;} .kad-icon-box-33:hover i, .kad-icon-box-33:hover h4:after {background:;}<\/style><\/div><\/div><\/div><div id=\"pgc-w55812c7aea9f8-0-3\"  class=\"panel-grid-cell\" ><div id=\"panel-w55812c7aea9f8-0-3-0\" class=\"so-panel widget widget_black-studio-tinymce widget_black_studio_tinymce panel-first-child panel-last-child\" data-index=\"2\" ><div class=\"textwidget\"><a href=\"http:\/\/www.softsimple.pl\/uslugi\/outsourcing-it\/\" target=\"_self\" class=\"kad-icon-box-34 kad-icon-box\"><i class=\"kt-icon-paperplane2\" style=\"color:#ffffff\"><\/i>\n\n<p>IT Outsourcing<\/p>\n\n<\/a><style type=\"text\/css\" media=\"screen\">.kad-icon-box-34 i, .kad-icon-box-34 h4:after  {background:#444444;} .kad-icon-box-34, .kad-icon-box-34 h1, .kad-icon-box-34 h2, .kad-icon-box-34 h3, .kad-icon-box-34 h4, .kad-icon-box-34 h5 {color:#444444 !important;} .kad-icon-box-34:hover i, .kad-icon-box-34:hover h4:after {background:;}<\/style><\/div><\/div><\/div><div id=\"pgc-w55812c7aea9f8-0-4\"  class=\"panel-grid-cell panel-grid-cell-mobile-last\" ><div id=\"panel-w55812c7aea9f8-0-4-0\" class=\"so-panel widget widget_black-studio-tinymce widget_black_studio_tinymce panel-first-child panel-last-child\" data-index=\"3\" ><div class=\"textwidget\"><a href=\"http:\/\/www.softsimple.pl\/uslugi\/doradztwo-informatyczne\/\" target=\"_self\" class=\"kad-icon-box-87 kad-icon-box\"><i class=\"kt-icon-bubbles\" style=\"color:#ffffff\"><\/i>\n\n<p>IT Consulting<\/p>\n\n<\/a><style type=\"text\/css\" media=\"screen\">.kad-icon-box-87 i, .kad-icon-box-87 h4:after  {background:#444444;} .kad-icon-box-87, .kad-icon-box-87 h1, .kad-icon-box-87 h2, .kad-icon-box-87 h3, .kad-icon-box-87 h4, .kad-icon-box-87 h5 {color:#444444 !important;} .kad-icon-box-87:hover i, .kad-icon-box-87:hover h4:after {background:;}<\/style><\/div><\/div><\/div><div id=\"pgc-w55812c7aea9f8-0-5\"  class=\"panel-grid-cell panel-grid-cell-empty\" ><\/div><\/div><\/div><\/div><\/div><\/div><\/div><\/div><div id=\"pg-166-1\"  class=\"panel-grid panel-has-style\" ><div class=\"siteorigin-panels-stretch kt-panel-row-stretch panel-widget-style panel-row-style panel-row-style-for-166-1\" style=\"visibility: hidden;border-bottom: 0px solid; \" data-stretch-type=\"full\" ><div id=\"pgc-166-1-0\"  class=\"panel-grid-cell\" ><div id=\"panel-166-1-0-0\" class=\"so-panel widget widget_black-studio-tinymce widget_black_studio_tinymce panel-first-child panel-last-child\" data-index=\"1\" ><div class=\"panel-widget-style panel-widget-style-for-166-1-0-0\" ><h3 class=\"widget-title\">Biznesowe aplikacje mobilne<\/h3><div class=\"textwidget\"><div><div style=\"float: left; margin-left: 20px;\"><img loading=\"lazy\" decoding=\"async\" class=\"alignright wp-image-510\" style=\"margin: 0px; padding: 0px; float: right; margin-right: 20px;\" src=\"http:\/\/www.softsimple.pl\/wp-content\/uploads\/mobile-976x1024.png\" alt=\"mobile\" width=\"419\" height=\"440\" srcset=\"https:\/\/www.softsimple.pl\/wp-content\/uploads\/mobile-976x1024.png 976w, https:\/\/www.softsimple.pl\/wp-content\/uploads\/mobile-286x300.png 286w\" sizes=\"auto, (max-width: 419px) 100vw, 419px\" \/><br \/><h3><span style=\"color: #3f77a5;\"><strong>Doskona\u0142e narz\u0119dzie wsparcia biznesu<\/strong><\/span><\/h3><p style=\"text-align: left;\">Rozw\u00f3j biznesu zale\u017cy od wielu czynnik\u00f3w - od dost\u0119pu do informacji przez rozwijanie oferty i gospodarowanie bud\u017cetem po zarz\u0105dzanie relacjami z klientami i partnerami. Na wszystkich tych p\u0142aszczyznach, <span style=\"font-weight: 500;\">aplikacje mobilne \u015bwietnie wpasowuj\u0105 si\u0119 w rol\u0119, jak\u0105 pe\u0142ni oprogramowanie wspieraj\u0105ce przedsi\u0119biorc\u00f3w w rozwijaniu dzia\u0142alno\u015bci.<\/span><\/p><p><br \/> Badanie TNS Mobile Life wykaza\u0142o, \u017ce Polacy coraz cz\u0119\u015bciej korzystaj\u0105 z mobilnych urz\u0105dze\u0144, a to dla przedsi\u0119biorc\u00f3w sygna\u0142, w kt\u00f3rym kierunku powinni rozwija\u0107 swoj\u0105 dzia\u0142alno\u015b\u0107, by prawid\u0142owo reagowa\u0107 na potrzeby odbiorc\u00f3w swoich marek.<\/p><p>\u00a0<\/p><p><strong>Aplikacje mobilne mog\u0105 by\u0107 tak naprawd\u0119 wykorzystane wsz\u0119dzie, gdzie oferuje si\u0119 produkty lub us\u0142ugi, jako doskona\u0142y element marketingowy<\/strong>. Obserwacja obecnych zachowa\u0144 konsument\u00f3w pokazuje, \u017ce g\u0142\u00f3wnym kierunkiem rozwoju biznesu b\u0119dzie marketing mobilny, kt\u00f3ry mo\u017ce sta\u0107 si\u0119 wkr\u00f3tce integralnym elementem strategii wielu przedsi\u0119biorstw funkcjonuj\u0105cych w Polsce.<\/p><\/div><\/div><\/div><\/div><\/div><\/div><\/div><\/div><div id=\"pg-166-2\"  class=\"panel-grid panel-has-style\" ><div class=\"siteorigin-panels-stretch kt-panel-row-stretch panel-widget-style panel-row-style panel-row-style-for-166-2\" style=\"visibility: hidden;border-bottom: 0px solid; \" data-stretch-type=\"full\" ><div id=\"pgc-166-2-0\"  class=\"panel-grid-cell\" ><div id=\"panel-166-2-0-0\" class=\"so-panel widget widget_black-studio-tinymce widget_black_studio_tinymce panel-first-child panel-last-child\" data-index=\"2\" ><div class=\"panel-widget-style panel-widget-style-for-166-2-0-0\" ><h3 class=\"widget-title\">Co Pa\u0144stwo zyskuj\u0105 dzi\u0119ki naszej us\u0142udze?<\/h3><div class=\"textwidget\"><h3 style=\"text-align: center;\"><img loading=\"lazy\" decoding=\"async\" class=\"aligncenter wp-image-517\" src=\"http:\/\/www.softsimple.pl\/wp-content\/uploads\/Infografika-korzy\u015bci-aplikacje-mobilne-1024x569.png\" alt=\"Infografika - korzy\u015bci - aplikacje mobilne\" width=\"900\" height=\"500\" srcset=\"https:\/\/www.softsimple.pl\/wp-content\/uploads\/Infografika-korzy\u015bci-aplikacje-mobilne-1024x569.png 1024w, https:\/\/www.softsimple.pl\/wp-content\/uploads\/Infografika-korzy\u015bci-aplikacje-mobilne-300x167.png 300w\" sizes=\"auto, (max-width: 900px) 100vw, 900px\" \/><\/h3><\/div><\/div><\/div><\/div><\/div><\/div><div id=\"pg-166-3\"  class=\"panel-grid panel-has-style\" ><div class=\"siteorigin-panels-stretch kt-panel-row-stretch panel-widget-style panel-row-style panel-row-style-for-166-3\" style=\"visibility: hidden;border-top-color: #ffffff; \" data-stretch-type=\"full\" ><div id=\"pgc-166-3-0\"  class=\"panel-grid-cell\" ><div id=\"panel-166-3-0-0\" class=\"so-panel widget widget_black-studio-tinymce widget_black_studio_tinymce panel-first-child panel-last-child\" data-index=\"3\" ><div class=\"panel-widget-style panel-widget-style-for-166-3-0-0\" ><h3 class=\"widget-title\">Jak wygl\u0105da nasza praca?<\/h3><div class=\"textwidget\"><p style=\"text-align: center;\"><span class=\"linki\">Rozpoczynaj\u0105c prac\u0119 nad ka\u017cdym projektem biznesowej aplikacji mobilnej, wnikliwie analizujemy potrzeby klienta oraz oczekiwania stawiane przed nowym oprogramowaniem. Zawsze staramy si\u0119 jak najlepiej dobra\u0107 odpowiednie rozwi\u0105zanie bazuj\u0105c na funkcjonalno\u015bci opisanej przez klienta.<\/span><\/p><p style=\"text-align: center;\">Wszystkie aplikacje dedykowane klientowi optymalizujemy pod k\u0105tem poprawno\u015bci kodu, szybko\u015bci \u0142adowania oraz przeprowadzamy testy sprawdzaj\u0105ce poprawno\u015b\u0107 dzia\u0142ania aplikacji, co gwarantuje klientowi odbi\u00f3r dobrze wykonanej us\u0142ugi.<\/p><p style=\"text-align: center;\"><strong>Biznesowe aplikacje mobilne projektujemy na najpopularniejsze w\u015br\u00f3d u\u017cytkownik\u00f3w systemy operacyjne:<\/strong><\/p><table><tbody><tr><th><img loading=\"lazy\" decoding=\"async\" class=\"size-medium wp-image-1166 aligncenter\" src=\"http:\/\/www.softsimple.pl\/wp-content\/uploads\/android-300x169.jpg\" alt=\"\" width=\"300\" height=\"169\" srcset=\"https:\/\/www.softsimple.pl\/wp-content\/uploads\/android-300x169.jpg 300w, https:\/\/www.softsimple.pl\/wp-content\/uploads\/android-768x432.jpg 768w, https:\/\/www.softsimple.pl\/wp-content\/uploads\/android-1024x576.jpg 1024w, https:\/\/www.softsimple.pl\/wp-content\/uploads\/android.jpg 1920w\" sizes=\"auto, (max-width: 300px) 100vw, 300px\" \/><\/th><th><img loading=\"lazy\" decoding=\"async\" class=\"size-medium wp-image-1167 aligncenter\" src=\"http:\/\/www.softsimple.pl\/wp-content\/uploads\/apple-iOS-300x146.png\" alt=\"\" width=\"300\" height=\"146\" srcset=\"https:\/\/www.softsimple.pl\/wp-content\/uploads\/apple-iOS-300x146.png 300w, https:\/\/www.softsimple.pl\/wp-content\/uploads\/apple-iOS-768x374.png 768w, https:\/\/www.softsimple.pl\/wp-content\/uploads\/apple-iOS-1024x499.png 1024w\" sizes=\"auto, (max-width: 300px) 100vw, 300px\" \/>\u00a0<\/th><th>\u00a0<img loading=\"lazy\" decoding=\"async\" class=\"aligncenter size-medium wp-image-1168\" src=\"http:\/\/www.softsimple.pl\/wp-content\/uploads\/Windows_10_logo-300x58.png\" alt=\"\" width=\"300\" height=\"58\" srcset=\"https:\/\/www.softsimple.pl\/wp-content\/uploads\/Windows_10_logo-300x58.png 300w, https:\/\/www.softsimple.pl\/wp-content\/uploads\/Windows_10_logo-768x149.png 768w, https:\/\/www.softsimple.pl\/wp-content\/uploads\/Windows_10_logo-1024x199.png 1024w\" sizes=\"auto, (max-width: 300px) 100vw, 300px\" \/><\/th><\/tr><\/tbody><\/table><\/div><\/div><\/div><\/div><\/div><\/div><div id=\"pg-166-4\"  class=\"panel-grid panel-has-style\" ><div class=\"siteorigin-panels-stretch kt-panel-row-stretch panel-widget-style panel-row-style panel-row-style-for-166-4\" style=\"visibility: hidden;border-top-color: #ffffff; \" data-stretch-type=\"full\" ><div id=\"pgc-166-4-0\"  class=\"panel-grid-cell\" ><div id=\"panel-166-4-0-0\" class=\"so-panel widget widget_black-studio-tinymce widget_black_studio_tinymce panel-first-child panel-last-child\" data-index=\"4\" ><h3 class=\"widget-title\">Wykorzystywane technologie<\/h3><div class=\"textwidget\"><p style=\"text-align: center;\"><span class=\"linki\">Ci\u0105gle poszerzamy swoj\u0105 wiedz\u0119 oraz do\u015bwiadczenie w zakresie realizacji niezawodnych aplikacji mobilnych. Wi\u0119kszo\u015b\u0107 biznesowych aplikacji mobilnych projektujemy za pomoc\u0105 jednej z <strong>najnowocze\u015bniejszych i najbardziej rozbudowanych technologii firmy Microsoft XAMARIN oraz fremeworka ANGULAR <\/strong>w najnowszych wersjach co sprawia, \u017ce nasze aplikacje cechuje pi\u0119kno wykonania, wydajno\u015b\u0107 i niezawodno\u015b\u0107.<\/span><\/p>\n&nbsp;\n<table style=\"width: 70%;\" align=\"center\">\n<tbody>\n<tr>\n<th><img loading=\"lazy\" decoding=\"async\" class=\"aligncenter size-medium wp-image-1173\" src=\"http:\/\/www.softsimple.pl\/wp-content\/uploads\/b8b1d3531de3236e24246a2bc3e725-300x81.png\" alt=\"\" width=\"300\" height=\"81\" srcset=\"https:\/\/www.softsimple.pl\/wp-content\/uploads\/b8b1d3531de3236e24246a2bc3e725-300x81.png 300w, https:\/\/www.softsimple.pl\/wp-content\/uploads\/b8b1d3531de3236e24246a2bc3e725-768x208.png 768w, https:\/\/www.softsimple.pl\/wp-content\/uploads\/b8b1d3531de3236e24246a2bc3e725-1024x277.png 1024w, https:\/\/www.softsimple.pl\/wp-content\/uploads\/b8b1d3531de3236e24246a2bc3e725.png 1434w\" sizes=\"auto, (max-width: 300px) 100vw, 300px\" \/><\/th>\n<th><img loading=\"lazy\" decoding=\"async\" class=\"aligncenter size-medium wp-image-1174\" src=\"http:\/\/www.softsimple.pl\/wp-content\/uploads\/angular-card-300x150.png\" alt=\"\" width=\"300\" height=\"150\" srcset=\"https:\/\/www.softsimple.pl\/wp-content\/uploads\/angular-card-300x150.png 300w, https:\/\/www.softsimple.pl\/wp-content\/uploads\/angular-card.png 480w\" sizes=\"auto, (max-width: 300px) 100vw, 300px\" \/><\/th>\n<\/tr>\n<\/tbody>\n<\/table><\/div><\/div><\/div><\/div><\/div><\/div>","protected":false},"excerpt":{"rendered":"<p>Doskona\u0142e narz\u0119dzie wsparcia biznesuRozw\u00f3j biznesu zale\u017cy od wielu czynnik\u00f3w &#8211; od dost\u0119pu do informacji przez rozwijanie oferty i gospodarowanie bud\u017cetem po zarz\u0105dzanie relacjami z klientami i partnerami. Na wszystkich tych p\u0142aszczyznach, aplikacje mobilne \u015bwietnie wpasowuj\u0105 si\u0119 w rol\u0119, jak\u0105 pe\u0142ni &hellip; <a href=\"https:\/\/www.softsimple.pl\/en\/uslugi\/aplikacje-mobilne\/\">Czytaj wi\u0119cej<\/a><\/p>\n","protected":false},"author":1,"featured_media":0,"parent":114,"menu_order":0,"comment_status":"open","ping_status":"open","template":"","meta":{"_acf_changed":false,"kt_blocks_editor_width":"","_exactmetrics_skip_tracking":false,"_exactmetrics_sitenote_active":false,"_exactmetrics_sitenote_note":"","_exactmetrics_sitenote_category":0,"footnotes":""},"class_list":["post-166","page","type-page","status-publish","hentry"],"acf":[],"yoast_head":"<!-- This site is optimized with the Yoast SEO plugin v25.4 - https:\/\/yoast.com\/wordpress\/plugins\/seo\/ -->\n<title>Mobile applications - SoftSimple<\/title>\n<meta name=\"description\" content=\"Biznesowe aplikacje mobilne, zaprojektowanie i zbudowane przez SoftSimple, \u015bwietnie wpasowuj\u0105 si\u0119 w rol\u0119, jak\u0105 pe\u0142ni oprogramowanie wspieraj\u0105ce przedsi\u0119biorc\u00f3w w rozwijaniu swoich dzia\u0142alno\u015bci.\" \/>\n<meta name=\"robots\" content=\"index, follow, max-snippet:-1, max-image-preview:large, max-video-preview:-1\" \/>\n<link rel=\"canonical\" href=\"https:\/\/www.softsimple.pl\/uslugi\/aplikacje-mobilne\/\" \/>\n<meta property=\"og:locale\" content=\"en_US\" \/>\n<meta property=\"og:type\" content=\"article\" \/>\n<meta property=\"og:title\" content=\"[:en]Mobile applications[:pl]Aplikacje mobilne[:] - SoftSimple\" \/>\n<meta property=\"og:description\" content=\"Biznesowe aplikacje mobilne, zaprojektowanie i zbudowane przez SoftSimple, \u015bwietnie wpasowuj\u0105 si\u0119 w rol\u0119, jak\u0105 pe\u0142ni oprogramowanie wspieraj\u0105ce przedsi\u0119biorc\u00f3w w rozwijaniu swoich dzia\u0142alno\u015bci.\" \/>\n<meta property=\"og:url\" content=\"https:\/\/www.softsimple.pl\/uslugi\/aplikacje-mobilne\/\" \/>\n<meta property=\"og:site_name\" content=\"SoftSimple\" \/>\n<meta property=\"article:modified_time\" content=\"2018-01-02T15:37:14+00:00\" \/>\n<meta property=\"og:image\" content=\"http:\/\/www.softsimple.pl\/wp-content\/uploads\/mobile-976x1024.png\" \/>\n<meta name=\"twitter:label1\" content=\"Est. reading time\" \/>\n\t<meta name=\"twitter:data1\" content=\"2 minutes\" \/>\n<script type=\"application\/ld+json\" class=\"yoast-schema-graph\">{\"@context\":\"https:\/\/schema.org\",\"@graph\":[{\"@type\":\"WebPage\",\"@id\":\"https:\/\/www.softsimple.pl\/uslugi\/aplikacje-mobilne\/\",\"url\":\"https:\/\/www.softsimple.pl\/uslugi\/aplikacje-mobilne\/\",\"name\":\"[:en]Mobile applications[:pl]Aplikacje mobilne[:] - SoftSimple\",\"isPartOf\":{\"@id\":\"https:\/\/www.softsimple.pl\/#website\"},\"primaryImageOfPage\":{\"@id\":\"https:\/\/www.softsimple.pl\/uslugi\/aplikacje-mobilne\/#primaryimage\"},\"image\":{\"@id\":\"https:\/\/www.softsimple.pl\/uslugi\/aplikacje-mobilne\/#primaryimage\"},\"thumbnailUrl\":\"http:\/\/www.softsimple.pl\/wp-content\/uploads\/mobile-976x1024.png\",\"datePublished\":\"2015-03-21T06:35:31+00:00\",\"dateModified\":\"2018-01-02T15:37:14+00:00\",\"description\":\"Biznesowe aplikacje mobilne, zaprojektowanie i zbudowane przez SoftSimple, \u015bwietnie wpasowuj\u0105 si\u0119 w rol\u0119, jak\u0105 pe\u0142ni oprogramowanie wspieraj\u0105ce przedsi\u0119biorc\u00f3w w rozwijaniu swoich dzia\u0142alno\u015bci.\",\"breadcrumb\":{\"@id\":\"https:\/\/www.softsimple.pl\/uslugi\/aplikacje-mobilne\/#breadcrumb\"},\"inLanguage\":\"en-US\",\"potentialAction\":[{\"@type\":\"ReadAction\",\"target\":[\"https:\/\/www.softsimple.pl\/uslugi\/aplikacje-mobilne\/\"]}]},{\"@type\":\"ImageObject\",\"inLanguage\":\"en-US\",\"@id\":\"https:\/\/www.softsimple.pl\/uslugi\/aplikacje-mobilne\/#primaryimage\",\"url\":\"http:\/\/www.softsimple.pl\/wp-content\/uploads\/mobile-976x1024.png\",\"contentUrl\":\"http:\/\/www.softsimple.pl\/wp-content\/uploads\/mobile-976x1024.png\"},{\"@type\":\"BreadcrumbList\",\"@id\":\"https:\/\/www.softsimple.pl\/uslugi\/aplikacje-mobilne\/#breadcrumb\",\"itemListElement\":[{\"@type\":\"ListItem\",\"position\":1,\"name\":\"Strona g\u0142\u00f3wna\",\"item\":\"https:\/\/www.softsimple.pl\/\"},{\"@type\":\"ListItem\",\"position\":2,\"name\":\"Us\u0142ugi\",\"item\":\"https:\/\/www.softsimple.pl\/uslugi\/\"},{\"@type\":\"ListItem\",\"position\":3,\"name\":\"Aplikacje mobilne\"}]},{\"@type\":\"WebSite\",\"@id\":\"https:\/\/www.softsimple.pl\/#website\",\"url\":\"https:\/\/www.softsimple.pl\/\",\"name\":\"SoftSimple\",\"description\":\"\",\"potentialAction\":[{\"@type\":\"SearchAction\",\"target\":{\"@type\":\"EntryPoint\",\"urlTemplate\":\"https:\/\/www.softsimple.pl\/?s={search_term_string}\"},\"query-input\":{\"@type\":\"PropertyValueSpecification\",\"valueRequired\":true,\"valueName\":\"search_term_string\"}}],\"inLanguage\":\"en-US\"}]}<\/script>\n<!-- \/ Yoast SEO plugin. -->","yoast_head_json":{"title":"[:en]Mobile applications[:pl]Aplikacje mobilne[:] - SoftSimple","description":"Biznesowe aplikacje mobilne, zaprojektowanie i zbudowane przez SoftSimple, \u015bwietnie wpasowuj\u0105 si\u0119 w rol\u0119, jak\u0105 pe\u0142ni oprogramowanie wspieraj\u0105ce przedsi\u0119biorc\u00f3w w rozwijaniu swoich dzia\u0142alno\u015bci.","robots":{"index":"index","follow":"follow","max-snippet":"max-snippet:-1","max-image-preview":"max-image-preview:large","max-video-preview":"max-video-preview:-1"},"canonical":"https:\/\/www.softsimple.pl\/uslugi\/aplikacje-mobilne\/","og_locale":"en_US","og_type":"article","og_title":"[:en]Mobile applications[:pl]Aplikacje mobilne[:] - SoftSimple","og_description":"Biznesowe aplikacje mobilne, zaprojektowanie i zbudowane przez SoftSimple, \u015bwietnie wpasowuj\u0105 si\u0119 w rol\u0119, jak\u0105 pe\u0142ni oprogramowanie wspieraj\u0105ce przedsi\u0119biorc\u00f3w w rozwijaniu swoich dzia\u0142alno\u015bci.","og_url":"https:\/\/www.softsimple.pl\/uslugi\/aplikacje-mobilne\/","og_site_name":"SoftSimple","article_modified_time":"2018-01-02T15:37:14+00:00","og_image":[{"url":"http:\/\/www.softsimple.pl\/wp-content\/uploads\/mobile-976x1024.png","type":"","width":"","height":""}],"twitter_misc":{"Est. reading time":"2 minutes"},"schema":{"@context":"https:\/\/schema.org","@graph":[{"@type":"WebPage","@id":"https:\/\/www.softsimple.pl\/uslugi\/aplikacje-mobilne\/","url":"https:\/\/www.softsimple.pl\/uslugi\/aplikacje-mobilne\/","name":"[:en]Mobile applications[:pl]Aplikacje mobilne[:] - SoftSimple","isPartOf":{"@id":"https:\/\/www.softsimple.pl\/#website"},"primaryImageOfPage":{"@id":"https:\/\/www.softsimple.pl\/uslugi\/aplikacje-mobilne\/#primaryimage"},"image":{"@id":"https:\/\/www.softsimple.pl\/uslugi\/aplikacje-mobilne\/#primaryimage"},"thumbnailUrl":"http:\/\/www.softsimple.pl\/wp-content\/uploads\/mobile-976x1024.png","datePublished":"2015-03-21T06:35:31+00:00","dateModified":"2018-01-02T15:37:14+00:00","description":"Biznesowe aplikacje mobilne, zaprojektowanie i zbudowane przez SoftSimple, \u015bwietnie wpasowuj\u0105 si\u0119 w rol\u0119, jak\u0105 pe\u0142ni oprogramowanie wspieraj\u0105ce przedsi\u0119biorc\u00f3w w rozwijaniu swoich dzia\u0142alno\u015bci.","breadcrumb":{"@id":"https:\/\/www.softsimple.pl\/uslugi\/aplikacje-mobilne\/#breadcrumb"},"inLanguage":"en-US","potentialAction":[{"@type":"ReadAction","target":["https:\/\/www.softsimple.pl\/uslugi\/aplikacje-mobilne\/"]}]},{"@type":"ImageObject","inLanguage":"en-US","@id":"https:\/\/www.softsimple.pl\/uslugi\/aplikacje-mobilne\/#primaryimage","url":"http:\/\/www.softsimple.pl\/wp-content\/uploads\/mobile-976x1024.png","contentUrl":"http:\/\/www.softsimple.pl\/wp-content\/uploads\/mobile-976x1024.png"},{"@type":"BreadcrumbList","@id":"https:\/\/www.softsimple.pl\/uslugi\/aplikacje-mobilne\/#breadcrumb","itemListElement":[{"@type":"ListItem","position":1,"name":"Strona g\u0142\u00f3wna","item":"https:\/\/www.softsimple.pl\/"},{"@type":"ListItem","position":2,"name":"Us\u0142ugi","item":"https:\/\/www.softsimple.pl\/uslugi\/"},{"@type":"ListItem","position":3,"name":"Aplikacje mobilne"}]},{"@type":"WebSite","@id":"https:\/\/www.softsimple.pl\/#website","url":"https:\/\/www.softsimple.pl\/","name":"SoftSimple","description":"","potentialAction":[{"@type":"SearchAction","target":{"@type":"EntryPoint","urlTemplate":"https:\/\/www.softsimple.pl\/?s={search_term_string}"},"query-input":{"@type":"PropertyValueSpecification","valueRequired":true,"valueName":"search_term_string"}}],"inLanguage":"en-US"}]}},"_links":{"self":[{"href":"https:\/\/www.softsimple.pl\/en\/wp-json\/wp\/v2\/pages\/166","targetHints":{"allow":["GET"]}}],"collection":[{"href":"https:\/\/www.softsimple.pl\/en\/wp-json\/wp\/v2\/pages"}],"about":[{"href":"https:\/\/www.softsimple.pl\/en\/wp-json\/wp\/v2\/types\/page"}],"author":[{"embeddable":true,"href":"https:\/\/www.softsimple.pl\/en\/wp-json\/wp\/v2\/users\/1"}],"replies":[{"embeddable":true,"href":"https:\/\/www.softsimple.pl\/en\/wp-json\/wp\/v2\/comments?post=166"}],"version-history":[{"count":33,"href":"https:\/\/www.softsimple.pl\/en\/wp-json\/wp\/v2\/pages\/166\/revisions"}],"predecessor-version":[{"id":1215,"href":"https:\/\/www.softsimple.pl\/en\/wp-json\/wp\/v2\/pages\/166\/revisions\/1215"}],"up":[{"embeddable":true,"href":"https:\/\/www.softsimple.pl\/en\/wp-json\/wp\/v2\/pages\/114"}],"wp:attachment":[{"href":"https:\/\/www.softsimple.pl\/en\/wp-json\/wp\/v2\/media?parent=166"}],"curies":[{"name":"wp","href":"https:\/\/api.w.org\/{rel}","templated":true}]}}