{"id":168,"date":"2015-03-21T07:36:03","date_gmt":"2015-03-21T06:36:03","guid":{"rendered":"http:\/\/www.softsimple.pl\/?page_id=168"},"modified":"2018-01-02T14:42:27","modified_gmt":"2018-01-02T13:42:27","slug":"outsourcing-it","status":"publish","type":"page","link":"https:\/\/www.softsimple.pl\/en\/uslugi\/outsourcing-it\/","title":{"rendered":"Outsourcing IT"},"content":{"rendered":"<div id=\"pl-168\"  class=\"panel-layout\" ><div id=\"pg-168-0\"  class=\"panel-grid panel-has-style\" ><div class=\"siteorigin-panels-stretch kt-panel-row-stretch panel-widget-style panel-row-style panel-row-style-for-168-0\" style=\"visibility: hidden;\" data-stretch-type=\"full\" ><div id=\"pgc-168-0-0\"  class=\"panel-grid-cell\" ><div id=\"panel-168-0-0-0\" class=\"so-panel widget widget_siteorigin-panels-builder panel-first-child panel-last-child\" data-index=\"0\" ><div id=\"pl-w565e23fd6018b\"  class=\"panel-layout\" ><div id=\"pg-w565e23fd6018b-0\"  class=\"panel-grid panel-has-style\" ><div class=\"siteorigin-panels-stretch kt-panel-row-stretch panel-widget-style panel-row-style panel-row-style-for-w565e23fd6018b-0\" style=\"visibility: hidden;\" data-stretch-type=\"full\" ><div id=\"pgc-w565e23fd6018b-0-0\"  class=\"panel-grid-cell panel-grid-cell-empty\" ><\/div><div id=\"pgc-w565e23fd6018b-0-1\"  class=\"panel-grid-cell\" ><div id=\"panel-w565e23fd6018b-0-1-0\" class=\"so-panel widget widget_black-studio-tinymce widget_black_studio_tinymce panel-first-child panel-last-child\" data-index=\"0\" ><div class=\"textwidget\"><a href=\"http:\/\/www.softsimple.pl\/uslugi\/aplikacje-internetowe\/\" target=\"_self\" class=\"kad-icon-box-64 kad-icon-box\"><i class=\"kt-icon-laptop\" style=\"color:#ffffff\"><\/i>\n<p>WEB applications\n<\/p>\n<\/a><style type=\"text\/css\" media=\"screen\">.kad-icon-box-64 i, .kad-icon-box-64 h4:after  {background:#444444;} .kad-icon-box-64, .kad-icon-box-64 h1, .kad-icon-box-64 h2, .kad-icon-box-64 h3, .kad-icon-box-64 h4, .kad-icon-box-64 h5 {color:#444444 !important;} .kad-icon-box-64:hover i, .kad-icon-box-64:hover h4:after {background:;}<\/style><\/div><\/div><\/div><div id=\"pgc-w565e23fd6018b-0-2\"  class=\"panel-grid-cell\" ><div id=\"panel-w565e23fd6018b-0-2-0\" class=\"so-panel widget widget_black-studio-tinymce widget_black_studio_tinymce panel-first-child panel-last-child\" data-index=\"1\" ><div class=\"textwidget\"><a href=\"http:\/\/www.softsimple.pl\/uslugi\/aplikacje-mobilne\/\" target=\"_self\" class=\"kad-icon-box-31 kad-icon-box\"><i class=\"kt-icon-mobile\" style=\"color:#ffffff\"><\/i>\n\n<p>Mobile applications<\/p>\n\n<\/a><style type=\"text\/css\" media=\"screen\">.kad-icon-box-31 i, .kad-icon-box-31 h4:after  {background:#444444;} .kad-icon-box-31, .kad-icon-box-31 h1, .kad-icon-box-31 h2, .kad-icon-box-31 h3, .kad-icon-box-31 h4, .kad-icon-box-31 h5 {color:#444444 !important;} .kad-icon-box-31:hover i, .kad-icon-box-31:hover h4:after {background:;}<\/style><\/div><\/div><\/div><div id=\"pgc-w565e23fd6018b-0-3\"  class=\"panel-grid-cell\" ><div id=\"panel-w565e23fd6018b-0-3-0\" class=\"so-panel widget widget_black-studio-tinymce widget_black_studio_tinymce panel-first-child panel-last-child\" data-index=\"2\" ><div class=\"textwidget\"><a href=\"http:\/\/www.softsimple.pl\/uslugi\/outsourcing-it\/\" target=\"_self\" class=\"kad-icon-box-16 kad-icon-box\"><i class=\"kt-icon-paperplane2\" style=\"color:#ffffff\"><\/i>\n\n<p>IT Outsourcing<\/p>\n\n<\/a><style type=\"text\/css\" media=\"screen\">.kad-icon-box-16 i, .kad-icon-box-16 h4:after  {background:#444444;} .kad-icon-box-16, .kad-icon-box-16 h1, .kad-icon-box-16 h2, .kad-icon-box-16 h3, .kad-icon-box-16 h4, .kad-icon-box-16 h5 {color:#444444 !important;} .kad-icon-box-16:hover i, .kad-icon-box-16:hover h4:after {background:;}<\/style><\/div><\/div><\/div><div id=\"pgc-w565e23fd6018b-0-4\"  class=\"panel-grid-cell panel-grid-cell-mobile-last\" ><div id=\"panel-w565e23fd6018b-0-4-0\" class=\"so-panel widget widget_black-studio-tinymce widget_black_studio_tinymce panel-first-child panel-last-child\" data-index=\"3\" ><div class=\"textwidget\"><a href=\"http:\/\/www.softsimple.pl\/uslugi\/doradztwo-informatyczne\/\" target=\"_self\" class=\"kad-icon-box-52 kad-icon-box\"><i class=\"kt-icon-bubbles\" style=\"color:#ffffff\"><\/i>\n\n<p>IT Consulting<\/p>\n\n<\/a><style type=\"text\/css\" media=\"screen\">.kad-icon-box-52 i, .kad-icon-box-52 h4:after  {background:#444444;} .kad-icon-box-52, .kad-icon-box-52 h1, .kad-icon-box-52 h2, .kad-icon-box-52 h3, .kad-icon-box-52 h4, .kad-icon-box-52 h5 {color:#444444 !important;} .kad-icon-box-52:hover i, .kad-icon-box-52:hover h4:after {background:;}<\/style><\/div><\/div><\/div><div id=\"pgc-w565e23fd6018b-0-5\"  class=\"panel-grid-cell panel-grid-cell-empty\" ><\/div><\/div><\/div><\/div><\/div><\/div><\/div><\/div><div id=\"pg-168-1\"  class=\"panel-grid panel-has-style\" ><div class=\"siteorigin-panels-stretch kt-panel-row-stretch panel-widget-style panel-row-style panel-row-style-for-168-1\" style=\"visibility: hidden;border-bottom: 0px solid; \" data-stretch-type=\"full\" ><div id=\"pgc-168-1-0\"  class=\"panel-grid-cell\" ><div id=\"panel-168-1-0-0\" class=\"so-panel widget widget_black-studio-tinymce widget_black_studio_tinymce panel-first-child panel-last-child\" data-index=\"1\" ><div class=\"panel-widget-style panel-widget-style-for-168-1-0-0\" ><h3 class=\"widget-title\">Co dwie g\u0142owy, to nie jedna<\/h3><div class=\"textwidget\"><img loading=\"lazy\" decoding=\"async\" class=\"alignright wp-image-510\" style=\"margin: 0px; padding: 0px; float: right; margin-right: 20px; margin-left: 20px;\" src=\"http:\/\/www.softsimple.pl\/wp-content\/uploads\/Beznazwy-1.png\" alt=\"outsorcing-it\" width=\"419\" height=\"440\" \/>\n<h3 style=\"margin-top: 20px; margin-bottom: 30px;\"><span style=\"color: #3f77a5;\"><strong>Milowy krok do optymalizacji koszt\u00f3w Twojej firmy<\/strong><\/span><\/h3>\n<p style=\"text-align: left; margin-bottom: 20px;\">Outsourcing us\u0142ug informatycznych to powierzenie zewn\u0119trznej firmie zadania zwi\u0105zanego z obs\u0142ug\u0105 informatyczn\u0105. M\u00f3wi\u0105c pro\u015bciej, outsourcing IT polega na zatrudnieniu innej firmy i zleceniu jej pracy nad wybranym aspektem zwi\u0105zanym z dzia\u0142alno\u015bci\u0105 Twojego przedsi\u0119biorstwa.<\/p>\n<strong style=\"margin-top: 30px; margin-bottom: 20px;\">Korzystaj\u0105c z us\u0142ug outsourcingowych przede wszystkim masz pewno\u015b\u0107, \u017ce to specjali\u015bci zajmuj\u0105 si\u0119 dziedzin\u0105, w kt\u00f3rej Twoje przedsi\u0119biorstwo nie jest do ko\u0144ca bieg\u0142e. Co wi\u0119cej, zwi\u0119kszasz przez to swoje przychody, przy znacznym zminimalizowaniu koszt\u00f3w operacyjnych przeznaczonych na swoj\u0105 dzia\u0142alno\u015b\u0107.<\/strong>.\n\n<p style=\"margin-top: 30px;\">Ponadto jeste\u015bmy zobowi\u0105zani do zachowania poufno\u015bci informacji i danych naszych klient\u00f3w.<\/p><\/div><\/div><\/div><\/div><\/div><\/div><div id=\"pg-168-2\"  class=\"panel-grid panel-has-style\" ><div class=\"siteorigin-panels-stretch kt-panel-row-stretch panel-widget-style panel-row-style panel-row-style-for-168-2\" style=\"visibility: hidden;border-bottom: 0px solid; \" data-stretch-type=\"full\" ><div id=\"pgc-168-2-0\"  class=\"panel-grid-cell\" ><div id=\"panel-168-2-0-0\" class=\"so-panel widget widget_black-studio-tinymce widget_black_studio_tinymce panel-first-child panel-last-child\" data-index=\"2\" ><div class=\"panel-widget-style panel-widget-style-for-168-2-0-0\" ><h3 class=\"widget-title\">Nasze umiej\u0119tno\u015bci<\/h3><div class=\"textwidget\"><p><img loading=\"lazy\" decoding=\"async\" class=\"aligncenter wp-image-926 size-large\" src=\"http:\/\/www.softsimple.pl\/wp-content\/uploads\/Outsourcing-umiej\u0119tno\u015bci-1024x536.png\" alt=\"Outsourcing - umiej\u0119tno\u015bci\" width=\"940\" height=\"492\" srcset=\"https:\/\/www.softsimple.pl\/wp-content\/uploads\/Outsourcing-umiej\u0119tno\u015bci-1024x536.png 1024w, https:\/\/www.softsimple.pl\/wp-content\/uploads\/Outsourcing-umiej\u0119tno\u015bci-300x157.png 300w\" sizes=\"auto, (max-width: 940px) 100vw, 940px\" \/><\/p><\/div><\/div><\/div><\/div><\/div><\/div><div id=\"pg-168-3\"  class=\"panel-grid panel-has-style\" ><div class=\"siteorigin-panels-stretch kt-panel-row-stretch panel-widget-style panel-row-style panel-row-style-for-168-3\" style=\"visibility: hidden;border-top-color: #ffffff; \" data-stretch-type=\"full\" ><div id=\"pgc-168-3-0\"  class=\"panel-grid-cell\" ><div id=\"panel-168-3-0-0\" class=\"so-panel widget widget_black-studio-tinymce widget_black_studio_tinymce panel-first-child panel-last-child\" data-index=\"3\" ><h3 class=\"widget-title\">Dlaczego outsourcing IT si\u0119 op\u0142aca?<\/h3><div class=\"textwidget\"><p style=\"text-align: center;\"><strong>G\u0142\u00f3wne argumenty przemawiaj\u0105ce za outsourcingiem IT to: redukcja koszt\u00f3w, dost\u0119p do specjalistycznej wiedzy, oszcz\u0119dno\u015b\u0107 czasu i zasob\u00f3w ludzkich.<\/strong><\/p><p style=\"text-align: center;\">Ponadto otrzymujesz od nas pomoc przez 24 godziny na dob\u0119, 365 dni w roku. Masz pewno\u015b\u0107, \u017ce w razie awarii i nag\u0142ej potrzeby, nasz specjalista przyb\u0119dzie natychmiast po zg\u0142oszeniu w celu za\u017cegnania kryzysu b\u0105d\u017a otrzymasz pomoc zdaln\u0105 (online). Poprzez pomoc zdaln\u0105 przez Internet, jeste\u015bmy w stanie zdiagnozowa\u0107, rozwi\u0105za\u0107 i usun\u0105\u0107 problem programowy na odleg\u0142o\u015b\u0107.<\/p><p style=\"text-align: center;\">Mo\u017cesz zrezygnowa\u0107 z op\u0142acania etatowego informatyka! Czasami taki pracownik nie ma po prostu co robi\u0107, gdy\u017c jego interwencja jest potrzebna sporadycznie.<\/p><p style=\"text-align: center;\">Dbamy r\u00f3wnie\u017c o to, \u017ceby firmowe komputery s\u0142u\u017cy\u0142y pracownikom jak najd\u0142u\u017cej. W razie konieczno\u015bci podstawiamy sprz\u0119t zast\u0119pczy na czas naprawy, odkupujemy stare urz\u0105dzenia przy wymianie oraz przenosimy na dostawc\u0119 sprz\u0119tu koszty utylizacji sprz\u0119tu i materia\u0142\u00f3w eksploatacyjnych.<\/p><p>\u00a0<\/p><p style=\"text-align: center;\"><img loading=\"lazy\" decoding=\"async\" class=\"aligncenter size-full wp-image-1205\" src=\"http:\/\/www.softsimple.pl\/wp-content\/uploads\/Cytat.png\" alt=\"\" width=\"600\" height=\"300\" srcset=\"https:\/\/www.softsimple.pl\/wp-content\/uploads\/Cytat.png 600w, https:\/\/www.softsimple.pl\/wp-content\/uploads\/Cytat-300x150.png 300w\" sizes=\"auto, (max-width: 600px) 100vw, 600px\" \/><\/p><\/div><\/div><\/div><\/div><\/div><\/div>","protected":false},"excerpt":{"rendered":"<p>Milowy krok do optymalizacji koszt\u00f3w Twojej firmy Outsourcing us\u0142ug informatycznych to powierzenie zewn\u0119trznej firmie zadania zwi\u0105zanego z obs\u0142ug\u0105 informatyczn\u0105. M\u00f3wi\u0105c pro\u015bciej, outsourcing IT polega na zatrudnieniu innej firmy i zleceniu jej pracy nad wybranym aspektem zwi\u0105zanym z dzia\u0142alno\u015bci\u0105 Twojego przedsi\u0119biorstwa. &hellip; <a href=\"https:\/\/www.softsimple.pl\/en\/uslugi\/outsourcing-it\/\">Czytaj wi\u0119cej<\/a><\/p>\n","protected":false},"author":1,"featured_media":0,"parent":114,"menu_order":0,"comment_status":"open","ping_status":"open","template":"","meta":{"_acf_changed":false,"kt_blocks_editor_width":"","_exactmetrics_skip_tracking":false,"_exactmetrics_sitenote_active":false,"_exactmetrics_sitenote_note":"","_exactmetrics_sitenote_category":0,"footnotes":""},"class_list":["post-168","page","type-page","status-publish","hentry"],"acf":[],"yoast_head":"<!-- This site is optimized with the Yoast SEO plugin v25.4 - https:\/\/yoast.com\/wordpress\/plugins\/seo\/ -->\n<title>Outsourcing IT - SoftSimple<\/title>\n<meta name=\"description\" content=\"Outsourcing IT w SoftSimple polega na przej\u0119ciu przez naszych specjalist\u00f3w obowi\u0105zk\u00f3w z dziedziny, w kt\u00f3rej Twoje przedsi\u0119biorstwo nie jest do ko\u0144ca bieg\u0142e.\" \/>\n<meta name=\"robots\" content=\"index, follow, max-snippet:-1, max-image-preview:large, max-video-preview:-1\" \/>\n<link rel=\"canonical\" href=\"https:\/\/www.softsimple.pl\/uslugi\/outsourcing-it\/\" \/>\n<meta property=\"og:locale\" content=\"en_US\" \/>\n<meta property=\"og:type\" content=\"article\" \/>\n<meta property=\"og:title\" content=\"Outsourcing IT - SoftSimple\" \/>\n<meta property=\"og:description\" content=\"Outsourcing IT w SoftSimple polega na przej\u0119ciu przez naszych specjalist\u00f3w obowi\u0105zk\u00f3w z dziedziny, w kt\u00f3rej Twoje przedsi\u0119biorstwo nie jest do ko\u0144ca bieg\u0142e.\" \/>\n<meta property=\"og:url\" content=\"https:\/\/www.softsimple.pl\/uslugi\/outsourcing-it\/\" \/>\n<meta property=\"og:site_name\" content=\"SoftSimple\" \/>\n<meta property=\"article:modified_time\" content=\"2018-01-02T13:42:27+00:00\" \/>\n<meta property=\"og:image\" content=\"http:\/\/www.softsimple.pl\/wp-content\/uploads\/Beznazwy-1.png\" \/>\n<meta name=\"twitter:label1\" content=\"Est. reading time\" \/>\n\t<meta name=\"twitter:data1\" content=\"2 minutes\" \/>\n<script type=\"application\/ld+json\" class=\"yoast-schema-graph\">{\"@context\":\"https:\/\/schema.org\",\"@graph\":[{\"@type\":\"WebPage\",\"@id\":\"https:\/\/www.softsimple.pl\/uslugi\/outsourcing-it\/\",\"url\":\"https:\/\/www.softsimple.pl\/uslugi\/outsourcing-it\/\",\"name\":\"Outsourcing IT - SoftSimple\",\"isPartOf\":{\"@id\":\"https:\/\/www.softsimple.pl\/#website\"},\"primaryImageOfPage\":{\"@id\":\"https:\/\/www.softsimple.pl\/uslugi\/outsourcing-it\/#primaryimage\"},\"image\":{\"@id\":\"https:\/\/www.softsimple.pl\/uslugi\/outsourcing-it\/#primaryimage\"},\"thumbnailUrl\":\"http:\/\/www.softsimple.pl\/wp-content\/uploads\/Beznazwy-1.png\",\"datePublished\":\"2015-03-21T06:36:03+00:00\",\"dateModified\":\"2018-01-02T13:42:27+00:00\",\"description\":\"Outsourcing IT w SoftSimple polega na przej\u0119ciu przez naszych specjalist\u00f3w obowi\u0105zk\u00f3w z dziedziny, w kt\u00f3rej Twoje przedsi\u0119biorstwo nie jest do ko\u0144ca bieg\u0142e.\",\"breadcrumb\":{\"@id\":\"https:\/\/www.softsimple.pl\/uslugi\/outsourcing-it\/#breadcrumb\"},\"inLanguage\":\"en-US\",\"potentialAction\":[{\"@type\":\"ReadAction\",\"target\":[\"https:\/\/www.softsimple.pl\/uslugi\/outsourcing-it\/\"]}]},{\"@type\":\"ImageObject\",\"inLanguage\":\"en-US\",\"@id\":\"https:\/\/www.softsimple.pl\/uslugi\/outsourcing-it\/#primaryimage\",\"url\":\"http:\/\/www.softsimple.pl\/wp-content\/uploads\/Beznazwy-1.png\",\"contentUrl\":\"http:\/\/www.softsimple.pl\/wp-content\/uploads\/Beznazwy-1.png\"},{\"@type\":\"BreadcrumbList\",\"@id\":\"https:\/\/www.softsimple.pl\/uslugi\/outsourcing-it\/#breadcrumb\",\"itemListElement\":[{\"@type\":\"ListItem\",\"position\":1,\"name\":\"Strona g\u0142\u00f3wna\",\"item\":\"https:\/\/www.softsimple.pl\/\"},{\"@type\":\"ListItem\",\"position\":2,\"name\":\"Us\u0142ugi\",\"item\":\"https:\/\/www.softsimple.pl\/uslugi\/\"},{\"@type\":\"ListItem\",\"position\":3,\"name\":\"Outsourcing IT\"}]},{\"@type\":\"WebSite\",\"@id\":\"https:\/\/www.softsimple.pl\/#website\",\"url\":\"https:\/\/www.softsimple.pl\/\",\"name\":\"SoftSimple\",\"description\":\"\",\"potentialAction\":[{\"@type\":\"SearchAction\",\"target\":{\"@type\":\"EntryPoint\",\"urlTemplate\":\"https:\/\/www.softsimple.pl\/?s={search_term_string}\"},\"query-input\":{\"@type\":\"PropertyValueSpecification\",\"valueRequired\":true,\"valueName\":\"search_term_string\"}}],\"inLanguage\":\"en-US\"}]}<\/script>\n<!-- \/ Yoast SEO plugin. -->","yoast_head_json":{"title":"Outsourcing IT - SoftSimple","description":"Outsourcing IT w SoftSimple polega na przej\u0119ciu przez naszych specjalist\u00f3w obowi\u0105zk\u00f3w z dziedziny, w kt\u00f3rej Twoje przedsi\u0119biorstwo nie jest do ko\u0144ca bieg\u0142e.","robots":{"index":"index","follow":"follow","max-snippet":"max-snippet:-1","max-image-preview":"max-image-preview:large","max-video-preview":"max-video-preview:-1"},"canonical":"https:\/\/www.softsimple.pl\/uslugi\/outsourcing-it\/","og_locale":"en_US","og_type":"article","og_title":"Outsourcing IT - SoftSimple","og_description":"Outsourcing IT w SoftSimple polega na przej\u0119ciu przez naszych specjalist\u00f3w obowi\u0105zk\u00f3w z dziedziny, w kt\u00f3rej Twoje przedsi\u0119biorstwo nie jest do ko\u0144ca bieg\u0142e.","og_url":"https:\/\/www.softsimple.pl\/uslugi\/outsourcing-it\/","og_site_name":"SoftSimple","article_modified_time":"2018-01-02T13:42:27+00:00","og_image":[{"url":"http:\/\/www.softsimple.pl\/wp-content\/uploads\/Beznazwy-1.png","type":"","width":"","height":""}],"twitter_misc":{"Est. reading time":"2 minutes"},"schema":{"@context":"https:\/\/schema.org","@graph":[{"@type":"WebPage","@id":"https:\/\/www.softsimple.pl\/uslugi\/outsourcing-it\/","url":"https:\/\/www.softsimple.pl\/uslugi\/outsourcing-it\/","name":"Outsourcing IT - SoftSimple","isPartOf":{"@id":"https:\/\/www.softsimple.pl\/#website"},"primaryImageOfPage":{"@id":"https:\/\/www.softsimple.pl\/uslugi\/outsourcing-it\/#primaryimage"},"image":{"@id":"https:\/\/www.softsimple.pl\/uslugi\/outsourcing-it\/#primaryimage"},"thumbnailUrl":"http:\/\/www.softsimple.pl\/wp-content\/uploads\/Beznazwy-1.png","datePublished":"2015-03-21T06:36:03+00:00","dateModified":"2018-01-02T13:42:27+00:00","description":"Outsourcing IT w SoftSimple polega na przej\u0119ciu przez naszych specjalist\u00f3w obowi\u0105zk\u00f3w z dziedziny, w kt\u00f3rej Twoje przedsi\u0119biorstwo nie jest do ko\u0144ca bieg\u0142e.","breadcrumb":{"@id":"https:\/\/www.softsimple.pl\/uslugi\/outsourcing-it\/#breadcrumb"},"inLanguage":"en-US","potentialAction":[{"@type":"ReadAction","target":["https:\/\/www.softsimple.pl\/uslugi\/outsourcing-it\/"]}]},{"@type":"ImageObject","inLanguage":"en-US","@id":"https:\/\/www.softsimple.pl\/uslugi\/outsourcing-it\/#primaryimage","url":"http:\/\/www.softsimple.pl\/wp-content\/uploads\/Beznazwy-1.png","contentUrl":"http:\/\/www.softsimple.pl\/wp-content\/uploads\/Beznazwy-1.png"},{"@type":"BreadcrumbList","@id":"https:\/\/www.softsimple.pl\/uslugi\/outsourcing-it\/#breadcrumb","itemListElement":[{"@type":"ListItem","position":1,"name":"Strona g\u0142\u00f3wna","item":"https:\/\/www.softsimple.pl\/"},{"@type":"ListItem","position":2,"name":"Us\u0142ugi","item":"https:\/\/www.softsimple.pl\/uslugi\/"},{"@type":"ListItem","position":3,"name":"Outsourcing IT"}]},{"@type":"WebSite","@id":"https:\/\/www.softsimple.pl\/#website","url":"https:\/\/www.softsimple.pl\/","name":"SoftSimple","description":"","potentialAction":[{"@type":"SearchAction","target":{"@type":"EntryPoint","urlTemplate":"https:\/\/www.softsimple.pl\/?s={search_term_string}"},"query-input":{"@type":"PropertyValueSpecification","valueRequired":true,"valueName":"search_term_string"}}],"inLanguage":"en-US"}]}},"_links":{"self":[{"href":"https:\/\/www.softsimple.pl\/en\/wp-json\/wp\/v2\/pages\/168","targetHints":{"allow":["GET"]}}],"collection":[{"href":"https:\/\/www.softsimple.pl\/en\/wp-json\/wp\/v2\/pages"}],"about":[{"href":"https:\/\/www.softsimple.pl\/en\/wp-json\/wp\/v2\/types\/page"}],"author":[{"embeddable":true,"href":"https:\/\/www.softsimple.pl\/en\/wp-json\/wp\/v2\/users\/1"}],"replies":[{"embeddable":true,"href":"https:\/\/www.softsimple.pl\/en\/wp-json\/wp\/v2\/comments?post=168"}],"version-history":[{"count":63,"href":"https:\/\/www.softsimple.pl\/en\/wp-json\/wp\/v2\/pages\/168\/revisions"}],"predecessor-version":[{"id":1209,"href":"https:\/\/www.softsimple.pl\/en\/wp-json\/wp\/v2\/pages\/168\/revisions\/1209"}],"up":[{"embeddable":true,"href":"https:\/\/www.softsimple.pl\/en\/wp-json\/wp\/v2\/pages\/114"}],"wp:attachment":[{"href":"https:\/\/www.softsimple.pl\/en\/wp-json\/wp\/v2\/media?parent=168"}],"curies":[{"name":"wp","href":"https:\/\/api.w.org\/{rel}","templated":true}]}}