{"id":172,"date":"2015-03-21T07:37:03","date_gmt":"2015-03-21T06:37:03","guid":{"rendered":"http:\/\/www.softsimple.pl\/?page_id=172"},"modified":"2018-01-02T16:38:21","modified_gmt":"2018-01-02T15:38:21","slug":"doradztwo-informatyczne","status":"publish","type":"page","link":"https:\/\/www.softsimple.pl\/en\/uslugi\/doradztwo-informatyczne\/","title":{"rendered":"IT Consulting"},"content":{"rendered":"<div id=\"pl-172\"  class=\"panel-layout\" ><div id=\"pg-172-0\"  class=\"panel-grid panel-has-style\" ><div class=\"siteorigin-panels-stretch kt-panel-row-stretch panel-widget-style panel-row-style panel-row-style-for-172-0\" style=\"visibility: hidden;\" data-stretch-type=\"full\" ><div id=\"pgc-172-0-0\"  class=\"panel-grid-cell\" ><div id=\"panel-172-0-0-0\" class=\"so-panel widget widget_siteorigin-panels-builder panel-first-child panel-last-child\" data-index=\"0\" ><div id=\"pl-w565e28d7e8cad\"  class=\"panel-layout\" ><div id=\"pg-w565e28d7e8cad-0\"  class=\"panel-grid panel-has-style\" ><div class=\"siteorigin-panels-stretch kt-panel-row-stretch panel-widget-style panel-row-style panel-row-style-for-w565e28d7e8cad-0\" style=\"visibility: hidden;\" data-stretch-type=\"full\" ><div id=\"pgc-w565e28d7e8cad-0-0\"  class=\"panel-grid-cell panel-grid-cell-empty\" ><\/div><div id=\"pgc-w565e28d7e8cad-0-1\"  class=\"panel-grid-cell\" ><div id=\"panel-w565e28d7e8cad-0-1-0\" class=\"so-panel widget widget_black-studio-tinymce widget_black_studio_tinymce panel-first-child panel-last-child\" data-index=\"0\" ><div class=\"textwidget\"><a href=\"http:\/\/www.softsimple.pl\/uslugi\/aplikacje-internetowe\/\" target=\"_self\" class=\"kad-icon-box-54 kad-icon-box\"><i class=\"kt-icon-laptop\" style=\"color:#ffffff\"><\/i>\n<p>WEB applications\n<\/p>\n<\/a><style type=\"text\/css\" media=\"screen\">.kad-icon-box-54 i, .kad-icon-box-54 h4:after  {background:#444444;} .kad-icon-box-54, .kad-icon-box-54 h1, .kad-icon-box-54 h2, .kad-icon-box-54 h3, .kad-icon-box-54 h4, .kad-icon-box-54 h5 {color:#444444 !important;} .kad-icon-box-54:hover i, .kad-icon-box-54:hover h4:after {background:;}<\/style><\/div><\/div><\/div><div id=\"pgc-w565e28d7e8cad-0-2\"  class=\"panel-grid-cell\" ><div id=\"panel-w565e28d7e8cad-0-2-0\" class=\"so-panel widget widget_black-studio-tinymce widget_black_studio_tinymce panel-first-child panel-last-child\" data-index=\"1\" ><div class=\"textwidget\"><a href=\"http:\/\/www.softsimple.pl\/uslugi\/aplikacje-mobilne\/\" target=\"_self\" class=\"kad-icon-box-64 kad-icon-box\"><i class=\"kt-icon-mobile\" style=\"color:#ffffff\"><\/i>\n\n<p>Mobile applications<\/p>\n\n<\/a><style type=\"text\/css\" media=\"screen\">.kad-icon-box-64 i, .kad-icon-box-64 h4:after  {background:#444444;} .kad-icon-box-64, .kad-icon-box-64 h1, .kad-icon-box-64 h2, .kad-icon-box-64 h3, .kad-icon-box-64 h4, .kad-icon-box-64 h5 {color:#444444 !important;} .kad-icon-box-64:hover i, .kad-icon-box-64:hover h4:after {background:;}<\/style><\/div><\/div><\/div><div id=\"pgc-w565e28d7e8cad-0-3\"  class=\"panel-grid-cell\" ><div id=\"panel-w565e28d7e8cad-0-3-0\" class=\"so-panel widget widget_black-studio-tinymce widget_black_studio_tinymce panel-first-child panel-last-child\" data-index=\"2\" ><div class=\"textwidget\"><a href=\"http:\/\/www.softsimple.pl\/uslugi\/outsourcing-it\/\" target=\"_self\" class=\"kad-icon-box-26 kad-icon-box\"><i class=\"kt-icon-paperplane2\" style=\"color:#ffffff\"><\/i>\n\n<p>IT Outsourcing<\/p>\n\n<\/a><style type=\"text\/css\" media=\"screen\">.kad-icon-box-26 i, .kad-icon-box-26 h4:after  {background:#444444;} .kad-icon-box-26, .kad-icon-box-26 h1, .kad-icon-box-26 h2, .kad-icon-box-26 h3, .kad-icon-box-26 h4, .kad-icon-box-26 h5 {color:#444444 !important;} .kad-icon-box-26:hover i, .kad-icon-box-26:hover h4:after {background:;}<\/style><\/div><\/div><\/div><div id=\"pgc-w565e28d7e8cad-0-4\"  class=\"panel-grid-cell panel-grid-cell-mobile-last\" ><div id=\"panel-w565e28d7e8cad-0-4-0\" class=\"so-panel widget widget_black-studio-tinymce widget_black_studio_tinymce panel-first-child panel-last-child\" data-index=\"3\" ><div class=\"textwidget\"><a href=\"http:\/\/www.softsimple.pl\/uslugi\/doradztwo-informatyczne\/\" target=\"_self\" class=\"kad-icon-box-32 kad-icon-box\"><i class=\"kt-icon-bubbles\" style=\"color:#ffffff\"><\/i>\n\n<p>IT Consulting<\/p>\n\n<\/a><style type=\"text\/css\" media=\"screen\">.kad-icon-box-32 i, .kad-icon-box-32 h4:after  {background:#444444;} .kad-icon-box-32, .kad-icon-box-32 h1, .kad-icon-box-32 h2, .kad-icon-box-32 h3, .kad-icon-box-32 h4, .kad-icon-box-32 h5 {color:#444444 !important;} .kad-icon-box-32:hover i, .kad-icon-box-32:hover h4:after {background:;}<\/style><\/div><\/div><\/div><div id=\"pgc-w565e28d7e8cad-0-5\"  class=\"panel-grid-cell panel-grid-cell-empty\" ><\/div><\/div><\/div><\/div><\/div><\/div><\/div><\/div><div id=\"pg-172-1\"  class=\"panel-grid panel-has-style\" ><div class=\"siteorigin-panels-stretch kt-panel-row-stretch panel-widget-style panel-row-style panel-row-style-for-172-1\" style=\"visibility: hidden;border-bottom: 0px solid; \" data-stretch-type=\"full\" ><div id=\"pgc-172-1-0\"  class=\"panel-grid-cell\" ><div id=\"panel-172-1-0-0\" class=\"so-panel widget widget_black-studio-tinymce widget_black_studio_tinymce panel-first-child panel-last-child\" data-index=\"1\" ><div class=\"panel-widget-style panel-widget-style-for-172-1-0-0\" ><h3 class=\"widget-title\">Konsulting i szkolenia IT<\/h3><div class=\"textwidget\"><blockquote><p style=\"text-align: left;\"><em>\u201eKa\u017cdy cz\u0142owiek, cho\u0107by nie wiem jak m\u0105dry, potrzebuje w \u017cyciu rady roztropnego przyjaciela\u201d - Platon<\/em><\/p><\/blockquote><p style=\"text-align: center;\">Zajmujemy si\u0119 dobieraniem optymalnych rozwi\u0105za\u0144 informatycznych i koordynacj\u0105 ich wdro\u017ce\u0144. Pomo\u017cemy Ci si\u0119 przebi\u0107 przez g\u0105szcz informacji i licznych producent\u00f3w, wybierzemy odpowiedni sprz\u0119t, dopasujemy oprogramowanie oraz sprawimy nadz\u00f3r nad prawid\u0142ow\u0105 instalacj\u0105 rozwi\u0105za\u0144 w Twojej firmie. Dodatkowo specjalnie dla Ciebie zorganizujemy szkolenie typu <em>\u201ecustom trainings\u201d<\/em> dopasowane pod dane konkretne rozwi\u0105zania informatyczne tak aby zapewni\u0107 jak najlepsze wykorzystanie zakupionych technologii.\u00a0<\/p><p style=\"text-align: center;\"><strong><em>Wszystkie projekty traktujemy ca\u0142kowicie indywidualnie, dokonujemy pe\u0142nej wst\u0119pnej analizy zapotrzebowa\u0144 i na jej podstawie budujemy dalsz\u0105 konstrukcj\u0119 doradztwa.<\/em><\/strong><\/p><p style=\"text-align: center;\">Dla wszystkim naszych sta\u0142ych klient\u00f3w oferujemy pe\u0142ne doradztwo informatyczne w ramach realizowanych zada\u0144.<\/p><\/div><\/div><\/div><\/div><\/div><\/div><div id=\"pg-172-2\"  class=\"panel-grid panel-has-style\" ><div class=\"siteorigin-panels-stretch kt-panel-row-stretch panel-widget-style panel-row-style panel-row-style-for-172-2\" style=\"visibility: hidden;border-bottom: 0px solid; \" data-stretch-type=\"full\" ><div id=\"pgc-172-2-0\"  class=\"panel-grid-cell\" ><div id=\"panel-172-2-0-0\" class=\"so-panel widget widget_black-studio-tinymce widget_black_studio_tinymce panel-first-child panel-last-child\" data-index=\"2\" ><div class=\"panel-widget-style panel-widget-style-for-172-2-0-0\" ><h3 class=\"widget-title\">Nasze umiej\u0119tno\u015bci<\/h3><div class=\"textwidget\"><p style=\"text-align: center;\"><strong>\u015awiadczymy us\u0142ugi w zakresie doradztwa i planowania rozwi\u0105za\u0144 informatycznych wp\u0142ywaj\u0105cych na zwi\u0119kszenie wydajno\u015bci infrastruktury jak i zmniejszenie koszt\u00f3w utrzymania.\u00a0<\/strong><\/p><p style=\"text-align: center;\"><img loading=\"lazy\" decoding=\"async\" class=\"aligncenter wp-image-938 size-large\" src=\"http:\/\/www.softsimple.pl\/wp-content\/uploads\/Dorawdztwo-IT-umiej\u0119tno\u015bci-1024x351.png\" alt=\"Dorawdztwo IT - umiej\u0119tno\u015bci\" width=\"940\" height=\"322\" srcset=\"https:\/\/www.softsimple.pl\/wp-content\/uploads\/Dorawdztwo-IT-umiej\u0119tno\u015bci-1024x351.png 1024w, https:\/\/www.softsimple.pl\/wp-content\/uploads\/Dorawdztwo-IT-umiej\u0119tno\u015bci-300x103.png 300w\" sizes=\"auto, (max-width: 940px) 100vw, 940px\" \/><\/p><p>\u00a0<\/p><\/div><\/div><\/div><\/div><\/div><\/div><div id=\"pg-172-3\"  class=\"panel-grid panel-has-style\" ><div class=\"siteorigin-panels-stretch kt-panel-row-stretch panel-widget-style panel-row-style panel-row-style-for-172-3\" style=\"visibility: hidden;border-top-color: #ffffff; \" data-stretch-type=\"full\" ><div id=\"pgc-172-3-0\"  class=\"panel-grid-cell\" ><div id=\"panel-172-3-0-0\" class=\"so-panel widget widget_black-studio-tinymce widget_black_studio_tinymce panel-first-child panel-last-child\" data-index=\"3\" ><h3 class=\"widget-title\">Dlaczego warto nam zaufa\u0107?<\/h3><div class=\"textwidget\"><p style=\"text-align: center;\"><strong>Ka\u017cdy problem informatyczny wymaga indywidualnego podej\u015bcia.\u00a0<em>Wiemy jak go rozwi\u0105za\u0107 i oferujemy Pa\u0144stwu doradztwo informatyczne na najwy\u017cszym poziomie.<\/em><\/strong><\/p><p style=\"text-align: center;\">Wyr\u00f3\u017cnia nas przede wszystkim\u00a0bogata wiedza na temat r\u00f3\u017cnorodnych technologii informatycznych, dzi\u0119ki czemu jeste\u015bmy\u00a0w stanie zaproponowa\u0107 najkorzystniejsze dla Pa\u0144stwa us\u0142ugi i produkty. Dopasowanie ich do Pa\u0144stwa potrzeb umo\u017cliwi redukcj\u0119 koszt\u00f3w rozwi\u0105za\u0144 i obs\u0142ugi informatycznej. Doradzamy jaki sprz\u0119t, infrastruktura, oprogramowanie jest potrzebne, definiujemy wymagania dotycz\u0105ce przetarg\u00f3w, pomagamy odrzuci\u0107 oferty nie spe\u0142niaj\u0105ce wymaga\u0144 klient\u00f3w i wybra\u0107 najbardziej optymaln\u0105.<\/p><\/div><\/div><\/div><\/div><\/div><\/div>","protected":false},"excerpt":{"rendered":"<p>\u201eKa\u017cdy cz\u0142owiek, cho\u0107by nie wiem jak m\u0105dry, potrzebuje w \u017cyciu rady roztropnego przyjaciela\u201d &#8211; PlatonZajmujemy si\u0119 dobieraniem optymalnych rozwi\u0105za\u0144 informatycznych i koordynacj\u0105 ich wdro\u017ce\u0144. Pomo\u017cemy Ci si\u0119 przebi\u0107 przez g\u0105szcz informacji i licznych producent\u00f3w, wybierzemy odpowiedni sprz\u0119t, dopasujemy oprogramowanie oraz &hellip; <a href=\"https:\/\/www.softsimple.pl\/en\/uslugi\/doradztwo-informatyczne\/\">Czytaj wi\u0119cej<\/a><\/p>\n","protected":false},"author":1,"featured_media":0,"parent":114,"menu_order":0,"comment_status":"open","ping_status":"open","template":"","meta":{"_acf_changed":false,"kt_blocks_editor_width":"","_exactmetrics_skip_tracking":false,"_exactmetrics_sitenote_active":false,"_exactmetrics_sitenote_note":"","_exactmetrics_sitenote_category":0,"footnotes":""},"class_list":["post-172","page","type-page","status-publish","hentry"],"acf":[],"yoast_head":"<!-- This site is optimized with the Yoast SEO plugin v25.4 - https:\/\/yoast.com\/wordpress\/plugins\/seo\/ -->\n<title>IT Consulting - SoftSimple<\/title>\n<meta name=\"description\" content=\"Doradztwo informatyczne w SoftSimple polega na doborze optymalnych rozwi\u0105za\u0144 informatycznych oraz koordynacji ich wdro\u017ce\u0144 w Twojej firmie.\" \/>\n<meta name=\"robots\" content=\"index, follow, max-snippet:-1, max-image-preview:large, max-video-preview:-1\" \/>\n<link rel=\"canonical\" href=\"https:\/\/www.softsimple.pl\/uslugi\/doradztwo-informatyczne\/\" \/>\n<meta property=\"og:locale\" content=\"en_US\" \/>\n<meta property=\"og:type\" content=\"article\" \/>\n<meta property=\"og:title\" content=\"[:en]IT Consulting[:pl]Doradztwo informatyczne[:] - SoftSimple\" \/>\n<meta property=\"og:description\" content=\"Doradztwo informatyczne w SoftSimple polega na doborze optymalnych rozwi\u0105za\u0144 informatycznych oraz koordynacji ich wdro\u017ce\u0144 w Twojej firmie.\" \/>\n<meta property=\"og:url\" content=\"https:\/\/www.softsimple.pl\/uslugi\/doradztwo-informatyczne\/\" \/>\n<meta property=\"og:site_name\" content=\"SoftSimple\" \/>\n<meta property=\"article:modified_time\" content=\"2018-01-02T15:38:21+00:00\" \/>\n<meta name=\"twitter:label1\" content=\"Est. reading time\" \/>\n\t<meta name=\"twitter:data1\" content=\"1 minute\" \/>\n<script type=\"application\/ld+json\" class=\"yoast-schema-graph\">{\"@context\":\"https:\/\/schema.org\",\"@graph\":[{\"@type\":\"WebPage\",\"@id\":\"https:\/\/www.softsimple.pl\/uslugi\/doradztwo-informatyczne\/\",\"url\":\"https:\/\/www.softsimple.pl\/uslugi\/doradztwo-informatyczne\/\",\"name\":\"[:en]IT Consulting[:pl]Doradztwo informatyczne[:] - SoftSimple\",\"isPartOf\":{\"@id\":\"https:\/\/www.softsimple.pl\/#website\"},\"datePublished\":\"2015-03-21T06:37:03+00:00\",\"dateModified\":\"2018-01-02T15:38:21+00:00\",\"description\":\"Doradztwo informatyczne w SoftSimple polega na doborze optymalnych rozwi\u0105za\u0144 informatycznych oraz koordynacji ich wdro\u017ce\u0144 w Twojej firmie.\",\"breadcrumb\":{\"@id\":\"https:\/\/www.softsimple.pl\/uslugi\/doradztwo-informatyczne\/#breadcrumb\"},\"inLanguage\":\"en-US\",\"potentialAction\":[{\"@type\":\"ReadAction\",\"target\":[\"https:\/\/www.softsimple.pl\/uslugi\/doradztwo-informatyczne\/\"]}]},{\"@type\":\"BreadcrumbList\",\"@id\":\"https:\/\/www.softsimple.pl\/uslugi\/doradztwo-informatyczne\/#breadcrumb\",\"itemListElement\":[{\"@type\":\"ListItem\",\"position\":1,\"name\":\"Strona g\u0142\u00f3wna\",\"item\":\"https:\/\/www.softsimple.pl\/\"},{\"@type\":\"ListItem\",\"position\":2,\"name\":\"Us\u0142ugi\",\"item\":\"https:\/\/www.softsimple.pl\/uslugi\/\"},{\"@type\":\"ListItem\",\"position\":3,\"name\":\"Doradztwo informatyczne\"}]},{\"@type\":\"WebSite\",\"@id\":\"https:\/\/www.softsimple.pl\/#website\",\"url\":\"https:\/\/www.softsimple.pl\/\",\"name\":\"SoftSimple\",\"description\":\"\",\"potentialAction\":[{\"@type\":\"SearchAction\",\"target\":{\"@type\":\"EntryPoint\",\"urlTemplate\":\"https:\/\/www.softsimple.pl\/?s={search_term_string}\"},\"query-input\":{\"@type\":\"PropertyValueSpecification\",\"valueRequired\":true,\"valueName\":\"search_term_string\"}}],\"inLanguage\":\"en-US\"}]}<\/script>\n<!-- \/ Yoast SEO plugin. -->","yoast_head_json":{"title":"[:en]IT Consulting[:pl]Doradztwo informatyczne[:] - SoftSimple","description":"Doradztwo informatyczne w SoftSimple polega na doborze optymalnych rozwi\u0105za\u0144 informatycznych oraz koordynacji ich wdro\u017ce\u0144 w Twojej firmie.","robots":{"index":"index","follow":"follow","max-snippet":"max-snippet:-1","max-image-preview":"max-image-preview:large","max-video-preview":"max-video-preview:-1"},"canonical":"https:\/\/www.softsimple.pl\/uslugi\/doradztwo-informatyczne\/","og_locale":"en_US","og_type":"article","og_title":"[:en]IT Consulting[:pl]Doradztwo informatyczne[:] - SoftSimple","og_description":"Doradztwo informatyczne w SoftSimple polega na doborze optymalnych rozwi\u0105za\u0144 informatycznych oraz koordynacji ich wdro\u017ce\u0144 w Twojej firmie.","og_url":"https:\/\/www.softsimple.pl\/uslugi\/doradztwo-informatyczne\/","og_site_name":"SoftSimple","article_modified_time":"2018-01-02T15:38:21+00:00","twitter_misc":{"Est. reading time":"1 minute"},"schema":{"@context":"https:\/\/schema.org","@graph":[{"@type":"WebPage","@id":"https:\/\/www.softsimple.pl\/uslugi\/doradztwo-informatyczne\/","url":"https:\/\/www.softsimple.pl\/uslugi\/doradztwo-informatyczne\/","name":"[:en]IT Consulting[:pl]Doradztwo informatyczne[:] - SoftSimple","isPartOf":{"@id":"https:\/\/www.softsimple.pl\/#website"},"datePublished":"2015-03-21T06:37:03+00:00","dateModified":"2018-01-02T15:38:21+00:00","description":"Doradztwo informatyczne w SoftSimple polega na doborze optymalnych rozwi\u0105za\u0144 informatycznych oraz koordynacji ich wdro\u017ce\u0144 w Twojej firmie.","breadcrumb":{"@id":"https:\/\/www.softsimple.pl\/uslugi\/doradztwo-informatyczne\/#breadcrumb"},"inLanguage":"en-US","potentialAction":[{"@type":"ReadAction","target":["https:\/\/www.softsimple.pl\/uslugi\/doradztwo-informatyczne\/"]}]},{"@type":"BreadcrumbList","@id":"https:\/\/www.softsimple.pl\/uslugi\/doradztwo-informatyczne\/#breadcrumb","itemListElement":[{"@type":"ListItem","position":1,"name":"Strona g\u0142\u00f3wna","item":"https:\/\/www.softsimple.pl\/"},{"@type":"ListItem","position":2,"name":"Us\u0142ugi","item":"https:\/\/www.softsimple.pl\/uslugi\/"},{"@type":"ListItem","position":3,"name":"Doradztwo informatyczne"}]},{"@type":"WebSite","@id":"https:\/\/www.softsimple.pl\/#website","url":"https:\/\/www.softsimple.pl\/","name":"SoftSimple","description":"","potentialAction":[{"@type":"SearchAction","target":{"@type":"EntryPoint","urlTemplate":"https:\/\/www.softsimple.pl\/?s={search_term_string}"},"query-input":{"@type":"PropertyValueSpecification","valueRequired":true,"valueName":"search_term_string"}}],"inLanguage":"en-US"}]}},"_links":{"self":[{"href":"https:\/\/www.softsimple.pl\/en\/wp-json\/wp\/v2\/pages\/172","targetHints":{"allow":["GET"]}}],"collection":[{"href":"https:\/\/www.softsimple.pl\/en\/wp-json\/wp\/v2\/pages"}],"about":[{"href":"https:\/\/www.softsimple.pl\/en\/wp-json\/wp\/v2\/types\/page"}],"author":[{"embeddable":true,"href":"https:\/\/www.softsimple.pl\/en\/wp-json\/wp\/v2\/users\/1"}],"replies":[{"embeddable":true,"href":"https:\/\/www.softsimple.pl\/en\/wp-json\/wp\/v2\/comments?post=172"}],"version-history":[{"count":39,"href":"https:\/\/www.softsimple.pl\/en\/wp-json\/wp\/v2\/pages\/172\/revisions"}],"predecessor-version":[{"id":1217,"href":"https:\/\/www.softsimple.pl\/en\/wp-json\/wp\/v2\/pages\/172\/revisions\/1217"}],"up":[{"embeddable":true,"href":"https:\/\/www.softsimple.pl\/en\/wp-json\/wp\/v2\/pages\/114"}],"wp:attachment":[{"href":"https:\/\/www.softsimple.pl\/en\/wp-json\/wp\/v2\/media?parent=172"}],"curies":[{"name":"wp","href":"https:\/\/api.w.org\/{rel}","templated":true}]}}