{"id":233,"date":"2015-03-24T14:42:16","date_gmt":"2015-03-24T13:42:16","guid":{"rendered":"http:\/\/www.softsimple.pl\/?page_id=233"},"modified":"2025-07-10T23:29:26","modified_gmt":"2025-07-10T21:29:26","slug":"produkty","status":"publish","type":"page","link":"https:\/\/www.softsimple.pl\/en\/produkty\/","title":{"rendered":"Products"},"content":{"rendered":"<div id=\"pl-233\"  class=\"panel-layout\" ><div id=\"pg-233-0\"  class=\"panel-grid panel-has-style\" ><div class=\"siteorigin-panels-stretch kt-panel-row-stretch panel-widget-style panel-row-style panel-row-style-for-233-0\" style=\"visibility: hidden;\" data-stretch-type=\"full\" ><div id=\"pgc-233-0-0\"  class=\"panel-grid-cell\" ><div id=\"panel-233-0-0-0\" class=\"so-panel widget widget_siteorigin-panels-builder panel-first-child panel-last-child\" data-index=\"0\" ><div id=\"pl-w5a460a12b1823\"  class=\"panel-layout\" ><div id=\"pg-w5a460a12b1823-0\"  class=\"panel-grid panel-has-style\" ><div class=\"siteorigin-panels-stretch kt-panel-row-stretch panel-widget-style panel-row-style panel-row-style-for-w5a460a12b1823-0\" style=\"visibility: hidden;\" data-stretch-type=\"full\" ><div id=\"pgc-w5a460a12b1823-0-0\"  class=\"panel-grid-cell\" ><div id=\"panel-w5a460a12b1823-0-0-0\" class=\"so-panel widget widget_siteorigin-panels-builder panel-first-child panel-last-child\" data-index=\"0\" ><div id=\"pl-w5a4609829136f\"  class=\"panel-layout\" ><div id=\"pg-w5a4609829136f-0\"  class=\"panel-grid panel-has-style\" ><div class=\"siteorigin-panels-stretch kt-panel-row-stretch panel-widget-style panel-row-style panel-row-style-for-w5a4609829136f-0\" style=\"visibility: hidden;\" data-stretch-type=\"full\" ><div id=\"pgc-w5a4609829136f-0-0\"  class=\"panel-grid-cell panel-grid-cell-empty\" ><\/div><div id=\"pgc-w5a4609829136f-0-1\"  class=\"panel-grid-cell\" ><div id=\"panel-w5a4609829136f-0-1-0\" class=\"so-panel widget widget_black-studio-tinymce widget_black_studio_tinymce panel-first-child panel-last-child\" data-index=\"0\" ><div class=\"textwidget\"><div class=\"textwidget\">\n    <a class=\"kad-icon-box-34 kad-icon-box\" target=\"_self\" href=\"\/produkty\/system-zarzadzania-trescia-cms\/\"><br \/>\n<img decoding=\"async\" src=\"\/wp-content\/uploads\/InspireCMS.png\" style=\"height: 120px; margin-bottom: 10px;\" \/><\/p>\n<h4 style=\"font-family: 'Roboto Condensed', sans-serif;\">INSPIRE<span style=\"font-weight: 600;\">CMS<\/span><\/h4>\n<p>    <\/a>\n<\/div>\n<\/div><\/div><\/div><div id=\"pgc-w5a4609829136f-0-2\"  class=\"panel-grid-cell\" ><div id=\"panel-w5a4609829136f-0-2-0\" class=\"so-panel widget widget_black-studio-tinymce widget_black_studio_tinymce panel-first-child panel-last-child\" data-index=\"1\" ><div class=\"textwidget\"><div class=\"textwidget\">\n    <a class=\"kad-icon-box-34 kad-icon-box\" target=\"_self\" href=\"\/produkty\/system-zarzadzania-relacjami-z-klientami-crm\"><br \/>\n<img decoding=\"async\" src=\"\/wp-content\/uploads\/InspireCRM.png\" style=\"height: 120px; margin-bottom: 10px;\" \/><\/p>\n<h4 style=\"font-family: 'Roboto Condensed', sans-serif;\">INSPIRE<span style=\"font-weight: 600;\">CRM<\/span><\/h4>\n<p>    <\/a>\n<\/div>\n<\/div><\/div><\/div><div id=\"pgc-w5a4609829136f-0-3\"  class=\"panel-grid-cell panel-grid-cell-mobile-last\" ><div id=\"panel-w5a4609829136f-0-3-0\" class=\"so-panel widget widget_black-studio-tinymce widget_black_studio_tinymce panel-first-child panel-last-child\" data-index=\"2\" ><div class=\"textwidget\"><div class=\"textwidget\">\n    <a class=\"kad-icon-box-34 kad-icon-box\" target=\"_self\" href=\"\/produkty\/inteligentny-system-maksymalizacji-zyskow-duo\/\"><br \/>\n<img decoding=\"async\" src=\"\/wp-content\/uploads\/InspireDUO.png\" style=\"height: 120px; margin-bottom: 10px;\" \/><\/p>\n<h4 style=\"font-family: 'Roboto Condensed', sans-serif;\">INSPIRE<span style=\"font-weight: 600;\">DUO<\/span><\/h4>\n<p>    <\/a>\n<\/div>\n<\/div><\/div><\/div><div id=\"pgc-w5a4609829136f-0-4\"  class=\"panel-grid-cell panel-grid-cell-empty\" ><\/div><\/div><\/div><\/div><\/div><\/div><\/div><\/div><\/div><\/div><\/div><\/div><\/div><div id=\"pg-233-1\"  class=\"panel-grid panel-has-style\"  style=\"margin-bottom: 0px;margin-left: 0px;margin-right: 0px;\" ><div class=\"wide-grey siteorigin-panels-stretch kt-panel-row-stretch panel-widget-style panel-row-style panel-row-style-for-233-1\" style=\"visibility: hidden;\" data-stretch-type=\"full\" ><div id=\"pgc-233-1-0\"  class=\"panel-grid-cell\" ><div id=\"panel-233-1-0-0\" class=\"so-panel widget widget_black-studio-tinymce widget_black_studio_tinymce panel-first-child panel-last-child\" data-index=\"1\" ><div class=\"textwidget\">\t<!-- Image Split -->\n\t<div class=\"kt-image-slit\" id=\"kt-image-split-82\">\n\t  <div class=\"row\">\n\t    <div class=\"col-sm-6 kt-si-imagecol img-ktsi-left kt-animate-fade-in-right\" style=\"\">\n\t      <div class=\"kt-si-table-box\" style=\"height:400px\">\n\t      \t<div class=\"kt-si-cell-box\">\n\t      \t\t<img decoding=\"async\" src=\"\/wp-content\/uploads\/InspireCMS.png\" class=\"kt-si-image\" style=\"max-height:400px\">\t        <\/div>\n\t      <\/div>\n\t     <\/div>\n\t     <div class=\"col-sm-6 kt-si-imagecol content-ktsi-left kt-animate-fade-in-left\" >\n\t      <div class=\"kt-si-table-box\" style=\"height:400px\">\n\t      \t<div class=\"kt-si-cell-box\">\n \t\t\t\t\n<h1 style=\"letter-spacing: 0px; font-family: 'Roboto Condensed', sans-serif;\">INSPIRE<span style=\"font-weight: 600;\">CMS<\/span><\/h1>\n<h4 style=\"letter-spacing: -1px;\">System pozwalaj\u0105cy na wygodne zarz\u0105dzanie Twoj\u0105 stron\u0105 internetow\u0105.<\/h4>\n<p>Opiera si\u0119 na autorskim pomy\u015ble oraz wykonaniu, dzi\u0119ki czemu jest systemem bezpiecznym i niezawodnym. Jego budowa pozwala na rozszerzanie funkcjonalno\u015bci dzi\u0119ki autoryzowanym modu\u0142om, kt\u00f3re wykonywane s\u0105 w zale\u017cno\u015bci od Twoich potrzeb.<br \/>\n<div class=\"kad-spacer clearfix\" style=\"height:20px\"><\/div>\n<a href=\"\/produkty\/system-zarzadzania-trescia-cms\" id=\"kadbtn33\" target=\"_self\" class=\"kad-btn btn-shortcode kad-btn-primary   lg-kad-btn headerfont\" style=\" border: 0 solid; border-color:#000;  color:#ffffff;\" onMouseOver=\"this.style.color=&#039;#ffffff&#039;\" onMouseOut=\"this.style.color=&#039;#ffffff&#039;\">Dowiedz si\u0119 wi\u0119cej <\/a>\n\t        <\/div>\n\t      <\/div>\n\t     <\/div>\n\t  <\/div>\n\t<\/div>\n\n\t\n<\/div><\/div><\/div><\/div><\/div><div id=\"pg-233-2\"  class=\"panel-grid panel-has-style\"  style=\"margin-bottom: 0px;margin-left: 0px;margin-right: 0px;\" ><div class=\"wide-grey siteorigin-panels-stretch kt-panel-row-stretch panel-widget-style panel-row-style panel-row-style-for-233-2\" style=\"visibility: hidden;\" data-stretch-type=\"full\" ><div id=\"pgc-233-2-0\"  class=\"panel-grid-cell\" ><div id=\"panel-233-2-0-0\" class=\"so-panel widget widget_black-studio-tinymce widget_black_studio_tinymce panel-first-child panel-last-child\" data-index=\"2\" ><div class=\"panel-widget-style panel-widget-style-for-233-2-0-0\" ><div class=\"textwidget\"><div style=\"text-align: center;\">\n\t<!-- Image Split -->\n\t<div class=\"kt-image-slit\" id=\"kt-image-split-25\">\n\t  <div class=\"row\">\n\t    <div class=\"col-sm-6 kt-si-imagecol img-ktsi-right kt-animate-fade-in-left\" style=\"\">\n\t      <div class=\"kt-si-table-box\" style=\"height:400px\">\n\t      \t<div class=\"kt-si-cell-box\">\n\t      \t\t<img decoding=\"async\" src=\"\/wp-content\/uploads\/InspireCRM.png\" class=\"kt-si-image\" style=\"max-height:400px\">\t        <\/div>\n\t      <\/div>\n\t     <\/div>\n\t     <div class=\"col-sm-6 kt-si-imagecol content-ktsi-right kt-animate-fade-in-right\" >\n\t      <div class=\"kt-si-table-box\" style=\"height:400px\">\n\t      \t<div class=\"kt-si-cell-box\">\n \t\t\t\t\n<h1 style=\"letter-spacing: 0px; font-family: 'Roboto Condensed',sans-serif;\">INSPIRE<span style=\"font-weight: 600;\">CRM<\/span><\/h1>\n<h4 style=\"letter-spacing: -1px;\">Nowoczesny system pozwalaj\u0105cy na zarz\u0105dzania relacjami z Twoimi obecnymi i nowymi klientami.<\/h4>\n<p style=\"color: #444;\">Jest doskona\u0142ym narz\u0119dziem, s\u0142u\u017c\u0105cym do obs\u0142ugi klient\u00f3w, wzrostu ich lojalno\u015bci oraz dochod\u00f3w Twojej firmy! Ponadto pozwala na ocen\u0119 danych zbieranych we wszystkich obszarach przedsi\u0119biorstwa i u\u0142atwia podejmowanie strategicznych decyzji.<\/p>\n<div class=\"kad-spacer clearfix\" style=\"height:20px\"><\/div>\n<a href=\"\/produkty\/system-zarzadzania-relacjami-z-klientami-crm\" id=\"kadbtn1\" target=\"_self\" class=\"kad-btn btn-shortcode kad-btn-primary   lg-kad-btn headerfont\" style=\" border: 0 solid; border-color:#000;  color:#ffffff;\" onMouseOver=\"this.style.color=&#039;#ffffff&#039;\" onMouseOut=\"this.style.color=&#039;#ffffff&#039;\">Poznaj szczeg\u00f3\u0142y <\/a>\n\t        <\/div>\n\t      <\/div>\n\t     <\/div>\n\t  <\/div>\n\t<\/div>\n\n\t\n<\/p><\/div>\n<\/div><\/div><\/div><\/div><\/div><\/div><div id=\"pg-233-3\"  class=\"panel-grid panel-has-style\"  style=\"margin-bottom: 0px;margin-left: 0px;margin-right: 0px;\" ><div class=\"wide-grey siteorigin-panels-stretch kt-panel-row-stretch panel-widget-style panel-row-style panel-row-style-for-233-3\" style=\"visibility: hidden;\" data-stretch-type=\"full\" ><div id=\"pgc-233-3-0\"  class=\"panel-grid-cell\" ><div id=\"panel-233-3-0-0\" class=\"so-panel widget widget_black-studio-tinymce widget_black_studio_tinymce panel-first-child panel-last-child\" data-index=\"3\" ><div class=\"textwidget\">\t<!-- Image Split -->\n\t<div class=\"kt-image-slit\" id=\"kt-image-split-98\">\n\t  <div class=\"row\">\n\t    <div class=\"col-sm-6 kt-si-imagecol img-ktsi-left kt-animate-fade-in-right\" style=\"\">\n\t      <div class=\"kt-si-table-box\" style=\"height:400px\">\n\t      \t<div class=\"kt-si-cell-box\">\n\t      \t\t<img decoding=\"async\" src=\"\/wp-content\/uploads\/InspireDUO.png\" class=\"kt-si-image\" style=\"max-height:400px\">\t        <\/div>\n\t      <\/div>\n\t     <\/div>\n\t     <div class=\"col-sm-6 kt-si-imagecol content-ktsi-left kt-animate-fade-in-left\" >\n\t      <div class=\"kt-si-table-box\" style=\"height:400px\">\n\t      \t<div class=\"kt-si-cell-box\">\n \t\t\t\t\n<h1 style=\"letter-spacing: 0px; font-family: 'Roboto Condensed', sans-serif; \">INSPIRE<span style=\"font-weight: 600;\">DUO<\/span><\/h1>\n<h4  style=\"letter-spacing: -1px\";>Kompleksowe rozwi\u0105zanie, pozwalaj\u0105ce Twojej firmie w pe\u0142ni rozwin\u0105\u0107 potencja\u0142.<\/h4>\n<p>Po\u0142\u0105czenie dw\u00f3ch prze\u0142omowych produkt\u00f3w w jednym nowatorskim opakowaniu sprawia, \u017ce jest to kompleksowe rozwi\u0105zanie. Dzi\u0119ki najnowocze\u015bniejszym technologiom, u\u017cytym do jego budowy, wydajno\u015b\u0107 oraz wygoda u\u017cytkowania, s\u0105 na najwy\u017cszym poziomie.<br \/>\n<div class=\"kad-spacer clearfix\" style=\"height:20px\"><\/div>\n<a href=\"\/produkty\/inteligentny-system-maksymalizacji-zyskow-duo\/\" id=\"kadbtn78\" target=\"_self\" class=\"kad-btn btn-shortcode kad-btn-primary   lg-kad-btn headerfont\" style=\" border: 0 solid; border-color:#000;  color:#ffffff;\" onMouseOver=\"this.style.color=&#039;#ffffff&#039;\" onMouseOut=\"this.style.color=&#039;#ffffff&#039;\">Poznaj korzy\u015bci <\/a>\n\t        <\/div>\n\t      <\/div>\n\t     <\/div>\n\t  <\/div>\n\t<\/div>\n\n\t\n<\/div><\/div><\/div><\/div><\/div><div id=\"pg-233-4\"  class=\"panel-grid panel-has-style\" ><div class=\"siteorigin-panels-stretch kt-panel-row-stretch panel-widget-style panel-row-style panel-row-style-for-233-4\" style=\"visibility: hidden;\" data-stretch-type=\"full\" ><div id=\"pgc-233-4-0\"  class=\"panel-grid-cell\" ><div id=\"panel-233-4-0-0\" class=\"so-panel widget widget_sow-anything-carousel panel-first-child panel-last-child\" data-index=\"4\" ><div class=\"panel-widget-style panel-widget-style-for-233-4-0-0\" ><div\n\t\t\t\n\t\t\tclass=\"so-widget-sow-anything-carousel so-widget-sow-anything-carousel-base-8d69af7a2cea-233\"\n\t\t\t\n\t\t><div class=\"sow-carousel-title has-title\">\n\t<h3 class=\"widget-title\">Wsp\u00f3\u0142praca<\/h3><\/div>\n\n<div class=\"sow-carousel-container \">\n\t\t\t<div class=\"sow-carousel-navigation sow-carousel-navigation-prev \">\n\t\t\t\t\t\t<a href=\"#\" class=\"sow-carousel-previous\" title=\"Previous\" aria-label=\"Previous Posts\" role=\"button\"><\/a>\n\t\t\t\t\t<\/div>\n\t\t<div class=\"sow-carousel-wrapper\"\n\t\tdata-dir=\"ltr\"\n\t\tstyle=\"opacity: 0;\"\n\t\tdata-widget=\"anything\" data-item_count=\"15\" data-loop=\"\" data-carousel_settings=\"{&quot;loop&quot;:true,&quot;dots&quot;:true,&quot;animation&quot;:&quot;ease&quot;,&quot;animation_speed&quot;:400,&quot;autoplay&quot;:true,&quot;pauseOnHover&quot;:&quot;&quot;,&quot;autoplaySpeed&quot;:4000,&quot;item_overflow&quot;:false,&quot;adaptive_height&quot;:&quot;&quot;}\" data-responsive=\"{&quot;desktop_slides_to_scroll&quot;:1,&quot;tablet_landscape_breakpoint&quot;:1366,&quot;tablet_landscape_slides_to_scroll&quot;:3,&quot;tablet_portrait_breakpoint&quot;:1025,&quot;tablet_portrait_slides_to_scroll&quot;:2,&quot;mobile_breakpoint&quot;:480,&quot;mobile_slides_to_scroll&quot;:1,&quot;desktop_slides_to_show&quot;:5,&quot;tablet_landscape_slides_to_show&quot;:3,&quot;tablet_portrait_slides_to_show&quot;:2,&quot;mobile_slides_to_show&quot;:1}\" \t>\n\t\t<div\n\t\t\tclass=\"sow-carousel-items\"\n\t\t\t\t\t>\n\t\t\t\t<div class=\"sow-carousel-item\" tabindex=\"-1\">\n\t\t\n\t\t<div class=\"sow-carousel-content\">\n\t\t\t<img loading=\"lazy\" decoding=\"async\" class=\"aligncenter wp-image-1537 size-medium\" src=\"https:\/\/www.softsimple.pl\/wp-content\/uploads\/x-kom_logo-tagline_RGB-300x54.png\" alt=\"\" width=\"300\" height=\"54\" style=\"padding-top: 30px;\" \/>\t\t<\/div>\n\t<\/div>\n\t\t<div class=\"sow-carousel-item\" tabindex=\"-1\">\n\t\t\n\t\t<div class=\"sow-carousel-content\">\n\t\t\t<img loading=\"lazy\" decoding=\"async\" class=\"aligncenter wp-image-1544 size-full\" src=\"https:\/\/www.softsimple.pl\/wp-content\/uploads\/al-to_logo_logo.png-e1752180972170.webp\" alt=\"\" width=\"256\" height=\"74\" style=\"padding-top: 20px;\" \/>\t\t<\/div>\n\t<\/div>\n\t\t<div class=\"sow-carousel-item\" tabindex=\"-1\">\n\t\t\n\t\t<div class=\"sow-carousel-content\">\n\t\t\t<img loading=\"lazy\" decoding=\"async\" class=\"aligncenter wp-image-1542 size-medium\" src=\"https:\/\/www.softsimple.pl\/wp-content\/uploads\/600x210_logo_Neonet-300x106.png\" alt=\"\" width=\"300\" height=\"106\" style=\"padding-top: 20px;\" srcset=\"https:\/\/www.softsimple.pl\/wp-content\/uploads\/600x210_logo_Neonet-300x106.png 300w, https:\/\/www.softsimple.pl\/wp-content\/uploads\/600x210_logo_Neonet.png 601w\" sizes=\"auto, (max-width: 300px) 100vw, 300px\" \/>\t\t<\/div>\n\t<\/div>\n\t\t<div class=\"sow-carousel-item\" tabindex=\"-1\">\n\t\t\n\t\t<div class=\"sow-carousel-content\">\n\t\t\t<p><img loading=\"lazy\" decoding=\"async\" class=\"aligncenter wp-image-1519 size-full\" src=\"https:\/\/www.softsimple.pl\/wp-content\/uploads\/logo-pge-e1609521105533.png\" alt=\"\" width=\"196\" height=\"99\" \/><\/p>\n\t\t<\/div>\n\t<\/div>\n\t\t<div class=\"sow-carousel-item\" tabindex=\"-1\">\n\t\t\n\t\t<div class=\"sow-carousel-content\">\n\t\t\t<img loading=\"lazy\" decoding=\"async\" class=\"aligncenter size-full wp-image-1533\" style=\"padding-top: 15px;\" src=\"https:\/\/www.softsimple.pl\/wp-content\/uploads\/gTYqE1wKACMbYn1BF8PFeVsrvQo1626149840504_200x200-e1707512557164.png\" alt=\"\" width=\"200\" height=\"77\" \/>\t\t<\/div>\n\t<\/div>\n\t\t<div class=\"sow-carousel-item\" tabindex=\"-1\">\n\t\t\n\t\t<div class=\"sow-carousel-content\">\n\t\t\t<img loading=\"lazy\" decoding=\"async\" class=\"aligncenter wp-image-1493 size-medium\" src=\"https:\/\/www.softsimple.pl\/wp-content\/uploads\/logo_ideo_kolor_invertrgb-300x121.png\" alt=\"\" width=\"300\" height=\"121\" style=\"padding-top: 15px;\"\/>\t\t<\/div>\n\t<\/div>\n\t\t<div class=\"sow-carousel-item\" tabindex=\"-1\">\n\t\t\n\t\t<div class=\"sow-carousel-content\">\n\t\t\t<img loading=\"lazy\" decoding=\"async\" class=\"aligncenter wp-image-898 size-medium\" src=\"https:\/\/www.softsimple.pl\/wp-content\/uploads\/opteam_logo-e1514547221584-300x111.png\" alt=\"\" width=\"300\" height=\"111\" style=\"padding-top: 15px;\" srcset=\"https:\/\/www.softsimple.pl\/wp-content\/uploads\/opteam_logo-e1514547221584-300x111.png 300w, https:\/\/www.softsimple.pl\/wp-content\/uploads\/opteam_logo-e1514547221584.png 359w\" sizes=\"auto, (max-width: 300px) 100vw, 300px\" \/>\t\t<\/div>\n\t<\/div>\n\t\t<div class=\"sow-carousel-item\" tabindex=\"-1\">\n\t\t\n\t\t<div class=\"sow-carousel-content\">\n\t\t\t<img loading=\"lazy\" decoding=\"async\" class=\"aligncenter wp-image-827 size-medium\" src=\"https:\/\/www.softsimple.pl\/wp-content\/uploads\/pok-ter-logo1-300x82.png\" alt=\"\" width=\"300\" height=\"82\" style=\"padding-top: 15px;\"\/>\t\t<\/div>\n\t<\/div>\n\t\t<div class=\"sow-carousel-item\" tabindex=\"-1\">\n\t\t\n\t\t<div class=\"sow-carousel-content\">\n\t\t\t<img loading=\"lazy\" decoding=\"async\" class=\"aligncenter wp-image-828 size-medium\" src=\"https:\/\/www.softsimple.pl\/wp-content\/uploads\/logo-2-e14277406413131-300x60.png\" alt=\"\" width=\"300\" height=\"60\" style=\"padding-top: 25px;\" srcset=\"https:\/\/www.softsimple.pl\/wp-content\/uploads\/logo-2-e14277406413131-300x60.png 300w, https:\/\/www.softsimple.pl\/wp-content\/uploads\/logo-2-e14277406413131.png 397w\" sizes=\"auto, (max-width: 300px) 100vw, 300px\" \/>\t\t<\/div>\n\t<\/div>\n\t\t<div class=\"sow-carousel-item\" tabindex=\"-1\">\n\t\t\n\t\t<div class=\"sow-carousel-content\">\n\t\t\t<img loading=\"lazy\" decoding=\"async\" class=\"aligncenter wp-image-1108 size-medium\" src=\"https:\/\/www.softsimple.pl\/wp-content\/uploads\/logo-ttk-2x-300x59.png\" alt=\"\" width=\"300\" height=\"59\" style=\"padding-top: 25px;\" srcset=\"https:\/\/www.softsimple.pl\/wp-content\/uploads\/logo-ttk-2x-300x59.png 300w, https:\/\/www.softsimple.pl\/wp-content\/uploads\/logo-ttk-2x.png 450w\" sizes=\"auto, (max-width: 300px) 100vw, 300px\" \/>\t\t<\/div>\n\t<\/div>\n\t\t<div class=\"sow-carousel-item\" tabindex=\"-1\">\n\t\t\n\t\t<div class=\"sow-carousel-content\">\n\t\t\t<img loading=\"lazy\" decoding=\"async\" class=\"aligncenter wp-image-900 size-medium\" src=\"https:\/\/www.softsimple.pl\/wp-content\/uploads\/develocus-300x82.png\" alt=\"\" width=\"300\" height=\"82\" style=\"padding-top: 15px;\"\/>\t\t<\/div>\n\t<\/div>\n\t\t<div class=\"sow-carousel-item\" tabindex=\"-1\">\n\t\t\n\t\t<div class=\"sow-carousel-content\">\n\t\t\t<img loading=\"lazy\" decoding=\"async\" class=\"aligncenter size-full wp-image-825\" src=\"https:\/\/www.softsimple.pl\/wp-content\/uploads\/zaton_logo1.png\" alt=\"\" width=\"197\" height=\"60\" style=\"padding-top: 15px;\"\/>\t\t<\/div>\n\t<\/div>\n\t\t<div class=\"sow-carousel-item\" tabindex=\"-1\">\n\t\t\n\t\t<div class=\"sow-carousel-content\">\n\t\t\t<img loading=\"lazy\" decoding=\"async\" class=\"aligncenter wp-image-824 size-medium\" style=\"padding-top: 25px;\" src=\"https:\/\/www.softsimple.pl\/wp-content\/uploads\/logo1-e14191464785521-300x62.png\" alt=\"\" width=\"300\" height=\"62\" \/>\t\t<\/div>\n\t<\/div>\n\t\t<div class=\"sow-carousel-item\" tabindex=\"-1\">\n\t\t\n\t\t<div class=\"sow-carousel-content\">\n\t\t\t<p><img loading=\"lazy\" decoding=\"async\" class=\"aligncenter size-full wp-image-823\" src=\"https:\/\/www.softsimple.pl\/wp-content\/uploads\/logo_tomech_white-e1514551810211.png\" alt=\"\" width=\"169\" height=\"100\" \/><\/p>\n\t\t<\/div>\n\t<\/div>\n\t\t<div class=\"sow-carousel-item\" tabindex=\"-1\">\n\t\t\n\t\t<div class=\"sow-carousel-content\">\n\t\t\t<img loading=\"lazy\" decoding=\"async\" class=\"aligncenter size-full wp-image-830\" src=\"https:\/\/www.softsimple.pl\/wp-content\/uploads\/logo_energo1.png\" alt=\"\" width=\"265\" height=\"73\" style=\"padding-top: 25px;\"\/>\t\t<\/div>\n\t<\/div>\n\t\t\t<\/div>\n\t\t\t<\/div>\n\n\t\t\t<div class=\"sow-carousel-navigation sow-carousel-navigation-next \">\n\t\t\t\t\t\t<a href=\"#\" class=\"sow-carousel-next\" title=\"Next\" aria-label=\"Next Posts\" role=\"button\"><\/a>\n\t\t\t\t\t<\/div>\n\t<\/div>\n<\/div><\/div><\/div><\/div><\/div><\/div><\/div>","protected":false},"excerpt":{"rendered":"<p>INSPIRECMS INSPIRECRM INSPIREDUO INSPIRECMS System pozwalaj\u0105cy na wygodne zarz\u0105dzanie Twoj\u0105 stron\u0105 internetow\u0105. Opiera si\u0119 na autorskim pomy\u015ble oraz wykonaniu, dzi\u0119ki czemu jest systemem bezpiecznym i niezawodnym. Jego budowa pozwala na rozszerzanie funkcjonalno\u015bci dzi\u0119ki autoryzowanym modu\u0142om, kt\u00f3re wykonywane s\u0105 w zale\u017cno\u015bci &hellip; <a href=\"https:\/\/www.softsimple.pl\/en\/produkty\/\">Czytaj wi\u0119cej<\/a><\/p>\n","protected":false},"author":1,"featured_media":0,"parent":0,"menu_order":0,"comment_status":"open","ping_status":"open","template":"","meta":{"_acf_changed":false,"kt_blocks_editor_width":"","_exactmetrics_skip_tracking":false,"_exactmetrics_sitenote_active":false,"_exactmetrics_sitenote_note":"","_exactmetrics_sitenote_category":0,"footnotes":""},"class_list":["post-233","page","type-page","status-publish","hentry"],"acf":[],"yoast_head":"<!-- This site is optimized with the Yoast SEO plugin v25.4 - https:\/\/yoast.com\/wordpress\/plugins\/seo\/ -->\n<title>Products - SoftSimple<\/title>\n<meta name=\"description\" content=\"SoftSimple tworzy autorskie, prze\u0142omowe oraz inspiruj\u0105ce produkty, kt\u00f3re pomagaj\u0105 w zarz\u0105dzaniu przedsi\u0119biorstwem. Dowiedz si\u0119 o nich wi\u0119cej.\" \/>\n<meta name=\"robots\" content=\"index, follow, max-snippet:-1, max-image-preview:large, max-video-preview:-1\" \/>\n<link rel=\"canonical\" href=\"https:\/\/www.softsimple.pl\/produkty\/\" \/>\n<meta property=\"og:locale\" content=\"en_US\" \/>\n<meta property=\"og:type\" content=\"article\" \/>\n<meta property=\"og:title\" content=\"[:en]Products[:pl]Produkty[:] - SoftSimple\" \/>\n<meta property=\"og:description\" content=\"SoftSimple tworzy autorskie, prze\u0142omowe oraz inspiruj\u0105ce produkty, kt\u00f3re pomagaj\u0105 w zarz\u0105dzaniu przedsi\u0119biorstwem. Dowiedz si\u0119 o nich wi\u0119cej.\" \/>\n<meta property=\"og:url\" content=\"https:\/\/www.softsimple.pl\/produkty\/\" \/>\n<meta property=\"og:site_name\" content=\"SoftSimple\" \/>\n<meta property=\"article:modified_time\" content=\"2025-07-10T21:29:26+00:00\" \/>\n<meta name=\"twitter:label1\" content=\"Est. reading time\" \/>\n\t<meta name=\"twitter:data1\" content=\"5 minutes\" \/>\n<script type=\"application\/ld+json\" class=\"yoast-schema-graph\">{\"@context\":\"https:\/\/schema.org\",\"@graph\":[{\"@type\":\"WebPage\",\"@id\":\"https:\/\/www.softsimple.pl\/produkty\/\",\"url\":\"https:\/\/www.softsimple.pl\/produkty\/\",\"name\":\"[:en]Products[:pl]Produkty[:] - SoftSimple\",\"isPartOf\":{\"@id\":\"https:\/\/www.softsimple.pl\/#website\"},\"datePublished\":\"2015-03-24T13:42:16+00:00\",\"dateModified\":\"2025-07-10T21:29:26+00:00\",\"description\":\"SoftSimple tworzy autorskie, prze\u0142omowe oraz inspiruj\u0105ce produkty, kt\u00f3re pomagaj\u0105 w zarz\u0105dzaniu przedsi\u0119biorstwem. Dowiedz si\u0119 o nich wi\u0119cej.\",\"breadcrumb\":{\"@id\":\"https:\/\/www.softsimple.pl\/produkty\/#breadcrumb\"},\"inLanguage\":\"en-US\",\"potentialAction\":[{\"@type\":\"ReadAction\",\"target\":[\"https:\/\/www.softsimple.pl\/produkty\/\"]}]},{\"@type\":\"BreadcrumbList\",\"@id\":\"https:\/\/www.softsimple.pl\/produkty\/#breadcrumb\",\"itemListElement\":[{\"@type\":\"ListItem\",\"position\":1,\"name\":\"Strona g\u0142\u00f3wna\",\"item\":\"https:\/\/www.softsimple.pl\/\"},{\"@type\":\"ListItem\",\"position\":2,\"name\":\"Produkty\"}]},{\"@type\":\"WebSite\",\"@id\":\"https:\/\/www.softsimple.pl\/#website\",\"url\":\"https:\/\/www.softsimple.pl\/\",\"name\":\"SoftSimple\",\"description\":\"\",\"potentialAction\":[{\"@type\":\"SearchAction\",\"target\":{\"@type\":\"EntryPoint\",\"urlTemplate\":\"https:\/\/www.softsimple.pl\/?s={search_term_string}\"},\"query-input\":{\"@type\":\"PropertyValueSpecification\",\"valueRequired\":true,\"valueName\":\"search_term_string\"}}],\"inLanguage\":\"en-US\"}]}<\/script>\n<!-- \/ Yoast SEO plugin. -->","yoast_head_json":{"title":"[:en]Products[:pl]Produkty[:] - SoftSimple","description":"SoftSimple tworzy autorskie, prze\u0142omowe oraz inspiruj\u0105ce produkty, kt\u00f3re pomagaj\u0105 w zarz\u0105dzaniu przedsi\u0119biorstwem. Dowiedz si\u0119 o nich wi\u0119cej.","robots":{"index":"index","follow":"follow","max-snippet":"max-snippet:-1","max-image-preview":"max-image-preview:large","max-video-preview":"max-video-preview:-1"},"canonical":"https:\/\/www.softsimple.pl\/produkty\/","og_locale":"en_US","og_type":"article","og_title":"[:en]Products[:pl]Produkty[:] - SoftSimple","og_description":"SoftSimple tworzy autorskie, prze\u0142omowe oraz inspiruj\u0105ce produkty, kt\u00f3re pomagaj\u0105 w zarz\u0105dzaniu przedsi\u0119biorstwem. Dowiedz si\u0119 o nich wi\u0119cej.","og_url":"https:\/\/www.softsimple.pl\/produkty\/","og_site_name":"SoftSimple","article_modified_time":"2025-07-10T21:29:26+00:00","twitter_misc":{"Est. reading time":"5 minutes"},"schema":{"@context":"https:\/\/schema.org","@graph":[{"@type":"WebPage","@id":"https:\/\/www.softsimple.pl\/produkty\/","url":"https:\/\/www.softsimple.pl\/produkty\/","name":"[:en]Products[:pl]Produkty[:] - SoftSimple","isPartOf":{"@id":"https:\/\/www.softsimple.pl\/#website"},"datePublished":"2015-03-24T13:42:16+00:00","dateModified":"2025-07-10T21:29:26+00:00","description":"SoftSimple tworzy autorskie, prze\u0142omowe oraz inspiruj\u0105ce produkty, kt\u00f3re pomagaj\u0105 w zarz\u0105dzaniu przedsi\u0119biorstwem. Dowiedz si\u0119 o nich wi\u0119cej.","breadcrumb":{"@id":"https:\/\/www.softsimple.pl\/produkty\/#breadcrumb"},"inLanguage":"en-US","potentialAction":[{"@type":"ReadAction","target":["https:\/\/www.softsimple.pl\/produkty\/"]}]},{"@type":"BreadcrumbList","@id":"https:\/\/www.softsimple.pl\/produkty\/#breadcrumb","itemListElement":[{"@type":"ListItem","position":1,"name":"Strona g\u0142\u00f3wna","item":"https:\/\/www.softsimple.pl\/"},{"@type":"ListItem","position":2,"name":"Produkty"}]},{"@type":"WebSite","@id":"https:\/\/www.softsimple.pl\/#website","url":"https:\/\/www.softsimple.pl\/","name":"SoftSimple","description":"","potentialAction":[{"@type":"SearchAction","target":{"@type":"EntryPoint","urlTemplate":"https:\/\/www.softsimple.pl\/?s={search_term_string}"},"query-input":{"@type":"PropertyValueSpecification","valueRequired":true,"valueName":"search_term_string"}}],"inLanguage":"en-US"}]}},"_links":{"self":[{"href":"https:\/\/www.softsimple.pl\/en\/wp-json\/wp\/v2\/pages\/233","targetHints":{"allow":["GET"]}}],"collection":[{"href":"https:\/\/www.softsimple.pl\/en\/wp-json\/wp\/v2\/pages"}],"about":[{"href":"https:\/\/www.softsimple.pl\/en\/wp-json\/wp\/v2\/types\/page"}],"author":[{"embeddable":true,"href":"https:\/\/www.softsimple.pl\/en\/wp-json\/wp\/v2\/users\/1"}],"replies":[{"embeddable":true,"href":"https:\/\/www.softsimple.pl\/en\/wp-json\/wp\/v2\/comments?post=233"}],"version-history":[{"count":152,"href":"https:\/\/www.softsimple.pl\/en\/wp-json\/wp\/v2\/pages\/233\/revisions"}],"predecessor-version":[{"id":1574,"href":"https:\/\/www.softsimple.pl\/en\/wp-json\/wp\/v2\/pages\/233\/revisions\/1574"}],"wp:attachment":[{"href":"https:\/\/www.softsimple.pl\/en\/wp-json\/wp\/v2\/media?parent=233"}],"curies":[{"name":"wp","href":"https:\/\/api.w.org\/{rel}","templated":true}]}}