{"id":304,"date":"2015-03-30T12:39:15","date_gmt":"2015-03-30T10:39:15","guid":{"rendered":"http:\/\/www.softsimple.pl\/?page_id=304"},"modified":"2018-01-05T14:36:09","modified_gmt":"2018-01-05T13:36:09","slug":"system-zarzadzania-trescia-cms","status":"publish","type":"page","link":"https:\/\/www.softsimple.pl\/en\/produkty\/system-zarzadzania-trescia-cms\/","title":{"rendered":"Content Management System (CMS)"},"content":{"rendered":"<div id=\"pl-304\"  class=\"panel-layout\" ><div id=\"pg-304-0\"  class=\"panel-grid panel-has-style\" ><div class=\"panel-widget-style panel-row-style panel-row-style-for-304-0\" ><div id=\"pgc-304-0-0\"  class=\"panel-grid-cell panel-grid-cell-empty\" ><\/div><div id=\"pgc-304-0-1\"  class=\"panel-grid-cell\" ><div id=\"panel-304-0-1-0\" class=\"so-panel widget widget_black-studio-tinymce widget_black_studio_tinymce panel-first-child panel-last-child\" data-index=\"0\" ><div class=\"textwidget\"><div class=\"textwidget\">\n    <a class=\"kad-icon-box-34 kad-icon-box\" target=\"_self\" href=\"\/produkty\/system-zarzadzania-trescia-cms\/\"><br \/>\n<img decoding=\"async\" src=\"\/wp-content\/uploads\/InspireCMS.png\" style=\"height: 120px; margin-bottom: 10px;\" \/><\/p>\n<h4 style=\"font-family: 'Roboto Condensed', sans-serif;\">INSPIRE<span style=\"font-weight: 600;\">CMS<\/span><\/h4>\n<p>    <\/a>\n<\/div>\n<\/div><\/div><\/div><div id=\"pgc-304-0-2\"  class=\"panel-grid-cell\" ><div id=\"panel-304-0-2-0\" class=\"so-panel widget widget_black-studio-tinymce widget_black_studio_tinymce panel-first-child panel-last-child\" data-index=\"1\" ><div class=\"textwidget\"><div class=\"textwidget\">\n    <a class=\"kad-icon-box-34 kad-icon-box\" target=\"_self\" href=\"\/produkty\/system-zarzadzania-relacjami-z-klientami-crm\"><br \/>\n<img decoding=\"async\" src=\"\/wp-content\/uploads\/InspireCRM.png\" style=\"height: 120px; margin-bottom: 10px;\" \/><\/p>\n<h4 style=\"font-family: 'Roboto Condensed', sans-serif;\">INSPIRE<span style=\"font-weight: 600;\">CRM<\/span><\/h4>\n<p>    <\/a>\n<\/div>\n<\/div><\/div><\/div><div id=\"pgc-304-0-3\"  class=\"panel-grid-cell panel-grid-cell-mobile-last\" ><div id=\"panel-304-0-3-0\" class=\"so-panel widget widget_black-studio-tinymce widget_black_studio_tinymce panel-first-child panel-last-child\" data-index=\"2\" ><div class=\"textwidget\"><div class=\"textwidget\">\n    <a class=\"kad-icon-box-34 kad-icon-box\" target=\"_self\" href=\"\/produkty\/inteligentny-system-maksymalizacji-zyskow-duo\/\"><br \/>\n<img decoding=\"async\" src=\"\/wp-content\/uploads\/InspireDUO.png\" style=\"height: 120px; margin-bottom: 10px;\" \/><\/p>\n<h4 style=\"font-family: 'Roboto Condensed', sans-serif;\">INSPIRE<span style=\"font-weight: 600;\">DUO<\/span><\/h4>\n<p>    <\/a>\n<\/div>\n<\/div><\/div><\/div><div id=\"pgc-304-0-4\"  class=\"panel-grid-cell panel-grid-cell-empty\" ><\/div><\/div><\/div><div id=\"pg-304-1\"  class=\"panel-grid panel-has-style\" ><div class=\"siteorigin-panels-stretch kt-panel-row-stretch panel-widget-style panel-row-style panel-row-style-for-304-1\" style=\"visibility: hidden;border-bottom: 0px solid; \" data-stretch-type=\"full\" ><div id=\"pgc-304-1-0\"  class=\"panel-grid-cell\" ><div id=\"panel-304-1-0-0\" class=\"so-panel widget widget_black-studio-tinymce widget_black_studio_tinymce panel-first-child panel-last-child\" data-index=\"3\" ><div class=\"panel-widget-style panel-widget-style-for-304-1-0-0\" ><h3 class=\"widget-title\">Czym jest system zarz\u0105dzania tre\u015bci\u0105?<\/h3><div class=\"textwidget\"><div>\n<div style=\"float: left; margin-left: 20px;\">\n\n<img loading=\"lazy\" decoding=\"async\" class=\"alignright wp-image-510\" style=\"margin: 0px; padding: 0px; float: right; margin-right: 20px; margin-left: 20px;\" src=\"http:\/\/www.softsimple.pl\/wp-content\/uploads\/cms.png\" alt=\"mobile\" width=\"419\" height=\"440\" \/>\n<h3><span style=\"color: #8e307f;\"><strong>Wygodnie zarz\u0105dzaj swoj\u0105 stron\u0105 internetow\u0105\n<\/strong><\/span><\/h3>\n<div class=\"kad-spacer clearfix\" style=\"height:20px\"><\/div>\nSystem zarz\u0105dzania tre\u015bci\u0105 (CMS) to specjalna aplikacja internetowa s\u0142u\u017c\u0105ca do zarz\u0105dzania informacjami na stronie WWW w spos\u00f3b intuicyjny dla os\u00f3b, nieposiadaj\u0105cych specjalistycznej wiedzy na temat programowania i projektowania serwis\u00f3w internetowych.\n<div class=\"kad-spacer clearfix\" style=\"height:20px\"><\/div>\nDzi\u0119ki takiemu rozwi\u0105zaniu,\u00a0ka\u017cdy z \u0142atwo\u015bci\u0105 mo\u017ce zarz\u0105dza\u0107 r\u00f3\u017cnymi elementami na swojej stronie np. modyfikowa\u0107 jej wygl\u0105d oraz na bie\u017c\u0105co uzupe\u0142nia\u0107 tre\u015b\u0107.\n<div class=\"kad-spacer clearfix\" style=\"height:20px\"><\/div>\nNasz system jest ca\u0142y czas rozbudowywany, aby\u015b zawsze m\u00f3g\u0142 korzysta\u0107 z najnowszych i niezawodnych rozwi\u0105za\u0144.<strong> Prostota obs\u0142ugi przy szerokim wachlarzu mo\u017cliwo\u015bci pozwoli Ci samodzielnie zarz\u0105dza\u0107 tre\u015bci\u0105 strony WWW Twojej firmy<\/strong>.\n\n<\/div>\n<\/div><\/div><\/div><\/div><\/div><\/div><\/div><div id=\"pg-304-2\"  class=\"panel-grid panel-has-style\" ><div class=\"siteorigin-panels-stretch kt-panel-row-stretch panel-widget-style panel-row-style panel-row-style-for-304-2\" style=\"visibility: hidden;border-bottom: 0px solid; \" data-stretch-type=\"full\" ><div id=\"pgc-304-2-0\"  class=\"panel-grid-cell\" ><div id=\"panel-304-2-0-0\" class=\"so-panel widget widget_black-studio-tinymce widget_black_studio_tinymce panel-first-child panel-last-child\" data-index=\"4\" ><div class=\"panel-widget-style panel-widget-style-for-304-2-0-0\" ><h3 class=\"widget-title\">Benefits of the proprietary INSPIRECMS system<\/h3><div class=\"textwidget\"><p style=\"text-align: center;\">Autorski System Zarz\u0105dzania Tre\u015bci\u0105 INSPIRE<strong>CMS<\/strong> to produkt, dzi\u0119ki kt\u00f3remu obs\u0142uga Twojej strony internetowej b\u0119dzie bajecznie prosta. <strong>Opiera si\u0119 on na autorskim pomy\u015ble oraz wykonaniu, dzi\u0119ki czemu jest systemem bezpiecznym i niezawodnym<\/strong>. Jego budowa pozwala na rozszerzanie funkcjonalno\u015bci dzi\u0119ki autoryzowanym modu\u0142om, kt\u00f3re wykonywane s\u0105 w zale\u017cno\u015bci od Twoich potrzeb.<\/p><p style=\"text-align: center;\"><strong>Najwi\u0119ksz\u0105 zalet\u0105 systemu jest prostota jego u\u017cytkowania, a dba\u0142o\u015b\u0107 o szczeg\u00f3\u0142y sprawia, \u017ce jest to kompleksowy system, dzi\u0119ki kt\u00f3remu Twoja strona internetowa nabierze \u017cycia i b\u0119dzie ch\u0119tnie przegl\u0105dana przez Twoich klient\u00f3w.<\/strong><\/p><p>\u00a0<\/p><table class=\"aligncenter\" style=\"width: 70%;\" align=\"center\"><tbody><tr style=\"color: white;\"><td style=\"background: #545465; padding-left: 10px;\" width=\"382\">DOST\u0118P Z KA\u017bDEGO MIEJSCA<\/td><td width=\"50\" height=\"40\">\u00a0<\/td><td style=\"background: #545465; padding-left: 10px;\" width=\"382\">NATYCHMIASTOWE REZULTATY PRACY<\/td><\/tr><tr><td style=\"padding-top: 10px;\" width=\"382\"><ul><li>Zarz\u0105dzanie stron\u0105 mo\u017cliwe z ka\u017cdego miejsca z dost\u0119pem do Internetu<\/li><li>Responsywny (tzn. dopasowuj\u0105cy si\u0119 do ekranu Twojego urz\u0105dzenia) uk\u0142ad strony oraz panel administracyjny<\/li><\/ul><\/td><td width=\"50\">\u00a0<\/td><td style=\"padding-top: 10px;\" width=\"382\"><ul><li>Mo\u017cliwo\u015b\u0107 obserwacji efekt\u00f3w pracy w czasie rzeczywistym<\/li><li>Intuicyjna obs\u0142uga, \u0142atwa do przyswojenia<\/li><li>Brak potrzeby zatrudniania specjalist\u00f3w do obs\u0142ugi<\/li><\/ul><\/td><\/tr><tr style=\"color: white;\"><td style=\"background: #545465; padding-left: 10px;\" width=\"382\">CA\u0141ODOBOWE WSPARCIE TECHNICZNE<\/td><td width=\"50\" height=\"40\">\u00a0<\/td><td style=\"background: #545465; padding-left: 10px;\" width=\"382\">NIEZAWODNE BEZPIECZE\u0143STWO<\/td><\/tr><tr><td style=\"padding-top: 10px;\" width=\"382\"><ul><li>Sta\u0142a opieka i wsparcie techniczne<\/li><li>Gwarancja czasu pracy bez przestoju na poziomie 99%<\/li><li>Darmowa aktualizacja systemu w okresie licencyjnym<\/li><li>Helpdesk s\u0142u\u017c\u0105cy do przyjmowania zg\u0142osze\u0144 od administrator\u00f3w systemu<\/li><\/ul><\/td><td width=\"50\">\u00a0<\/td><td style=\"padding-top: 10px;\" width=\"382\"><ul><li>Dedykowany adres IP<\/li><li>Szyfrowanie danych za pomoc\u0105 certyfikatu SSL<\/li><li>Najnowsza wersja systemu Windows Server, serwera aplikacji IIS oraz bazy danych MSSQL<\/li><li>Haszowanie hase\u0142, backup danych, niepodatno\u015b\u0107 na ataki SQL Injection, CSRF, cross-site scrypting i wiele innych<\/li><\/ul><\/td><\/tr><tr style=\"color: white;\"><td style=\"background: #545465; padding-left: 10px;\" width=\"382\">NISKIE KOSZTY WDRO\u017bENIA I UTRZYMANIA<\/td><td width=\"50\" height=\"40\">\u00a0<\/td><td style=\"background: #545465; padding-left: 10px;\" width=\"382\">WYSOKA POZYCJA W WYSZUKIWARKACH<\/td><\/tr><tr><td style=\"padding-top: 10px;\" width=\"382\"><ul><li><strong>Wykorzystanie naszego serwera do hostingu systemu w celu zminimalizowania koszt\u00f3w wdro\u017cenia i utrzymania<br \/><\/strong><\/li><li><strong>Aktywacja 0 z\u0142<\/strong><\/li><li><strong>Nieograniczona liczba u\u017cytkownik\u00f3w<\/strong><\/li><\/ul><\/td><td width=\"50\">\u00a0<\/td><td style=\"padding-top: 10px;\" width=\"382\"><ul><li>System posiada zestaw funkcji, kt\u00f3re przyczyniaj\u0105 si\u0119 wysokiej pozycji w przegl\u0105darkach m.in. dobrze przygotowany kod \u017ar\u00f3d\u0142owy, mechanizm przyjaznych link\u00f3w, indywidualne i dynamiczne ustalanie opis\u00f3w META, itp.<\/li><\/ul><\/td><\/tr><tr style=\"color: white;\"><td style=\"background: #545465; padding-left: 10px;\" width=\"382\">MO\u017bLIWO\u015a\u0106 ROZBUDOWY<\/td><td width=\"50\" height=\"40\">\u00a0<\/td><td style=\"background: #545465; padding-left: 10px;\" width=\"382\">DOST\u0118P DO NARZ\u0118DZI MARKETINGOWYCH<\/td><\/tr><tr><td style=\"padding-top: 10px;\" width=\"382\"><ul><li>System posiada mo\u017cliwo\u015b\u0107 rozbudowy o modu\u0142y dedykowane<\/li><li><strong>Atrakcyjne ceny wdro\u017cenia dedykowanych modu\u0142\u00f3w<\/strong><\/li><\/ul><\/td><td width=\"50\">\u00a0<\/td><td style=\"padding-top: 10px;\" width=\"382\"><ul><li>Wzbogacenie systemu o elementy interaktywne tj. formularze, sondy, ankiety, newsletter, oferty, itp.<\/li><li>Analizator ruchu na stronie WWW<\/li><\/ul><\/td><\/tr><tr style=\"color: white;\"><td style=\"background: #545465; padding-left: 10px;\" width=\"382\">WIELOPOZIOMOWA ADMINISTRACJA STRON\u0104<\/td><td width=\"50\" height=\"40\">\u00a0<\/td><td style=\"background: #545465; padding-left: 10px;\" width=\"382\">STRONA WIELOJ\u0118ZYCZNA<\/td><\/tr><tr><td style=\"padding-top: 10px;\" width=\"382\"><ul><li>Ograniczony dost\u0119p dla u\u017cytkownik\u00f3w do poszczeg\u00f3lnych dzia\u0142\u00f3w serwisu<\/li><li>Zarz\u0105dzanie u\u017cytkownikami systemu<\/li><li>Zarz\u0105dzanie prawami dost\u0119pu u\u017cytkownik\u00f3w<\/li><\/ul><\/td><td width=\"50\">\u00a0<\/td><td style=\"padding-top: 10px;\" width=\"382\"><ul><li>Mo\u017cliwo\u015b\u0107 utworzenia wielu wersji j\u0119zykowych strony<\/li><li>Dost\u0119pne t\u0142umaczenie panelu administracyjnego w wybranych j\u0119zykach<\/li><\/ul><\/td><\/tr><\/tbody><\/table><\/div><\/div><\/div><\/div><\/div><\/div><div id=\"pg-304-3\"  class=\"panel-grid panel-has-style\" ><div class=\"siteorigin-panels-stretch kt-panel-row-stretch panel-widget-style panel-row-style panel-row-style-for-304-3\" style=\"visibility: hidden;border-bottom: 0px solid; \" data-stretch-type=\"full\" ><div id=\"pgc-304-3-0\"  class=\"panel-grid-cell\" ><div id=\"panel-304-3-0-0\" class=\"so-panel widget widget_black-studio-tinymce widget_black_studio_tinymce panel-first-child panel-last-child\" data-index=\"5\" ><div class=\"panel-widget-style panel-widget-style-for-304-3-0-0\" ><h3 class=\"widget-title\">Funkcjonalno\u015b\u0107 naszego systemu INSPIRECMS<\/h3><div class=\"textwidget\"><p><img loading=\"lazy\" decoding=\"async\" class=\"aligncenter wp-image-373 size-large\" title=\"Funkcjonalno\u015b\u0107 systemu CMS - SoftSimple\" src=\"http:\/\/www.softsimple.pl\/wp-content\/uploads\/Diagram-funkcjonalno\u015bci-system-CMS1-1024x905.png\" alt=\"Funkcjonalno\u015b\u0107 systemu CMS - SoftSimple\" width=\"1024\" height=\"905\" srcset=\"https:\/\/www.softsimple.pl\/wp-content\/uploads\/Diagram-funkcjonalno\u015bci-system-CMS1-1024x905.png 1024w, https:\/\/www.softsimple.pl\/wp-content\/uploads\/Diagram-funkcjonalno\u015bci-system-CMS1-300x265.png 300w\" sizes=\"auto, (max-width: 1024px) 100vw, 1024px\" \/><\/p><\/div><\/div><\/div><\/div><\/div><\/div><\/div>","protected":false},"excerpt":{"rendered":"<p>INSPIRECMS INSPIRECRM INSPIREDUO Wygodnie zarz\u0105dzaj swoj\u0105 stron\u0105 internetow\u0105 System zarz\u0105dzania tre\u015bci\u0105 (CMS) to specjalna aplikacja internetowa s\u0142u\u017c\u0105ca do zarz\u0105dzania informacjami na stronie WWW w spos\u00f3b intuicyjny dla os\u00f3b, nieposiadaj\u0105cych specjalistycznej wiedzy na temat programowania i projektowania serwis\u00f3w internetowych. Dzi\u0119ki takiemu &hellip; <a href=\"https:\/\/www.softsimple.pl\/en\/produkty\/system-zarzadzania-trescia-cms\/\">Czytaj wi\u0119cej<\/a><\/p>\n","protected":false},"author":1,"featured_media":0,"parent":233,"menu_order":0,"comment_status":"open","ping_status":"open","template":"","meta":{"_acf_changed":false,"kt_blocks_editor_width":"","_exactmetrics_skip_tracking":false,"_exactmetrics_sitenote_active":false,"_exactmetrics_sitenote_note":"","_exactmetrics_sitenote_category":0,"footnotes":""},"class_list":["post-304","page","type-page","status-publish","hentry"],"acf":[],"yoast_head":"<!-- This site is optimized with the Yoast SEO plugin v25.4 - https:\/\/yoast.com\/wordpress\/plugins\/seo\/ -->\n<title>Content Management System (CMS) - SoftSimple<\/title>\n<meta name=\"description\" content=\"Autorski system zarz\u0105dzania tre\u015bci\u0105 INSPIRECMS jest rozbudowanym systemem CMS, zaprojektowanym dla Twojej firmowej strony WWW, stworzony przez SoftSimple, po to aby zwi\u0119kszy\u0107 mo\u017cliwo\u015bci jakie daje Internet.\" \/>\n<meta name=\"robots\" content=\"index, follow, max-snippet:-1, max-image-preview:large, max-video-preview:-1\" \/>\n<link rel=\"canonical\" href=\"https:\/\/www.softsimple.pl\/produkty\/system-zarzadzania-trescia-cms\/\" \/>\n<meta property=\"og:locale\" content=\"en_US\" \/>\n<meta property=\"og:type\" content=\"article\" \/>\n<meta property=\"og:title\" content=\"[:en]Content Management System (CMS)[:pl]System zarz\u0105dzania tre\u015bci\u0105 (CMS)[:] - SoftSimple\" \/>\n<meta property=\"og:description\" content=\"Autorski system zarz\u0105dzania tre\u015bci\u0105 INSPIRECMS jest rozbudowanym systemem CMS, zaprojektowanym dla Twojej firmowej strony WWW, stworzony przez SoftSimple, po to aby zwi\u0119kszy\u0107 mo\u017cliwo\u015bci jakie daje Internet.\" \/>\n<meta property=\"og:url\" content=\"https:\/\/www.softsimple.pl\/produkty\/system-zarzadzania-trescia-cms\/\" \/>\n<meta property=\"og:site_name\" content=\"SoftSimple\" \/>\n<meta property=\"article:modified_time\" content=\"2018-01-05T13:36:09+00:00\" \/>\n<meta property=\"og:image\" content=\"http:\/\/www.softsimple.pl\/wp-content\/uploads\/cms.png\" \/>\n<meta name=\"twitter:label1\" content=\"Est. reading time\" \/>\n\t<meta name=\"twitter:data1\" content=\"3 minutes\" \/>\n<script type=\"application\/ld+json\" class=\"yoast-schema-graph\">{\"@context\":\"https:\/\/schema.org\",\"@graph\":[{\"@type\":\"WebPage\",\"@id\":\"https:\/\/www.softsimple.pl\/produkty\/system-zarzadzania-trescia-cms\/\",\"url\":\"https:\/\/www.softsimple.pl\/produkty\/system-zarzadzania-trescia-cms\/\",\"name\":\"[:en]Content Management System (CMS)[:pl]System zarz\u0105dzania tre\u015bci\u0105 (CMS)[:] - SoftSimple\",\"isPartOf\":{\"@id\":\"https:\/\/www.softsimple.pl\/#website\"},\"primaryImageOfPage\":{\"@id\":\"https:\/\/www.softsimple.pl\/produkty\/system-zarzadzania-trescia-cms\/#primaryimage\"},\"image\":{\"@id\":\"https:\/\/www.softsimple.pl\/produkty\/system-zarzadzania-trescia-cms\/#primaryimage\"},\"thumbnailUrl\":\"http:\/\/www.softsimple.pl\/wp-content\/uploads\/cms.png\",\"datePublished\":\"2015-03-30T10:39:15+00:00\",\"dateModified\":\"2018-01-05T13:36:09+00:00\",\"description\":\"Autorski system zarz\u0105dzania tre\u015bci\u0105 INSPIRECMS jest rozbudowanym systemem CMS, zaprojektowanym dla Twojej firmowej strony WWW, stworzony przez SoftSimple, po to aby zwi\u0119kszy\u0107 mo\u017cliwo\u015bci jakie daje Internet.\",\"breadcrumb\":{\"@id\":\"https:\/\/www.softsimple.pl\/produkty\/system-zarzadzania-trescia-cms\/#breadcrumb\"},\"inLanguage\":\"en-US\",\"potentialAction\":[{\"@type\":\"ReadAction\",\"target\":[\"https:\/\/www.softsimple.pl\/produkty\/system-zarzadzania-trescia-cms\/\"]}]},{\"@type\":\"ImageObject\",\"inLanguage\":\"en-US\",\"@id\":\"https:\/\/www.softsimple.pl\/produkty\/system-zarzadzania-trescia-cms\/#primaryimage\",\"url\":\"http:\/\/www.softsimple.pl\/wp-content\/uploads\/cms.png\",\"contentUrl\":\"http:\/\/www.softsimple.pl\/wp-content\/uploads\/cms.png\"},{\"@type\":\"BreadcrumbList\",\"@id\":\"https:\/\/www.softsimple.pl\/produkty\/system-zarzadzania-trescia-cms\/#breadcrumb\",\"itemListElement\":[{\"@type\":\"ListItem\",\"position\":1,\"name\":\"Strona g\u0142\u00f3wna\",\"item\":\"https:\/\/www.softsimple.pl\/\"},{\"@type\":\"ListItem\",\"position\":2,\"name\":\"Produkty\",\"item\":\"https:\/\/www.softsimple.pl\/produkty\/\"},{\"@type\":\"ListItem\",\"position\":3,\"name\":\"System zarz\u0105dzania tre\u015bci\u0105 (CMS)\"}]},{\"@type\":\"WebSite\",\"@id\":\"https:\/\/www.softsimple.pl\/#website\",\"url\":\"https:\/\/www.softsimple.pl\/\",\"name\":\"SoftSimple\",\"description\":\"\",\"potentialAction\":[{\"@type\":\"SearchAction\",\"target\":{\"@type\":\"EntryPoint\",\"urlTemplate\":\"https:\/\/www.softsimple.pl\/?s={search_term_string}\"},\"query-input\":{\"@type\":\"PropertyValueSpecification\",\"valueRequired\":true,\"valueName\":\"search_term_string\"}}],\"inLanguage\":\"en-US\"}]}<\/script>\n<!-- \/ Yoast SEO plugin. -->","yoast_head_json":{"title":"[:en]Content Management System (CMS)[:pl]System zarz\u0105dzania tre\u015bci\u0105 (CMS)[:] - SoftSimple","description":"Autorski system zarz\u0105dzania tre\u015bci\u0105 INSPIRECMS jest rozbudowanym systemem CMS, zaprojektowanym dla Twojej firmowej strony WWW, stworzony przez SoftSimple, po to aby zwi\u0119kszy\u0107 mo\u017cliwo\u015bci jakie daje Internet.","robots":{"index":"index","follow":"follow","max-snippet":"max-snippet:-1","max-image-preview":"max-image-preview:large","max-video-preview":"max-video-preview:-1"},"canonical":"https:\/\/www.softsimple.pl\/produkty\/system-zarzadzania-trescia-cms\/","og_locale":"en_US","og_type":"article","og_title":"[:en]Content Management System (CMS)[:pl]System zarz\u0105dzania tre\u015bci\u0105 (CMS)[:] - SoftSimple","og_description":"Autorski system zarz\u0105dzania tre\u015bci\u0105 INSPIRECMS jest rozbudowanym systemem CMS, zaprojektowanym dla Twojej firmowej strony WWW, stworzony przez SoftSimple, po to aby zwi\u0119kszy\u0107 mo\u017cliwo\u015bci jakie daje Internet.","og_url":"https:\/\/www.softsimple.pl\/produkty\/system-zarzadzania-trescia-cms\/","og_site_name":"SoftSimple","article_modified_time":"2018-01-05T13:36:09+00:00","og_image":[{"url":"http:\/\/www.softsimple.pl\/wp-content\/uploads\/cms.png","type":"","width":"","height":""}],"twitter_misc":{"Est. reading time":"3 minutes"},"schema":{"@context":"https:\/\/schema.org","@graph":[{"@type":"WebPage","@id":"https:\/\/www.softsimple.pl\/produkty\/system-zarzadzania-trescia-cms\/","url":"https:\/\/www.softsimple.pl\/produkty\/system-zarzadzania-trescia-cms\/","name":"[:en]Content Management System (CMS)[:pl]System zarz\u0105dzania tre\u015bci\u0105 (CMS)[:] - SoftSimple","isPartOf":{"@id":"https:\/\/www.softsimple.pl\/#website"},"primaryImageOfPage":{"@id":"https:\/\/www.softsimple.pl\/produkty\/system-zarzadzania-trescia-cms\/#primaryimage"},"image":{"@id":"https:\/\/www.softsimple.pl\/produkty\/system-zarzadzania-trescia-cms\/#primaryimage"},"thumbnailUrl":"http:\/\/www.softsimple.pl\/wp-content\/uploads\/cms.png","datePublished":"2015-03-30T10:39:15+00:00","dateModified":"2018-01-05T13:36:09+00:00","description":"Autorski system zarz\u0105dzania tre\u015bci\u0105 INSPIRECMS jest rozbudowanym systemem CMS, zaprojektowanym dla Twojej firmowej strony WWW, stworzony przez SoftSimple, po to aby zwi\u0119kszy\u0107 mo\u017cliwo\u015bci jakie daje Internet.","breadcrumb":{"@id":"https:\/\/www.softsimple.pl\/produkty\/system-zarzadzania-trescia-cms\/#breadcrumb"},"inLanguage":"en-US","potentialAction":[{"@type":"ReadAction","target":["https:\/\/www.softsimple.pl\/produkty\/system-zarzadzania-trescia-cms\/"]}]},{"@type":"ImageObject","inLanguage":"en-US","@id":"https:\/\/www.softsimple.pl\/produkty\/system-zarzadzania-trescia-cms\/#primaryimage","url":"http:\/\/www.softsimple.pl\/wp-content\/uploads\/cms.png","contentUrl":"http:\/\/www.softsimple.pl\/wp-content\/uploads\/cms.png"},{"@type":"BreadcrumbList","@id":"https:\/\/www.softsimple.pl\/produkty\/system-zarzadzania-trescia-cms\/#breadcrumb","itemListElement":[{"@type":"ListItem","position":1,"name":"Strona g\u0142\u00f3wna","item":"https:\/\/www.softsimple.pl\/"},{"@type":"ListItem","position":2,"name":"Produkty","item":"https:\/\/www.softsimple.pl\/produkty\/"},{"@type":"ListItem","position":3,"name":"System zarz\u0105dzania tre\u015bci\u0105 (CMS)"}]},{"@type":"WebSite","@id":"https:\/\/www.softsimple.pl\/#website","url":"https:\/\/www.softsimple.pl\/","name":"SoftSimple","description":"","potentialAction":[{"@type":"SearchAction","target":{"@type":"EntryPoint","urlTemplate":"https:\/\/www.softsimple.pl\/?s={search_term_string}"},"query-input":{"@type":"PropertyValueSpecification","valueRequired":true,"valueName":"search_term_string"}}],"inLanguage":"en-US"}]}},"_links":{"self":[{"href":"https:\/\/www.softsimple.pl\/en\/wp-json\/wp\/v2\/pages\/304","targetHints":{"allow":["GET"]}}],"collection":[{"href":"https:\/\/www.softsimple.pl\/en\/wp-json\/wp\/v2\/pages"}],"about":[{"href":"https:\/\/www.softsimple.pl\/en\/wp-json\/wp\/v2\/types\/page"}],"author":[{"embeddable":true,"href":"https:\/\/www.softsimple.pl\/en\/wp-json\/wp\/v2\/users\/1"}],"replies":[{"embeddable":true,"href":"https:\/\/www.softsimple.pl\/en\/wp-json\/wp\/v2\/comments?post=304"}],"version-history":[{"count":111,"href":"https:\/\/www.softsimple.pl\/en\/wp-json\/wp\/v2\/pages\/304\/revisions"}],"predecessor-version":[{"id":1478,"href":"https:\/\/www.softsimple.pl\/en\/wp-json\/wp\/v2\/pages\/304\/revisions\/1478"}],"up":[{"embeddable":true,"href":"https:\/\/www.softsimple.pl\/en\/wp-json\/wp\/v2\/pages\/233"}],"wp:attachment":[{"href":"https:\/\/www.softsimple.pl\/en\/wp-json\/wp\/v2\/media?parent=304"}],"curies":[{"name":"wp","href":"https:\/\/api.w.org\/{rel}","templated":true}]}}