{"id":310,"date":"2015-03-30T13:07:52","date_gmt":"2015-03-30T11:07:52","guid":{"rendered":"http:\/\/www.softsimple.pl\/?page_id=310"},"modified":"2018-01-05T14:37:35","modified_gmt":"2018-01-05T13:37:35","slug":"inteligentny-system-maksymalizacji-zyskow-duo","status":"publish","type":"page","link":"https:\/\/www.softsimple.pl\/en\/produkty\/inteligentny-system-maksymalizacji-zyskow-duo\/","title":{"rendered":"(PL) Inteligentny system maksymalizacji zysk\u00f3w INSPIREDUO"},"content":{"rendered":"<div id=\"pl-310\"  class=\"panel-layout\" ><div id=\"pg-310-0\"  class=\"panel-grid panel-has-style\" ><div class=\"panel-widget-style panel-row-style panel-row-style-for-310-0\" ><div id=\"pgc-310-0-0\"  class=\"panel-grid-cell panel-grid-cell-empty\" ><\/div><div id=\"pgc-310-0-1\"  class=\"panel-grid-cell\" ><div id=\"panel-310-0-1-0\" class=\"so-panel widget widget_black-studio-tinymce widget_black_studio_tinymce panel-first-child panel-last-child\" data-index=\"0\" ><div class=\"textwidget\"><div class=\"textwidget\">\n    <a class=\"kad-icon-box-34 kad-icon-box\" target=\"_self\" href=\"\/produkty\/system-zarzadzania-trescia-cms\/\"><br \/>\n<img decoding=\"async\" src=\"\/wp-content\/uploads\/InspireCMS.png\" style=\"height: 120px; margin-bottom: 10px;\" \/><\/p>\n<h4 style=\"font-family: 'Roboto Condensed', sans-serif;\">INSPIRE<span style=\"font-weight: 600;\">CMS<\/span><\/h4>\n<p>    <\/a>\n<\/div>\n<\/div><\/div><\/div><div id=\"pgc-310-0-2\"  class=\"panel-grid-cell\" ><div id=\"panel-310-0-2-0\" class=\"so-panel widget widget_black-studio-tinymce widget_black_studio_tinymce panel-first-child panel-last-child\" data-index=\"1\" ><div class=\"textwidget\"><div class=\"textwidget\">\n    <a class=\"kad-icon-box-34 kad-icon-box\" target=\"_self\" href=\"\/produkty\/system-zarzadzania-relacjami-z-klientami-crm\"><br \/>\n<img decoding=\"async\" src=\"\/wp-content\/uploads\/InspireCRM.png\" style=\"height: 120px; margin-bottom: 10px;\" \/><\/p>\n<h4 style=\"font-family: 'Roboto Condensed', sans-serif;\">INSPIRE<span style=\"font-weight: 600;\">CRM<\/span><\/h4>\n<p>    <\/a>\n<\/div>\n<\/div><\/div><\/div><div id=\"pgc-310-0-3\"  class=\"panel-grid-cell panel-grid-cell-mobile-last\" ><div id=\"panel-310-0-3-0\" class=\"so-panel widget widget_black-studio-tinymce widget_black_studio_tinymce panel-first-child panel-last-child\" data-index=\"2\" ><div class=\"textwidget\"><div class=\"textwidget\">\n    <a class=\"kad-icon-box-34 kad-icon-box\" target=\"_self\" href=\"\/produkty\/inteligentny-system-maksymalizacji-zyskow-duo\/\"><br \/>\n<img decoding=\"async\" src=\"\/wp-content\/uploads\/InspireDUO.png\" style=\"height: 120px; margin-bottom: 10px;\" \/><\/p>\n<h4 style=\"font-family: 'Roboto Condensed', sans-serif;\">INSPIRE<span style=\"font-weight: 600;\">DUO<\/span><\/h4>\n<p>    <\/a>\n<\/div>\n<\/div><\/div><\/div><div id=\"pgc-310-0-4\"  class=\"panel-grid-cell panel-grid-cell-empty\" ><\/div><\/div><\/div><div id=\"pg-310-1\"  class=\"panel-grid panel-has-style\" ><div class=\"siteorigin-panels-stretch kt-panel-row-stretch panel-widget-style panel-row-style panel-row-style-for-310-1\" style=\"visibility: hidden;border-bottom: 0px solid; \" data-stretch-type=\"full\" ><div id=\"pgc-310-1-0\"  class=\"panel-grid-cell\" ><div id=\"panel-310-1-0-0\" class=\"so-panel widget widget_black-studio-tinymce widget_black_studio_tinymce panel-first-child panel-last-child\" data-index=\"3\" ><h3 class=\"widget-title\">Czym jest inteligentny system maksymalizacji zysk\u00f3w INSPIREDUO?<\/h3><div class=\"textwidget\"><div style=\"float: left; margin-left: 20px;\"><p><img loading=\"lazy\" decoding=\"async\" class=\"alignright wp-image-510\" style=\"margin: 0px; padding: 0px; float: right; margin-right: 20px; margin-left: 20px;\" src=\"http:\/\/www.softsimple.pl\/wp-content\/uploads\/duo.png\" alt=\"mobile\" width=\"419\" height=\"440\" \/><\/p><h3><span style=\"color: #a86a5b;\"><strong>Kompleksowe rozwi\u0105zanie w Twoim przedsi\u0119biorstwie<br \/> <\/strong><\/span><\/h3><div class=\"kad-spacer clearfix\" style=\"height:20px\"><\/div> System INSPIRE<strong>DUO<\/strong> sk\u0142ada si\u0119 z modu\u0142u wspomagaj\u0105cego zarz\u0105dzanie firmow\u0105 stron\u0105 internetow\u0105, modu\u0142u automatyzacji proces\u00f3w marketingowych, sprzeda\u017cowych oraz do budowy relacji z klientami dzi\u0119ki wsparciu posprzeda\u017cowym, jak r\u00f3wnie\u017c kontroli czasu pracy swoich pracownik\u00f3w za pomoc\u0105 <b>Internetu rzeczy<\/b> (ang. <i>Internet of Things<\/i> \u2013 IoT).<br \/> <div class=\"kad-spacer clearfix\" style=\"height:20px\"><\/div> Dzi\u0119ki po\u0142\u0105czeniu dw\u00f3ch system\u00f3w wykorzystujemy potencja\u0142 Twojej strony firmowej do pozyskiwania informacji o odwiedzaj\u0105cych, a zgromadzone dane przetwarzamy po to, aby udoskonali\u0107 procesy marketingowe, sprzeda\u017cowe oraz posprzeda\u017cowe w Twojej firmie.<br \/> <div class=\"kad-spacer clearfix\" style=\"height:20px\"><\/div> Inteligentny system INSPIRE<strong>DUO<\/strong> to po\u0142\u0105czenie dw\u00f3ch prze\u0142omowych produkt\u00f3w w jednym nowatorskim opakowaniu. <strong>System ten jest kompleksowym rozwi\u0105zaniem, pozwalaj\u0105cym przedsi\u0119biorcom w pe\u0142ni rozwin\u0105\u0107 sw\u00f3j potencja\u0142.<\/strong> Dzi\u0119ki najnowocze\u015bniejszym technologiom, u\u017cytym do budowy systemu, jego wydajno\u015b\u0107 oraz wygoda u\u017cytkowania, s\u0105 na najwy\u017cszym poziomie.<\/p><\/div><\/div><\/div><\/div><\/div><\/div><div id=\"pg-310-2\"  class=\"panel-grid panel-has-style\" ><div class=\"siteorigin-panels-stretch kt-panel-row-stretch panel-widget-style panel-row-style panel-row-style-for-310-2\" style=\"visibility: hidden;border-bottom: 0px solid; \" data-stretch-type=\"full\" ><div id=\"pgc-310-2-0\"  class=\"panel-grid-cell\" ><div id=\"panel-310-2-0-0\" class=\"so-panel widget widget_black-studio-tinymce widget_black_studio_tinymce panel-first-child panel-last-child\" data-index=\"4\" ><div class=\"panel-widget-style panel-widget-style-for-310-2-0-0\" ><h3 class=\"widget-title\">Benefits of the proprietary INSPIREDUO system<\/h3><div class=\"textwidget\"><table class=\"aligncenter\" style=\"width: 70%;\" align=\"center\"><tbody><tr style=\"color: white;\"><td style=\"background: #545465; padding-left: 10px;\" width=\"382\">SKUTECZNY KANA\u0141 KOMUNIKACJI Z KLIENTAMI<\/td><td width=\"50\" height=\"40\">\u00a0<\/td><td style=\"background: #545465; padding-left: 10px;\" width=\"382\">KAMPANIE MARKETINGOWE W JEDNYM MIEJSCU<\/td><\/tr><tr><td style=\"padding-top: 10px;\" width=\"382\"><ul><li><strong>Powiadamianie SMS\/E-mail klient\u00f3w o ko\u0144cz\u0105cej si\u0119 umowie lub o zbli\u017caj\u0105cym si\u0119 terminie wykonania us\u0142ugi<\/strong><\/li><li><strong>Personalizacja tre\u015bci SMS\/E-mail<\/strong><\/li><li><strong>Automatyzacja wysy\u0142ki wiadomo\u015bci<\/strong><\/li><li><strong>Bezpo\u015brednia komunikacja klienta z pracownikiem poprzez stron\u0119 WWW<\/strong><\/li><\/ul><\/td><td width=\"50\">\u00a0<\/td><td style=\"padding-top: 10px;\" width=\"382\"><ul><li><strong>Dost\u0119p do wielu narz\u0119dzi marketingu po\u015bredniego i bezpo\u015bredniego (w tym SMS\/E-mail, Google AdWords, Google AdSens)<\/strong><\/li><li><strong>Wsparcie dla przedstawicieli handlowych w planowaniu kontaktu z klientem<\/strong><\/li><li><strong>Szacowanie koszt\u00f3w kampanii oraz ich rentowno\u015b\u0107<\/strong><\/li><li><strong>Dostosowanie optymalnego rozwi\u0105zania marketingowego na podstawie np. za\u0142o\u017conego bud\u017cetu<\/strong><\/li><\/ul><\/td><\/tr><tr style=\"color: white;\"><td style=\"background: #545465; padding-left: 10px;\" width=\"382\">EFEKTYWNA SAMOOBS\u0141UGA KLIENTA<\/td><td width=\"50\" height=\"40\">\u00a0<\/td><td style=\"background: #545465; padding-left: 10px;\" width=\"382\">UPORZ\u0104DKOWANIE ZADA\u0143 W FIRMIE<\/td><\/tr><tr><td style=\"padding-top: 10px;\" width=\"382\"><ul><li>Mo\u017cliwo\u015b\u0107 zamawiania us\u0142ug przez stron\u0119 WWW<\/li><li>Automatyczne gromadzenie oraz analiza danych o klientach<\/li><li>Interaktywne wsparcie klienta, efektywne wykorzystanie strony WWW do zbierania oraz analizy zg\u0142osze\u0144 klient\u00f3w<\/li><\/ul><\/td><td width=\"50\">\u00a0<\/td><td style=\"padding-top: 10px;\" width=\"382\"><ul><li>Intuicyjne tworzenie prywatnych zada\u0144 lub zlecanie ich innym\u00a0pracownikom<\/li><li>Zarz\u0105dzanie zam\u00f3wieniami, warunkami dostawy us\u0142ugi lub produktu klientowi<\/li><li>Raportowanie wszystkich proces\u00f3w w firmie<\/li><li>Komunikacja pomi\u0119dzy pracownikami za pomoc\u0105 komunikatora<\/li><\/ul><\/td><\/tr><tr style=\"color: white;\"><td style=\"background: #545465; padding-left: 10px;\" width=\"382\">DOSKONA\u0141A MOTYWACJA PRACOWNIK\u00d3W<\/td><td width=\"50\" height=\"40\">\u00a0<\/td><td style=\"background: #545465; padding-left: 10px;\" width=\"382\">BEZPIECZE\u0143STWO I PROSTOTA OBS\u0141UGI<\/td><\/tr><tr><td style=\"padding-top: 10px;\" width=\"382\"><ul><li><strong>Kontrola czasu pracy pracownik\u00f3w za pomoc\u0105 urz\u0105dze\u0144 IoT i wgl\u0105d do nich w czasie rzeczywistym<\/strong><\/li><li><strong>Zwi\u0119kszenie motywacji\u00a0pracownik\u00f3w do wprowadzania szczeg\u00f3\u0142owych danych<\/strong> m.in. o klientach, konkurencji i kontaktach, wykorzystywanych do analizy r\u00f3\u017cnych segment\u00f3w rynku<\/li><li><strong>Po\u0142\u0105czenie pracy u\u017cytkownika systemu z realnymi premiami<\/strong>, a co za tym idzie wzrost efektywno\u015bci wykonywanych zada\u0144<\/li><\/ul><\/td><td width=\"50\">\u00a0<\/td><td style=\"padding-top: 10px;\" width=\"382\"><ul><li>Wgl\u0105d w prac\u0119 systemu oraz innych u\u017cytkownik\u00f3w<\/li><li>Powiadomienia o zdarzeniach w systemie<\/li><li>Dedykowany adres IP oraz szyfrowanie danych za pomoc\u0105 certyfikatu SSL<\/li><li>Najnowsza wersja systemu Windows Server, serwera aplikacji IIS oraz bazy danych MSSQL<\/li><li>Haszowanie hase\u0142, backup danych, niepodatno\u015b\u0107 na ataki SQL Injection, CSRF, cross-site scrypting, itd.<\/li><\/ul><\/td><\/tr><tr style=\"color: white;\"><td style=\"background: #545465; padding-left: 10px;\" width=\"382\">MO\u017bLIWO\u015a\u0106 ROZBUDOWY<\/td><td width=\"50\" height=\"40\">\u00a0<\/td><td style=\"background: #545465; padding-left: 10px;\" width=\"382\">DOST\u0118P DO NARZ\u0118DZI ANALITYCZNYCH<\/td><\/tr><tr><td style=\"padding-top: 10px;\" width=\"382\"><ul><li>System posiada mo\u017cliwo\u015b\u0107 rozbudowy o modu\u0142y dedykowane<\/li><li><strong>Atrakcyjne ceny wdro\u017cenia dedykowanych modu\u0142\u00f3w<\/strong><\/li><\/ul><\/td><td width=\"50\">\u00a0<\/td><td style=\"padding-top: 10px;\" width=\"382\"><ul><li>Wsparcie przy udoskonalaniu\u00a0oferty\u00a0poprzez analiz\u0119 wynik\u00f3w sprzeda\u017cy<\/li><li>Analiza konkurencji<\/li><li>Wzbogacenie systemu o elementy interaktywne tj. formularze, sondy, ankiety, newsletter, oferty, itp.<\/li><li>Analizator ruchu na stronie WWW<\/li><\/ul><\/td><\/tr><tr style=\"color: white;\"><td style=\"background: #545465; padding-left: 10px;\" width=\"382\">WIELOPOZIOMOWA ADMINISTRACJA STRON\u0104<\/td><td width=\"50\" height=\"40\">\u00a0<\/td><td style=\"background: #545465; padding-left: 10px;\" width=\"382\">SYSTEM WIELOJ\u0118ZYCZNA<\/td><\/tr><tr><td style=\"padding-top: 10px;\" width=\"382\"><ul><li>Ograniczony dost\u0119p dla u\u017cytkownik\u00f3w do poszczeg\u00f3lnych dzia\u0142\u00f3w serwisu<\/li><li>Zarz\u0105dzanie u\u017cytkownikami systemu<\/li><li>Zarz\u0105dzanie prawami dost\u0119pu u\u017cytkownik\u00f3w<\/li><\/ul><\/td><td width=\"50\">\u00a0<\/td><td style=\"padding-top: 10px;\" width=\"382\"><ul><li>Mo\u017cliwo\u015b\u0107 tworzenia wielu wersji j\u0119zykowych strony<\/li><li>Dost\u0119pne t\u0142umaczenie panelu administracyjnego w wybranych j\u0119zykach<\/li><\/ul><\/td><\/tr><\/tbody><\/table><\/div><\/div><\/div><\/div><\/div><\/div><div id=\"pg-310-3\"  class=\"panel-grid panel-has-style\" ><div class=\"siteorigin-panels-stretch kt-panel-row-stretch panel-widget-style panel-row-style panel-row-style-for-310-3\" style=\"visibility: hidden;border-bottom: 0px solid; \" data-stretch-type=\"full\" ><div id=\"pgc-310-3-0\"  class=\"panel-grid-cell\" ><div id=\"panel-310-3-0-0\" class=\"so-panel widget widget_black-studio-tinymce widget_black_studio_tinymce panel-first-child panel-last-child\" data-index=\"5\" ><div class=\"panel-widget-style panel-widget-style-for-310-3-0-0\" ><h3 class=\"widget-title\">Funkcjonalno\u015b\u0107 systemu INSPIREDUO<\/h3><div class=\"textwidget\"><p><img loading=\"lazy\" decoding=\"async\" class=\"aligncenter  wp-image-1415\" src=\"http:\/\/www.softsimple.pl\/wp-content\/uploads\/DUO_infografika3-985x1024.png\" alt=\"\" width=\"691\" height=\"718\" srcset=\"https:\/\/www.softsimple.pl\/wp-content\/uploads\/DUO_infografika3-985x1024.png 985w, https:\/\/www.softsimple.pl\/wp-content\/uploads\/DUO_infografika3-289x300.png 289w, https:\/\/www.softsimple.pl\/wp-content\/uploads\/DUO_infografika3-768x798.png 768w, https:\/\/www.softsimple.pl\/wp-content\/uploads\/DUO_infografika3.png 2175w\" sizes=\"auto, (max-width: 691px) 100vw, 691px\" \/><\/p><\/div><\/div><\/div><\/div><\/div><\/div><\/div>","protected":false},"excerpt":{"rendered":"<p>INSPIRECMS INSPIRECRM INSPIREDUO Kompleksowe rozwi\u0105zanie w Twoim przedsi\u0119biorstwie System INSPIREDUO sk\u0142ada si\u0119 z modu\u0142u wspomagaj\u0105cego zarz\u0105dzanie firmow\u0105 stron\u0105 internetow\u0105, modu\u0142u automatyzacji proces\u00f3w marketingowych, sprzeda\u017cowych oraz do budowy relacji z klientami dzi\u0119ki wsparciu posprzeda\u017cowym, jak r\u00f3wnie\u017c kontroli czasu pracy swoich pracownik\u00f3w &hellip; <a href=\"https:\/\/www.softsimple.pl\/en\/produkty\/inteligentny-system-maksymalizacji-zyskow-duo\/\">Czytaj wi\u0119cej<\/a><\/p>\n","protected":false},"author":1,"featured_media":0,"parent":233,"menu_order":0,"comment_status":"open","ping_status":"open","template":"","meta":{"_acf_changed":false,"kt_blocks_editor_width":"","_exactmetrics_skip_tracking":false,"_exactmetrics_sitenote_active":false,"_exactmetrics_sitenote_note":"","_exactmetrics_sitenote_category":0,"footnotes":""},"class_list":["post-310","page","type-page","status-publish","hentry"],"acf":[],"yoast_head":"<!-- This site is optimized with the Yoast SEO plugin v25.4 - https:\/\/yoast.com\/wordpress\/plugins\/seo\/ -->\n<title><\/title>\n<meta name=\"description\" content=\"Inteligentny system maksymalizacji zysk\u00f3w stworzony przez SoftSimple jest kompleksowym rozwi\u0105zaniem, pozwalaj\u0105cym firmom w pe\u0142ni rozwin\u0105\u0107 sw\u00f3j potencja\u0142.\" \/>\n<meta name=\"robots\" content=\"index, follow, max-snippet:-1, max-image-preview:large, max-video-preview:-1\" \/>\n<link rel=\"canonical\" href=\"https:\/\/www.softsimple.pl\/produkty\/inteligentny-system-maksymalizacji-zyskow-duo\/\" \/>\n<meta property=\"og:locale\" content=\"en_US\" \/>\n<meta property=\"og:type\" content=\"article\" \/>\n<meta property=\"og:title\" content=\"[:pl]Inteligentny system maksymalizacji zysk\u00f3w INSPIREDUO[:] - SoftSimple\" \/>\n<meta property=\"og:description\" content=\"Inteligentny system maksymalizacji zysk\u00f3w stworzony przez SoftSimple jest kompleksowym rozwi\u0105zaniem, pozwalaj\u0105cym firmom w pe\u0142ni rozwin\u0105\u0107 sw\u00f3j potencja\u0142.\" \/>\n<meta property=\"og:url\" content=\"https:\/\/www.softsimple.pl\/produkty\/inteligentny-system-maksymalizacji-zyskow-duo\/\" \/>\n<meta property=\"og:site_name\" content=\"SoftSimple\" \/>\n<meta property=\"article:modified_time\" content=\"2018-01-05T13:37:35+00:00\" \/>\n<meta property=\"og:image\" content=\"http:\/\/www.softsimple.pl\/wp-content\/uploads\/duo.png\" \/>\n<meta name=\"twitter:label1\" content=\"Est. reading time\" \/>\n\t<meta name=\"twitter:data1\" content=\"3 minutes\" \/>\n<script type=\"application\/ld+json\" class=\"yoast-schema-graph\">{\"@context\":\"https:\/\/schema.org\",\"@graph\":[{\"@type\":\"WebPage\",\"@id\":\"https:\/\/www.softsimple.pl\/produkty\/inteligentny-system-maksymalizacji-zyskow-duo\/\",\"url\":\"https:\/\/www.softsimple.pl\/produkty\/inteligentny-system-maksymalizacji-zyskow-duo\/\",\"name\":\"[:pl]Inteligentny system maksymalizacji zysk\u00f3w INSPIREDUO[:] - SoftSimple\",\"isPartOf\":{\"@id\":\"https:\/\/www.softsimple.pl\/#website\"},\"primaryImageOfPage\":{\"@id\":\"https:\/\/www.softsimple.pl\/produkty\/inteligentny-system-maksymalizacji-zyskow-duo\/#primaryimage\"},\"image\":{\"@id\":\"https:\/\/www.softsimple.pl\/produkty\/inteligentny-system-maksymalizacji-zyskow-duo\/#primaryimage\"},\"thumbnailUrl\":\"http:\/\/www.softsimple.pl\/wp-content\/uploads\/duo.png\",\"datePublished\":\"2015-03-30T11:07:52+00:00\",\"dateModified\":\"2018-01-05T13:37:35+00:00\",\"description\":\"Inteligentny system maksymalizacji zysk\u00f3w stworzony przez SoftSimple jest kompleksowym rozwi\u0105zaniem, pozwalaj\u0105cym firmom w pe\u0142ni rozwin\u0105\u0107 sw\u00f3j potencja\u0142.\",\"breadcrumb\":{\"@id\":\"https:\/\/www.softsimple.pl\/produkty\/inteligentny-system-maksymalizacji-zyskow-duo\/#breadcrumb\"},\"inLanguage\":\"en-US\",\"potentialAction\":[{\"@type\":\"ReadAction\",\"target\":[\"https:\/\/www.softsimple.pl\/produkty\/inteligentny-system-maksymalizacji-zyskow-duo\/\"]}]},{\"@type\":\"ImageObject\",\"inLanguage\":\"en-US\",\"@id\":\"https:\/\/www.softsimple.pl\/produkty\/inteligentny-system-maksymalizacji-zyskow-duo\/#primaryimage\",\"url\":\"http:\/\/www.softsimple.pl\/wp-content\/uploads\/duo.png\",\"contentUrl\":\"http:\/\/www.softsimple.pl\/wp-content\/uploads\/duo.png\"},{\"@type\":\"BreadcrumbList\",\"@id\":\"https:\/\/www.softsimple.pl\/produkty\/inteligentny-system-maksymalizacji-zyskow-duo\/#breadcrumb\",\"itemListElement\":[{\"@type\":\"ListItem\",\"position\":1,\"name\":\"Strona g\u0142\u00f3wna\",\"item\":\"https:\/\/www.softsimple.pl\/\"},{\"@type\":\"ListItem\",\"position\":2,\"name\":\"Produkty\",\"item\":\"https:\/\/www.softsimple.pl\/produkty\/\"},{\"@type\":\"ListItem\",\"position\":3,\"name\":\"Inteligentny system maksymalizacji zysk\u00f3w INSPIREDUO\"}]},{\"@type\":\"WebSite\",\"@id\":\"https:\/\/www.softsimple.pl\/#website\",\"url\":\"https:\/\/www.softsimple.pl\/\",\"name\":\"SoftSimple\",\"description\":\"\",\"potentialAction\":[{\"@type\":\"SearchAction\",\"target\":{\"@type\":\"EntryPoint\",\"urlTemplate\":\"https:\/\/www.softsimple.pl\/?s={search_term_string}\"},\"query-input\":{\"@type\":\"PropertyValueSpecification\",\"valueRequired\":true,\"valueName\":\"search_term_string\"}}],\"inLanguage\":\"en-US\"}]}<\/script>\n<!-- \/ Yoast SEO plugin. -->","yoast_head_json":{"title":"[:pl]Inteligentny system maksymalizacji zysk\u00f3w INSPIREDUO[:] - SoftSimple","description":"Inteligentny system maksymalizacji zysk\u00f3w stworzony przez SoftSimple jest kompleksowym rozwi\u0105zaniem, pozwalaj\u0105cym firmom w pe\u0142ni rozwin\u0105\u0107 sw\u00f3j potencja\u0142.","robots":{"index":"index","follow":"follow","max-snippet":"max-snippet:-1","max-image-preview":"max-image-preview:large","max-video-preview":"max-video-preview:-1"},"canonical":"https:\/\/www.softsimple.pl\/produkty\/inteligentny-system-maksymalizacji-zyskow-duo\/","og_locale":"en_US","og_type":"article","og_title":"[:pl]Inteligentny system maksymalizacji zysk\u00f3w INSPIREDUO[:] - SoftSimple","og_description":"Inteligentny system maksymalizacji zysk\u00f3w stworzony przez SoftSimple jest kompleksowym rozwi\u0105zaniem, pozwalaj\u0105cym firmom w pe\u0142ni rozwin\u0105\u0107 sw\u00f3j potencja\u0142.","og_url":"https:\/\/www.softsimple.pl\/produkty\/inteligentny-system-maksymalizacji-zyskow-duo\/","og_site_name":"SoftSimple","article_modified_time":"2018-01-05T13:37:35+00:00","og_image":[{"url":"http:\/\/www.softsimple.pl\/wp-content\/uploads\/duo.png","type":"","width":"","height":""}],"twitter_misc":{"Est. reading time":"3 minutes"},"schema":{"@context":"https:\/\/schema.org","@graph":[{"@type":"WebPage","@id":"https:\/\/www.softsimple.pl\/produkty\/inteligentny-system-maksymalizacji-zyskow-duo\/","url":"https:\/\/www.softsimple.pl\/produkty\/inteligentny-system-maksymalizacji-zyskow-duo\/","name":"[:pl]Inteligentny system maksymalizacji zysk\u00f3w INSPIREDUO[:] - SoftSimple","isPartOf":{"@id":"https:\/\/www.softsimple.pl\/#website"},"primaryImageOfPage":{"@id":"https:\/\/www.softsimple.pl\/produkty\/inteligentny-system-maksymalizacji-zyskow-duo\/#primaryimage"},"image":{"@id":"https:\/\/www.softsimple.pl\/produkty\/inteligentny-system-maksymalizacji-zyskow-duo\/#primaryimage"},"thumbnailUrl":"http:\/\/www.softsimple.pl\/wp-content\/uploads\/duo.png","datePublished":"2015-03-30T11:07:52+00:00","dateModified":"2018-01-05T13:37:35+00:00","description":"Inteligentny system maksymalizacji zysk\u00f3w stworzony przez SoftSimple jest kompleksowym rozwi\u0105zaniem, pozwalaj\u0105cym firmom w pe\u0142ni rozwin\u0105\u0107 sw\u00f3j potencja\u0142.","breadcrumb":{"@id":"https:\/\/www.softsimple.pl\/produkty\/inteligentny-system-maksymalizacji-zyskow-duo\/#breadcrumb"},"inLanguage":"en-US","potentialAction":[{"@type":"ReadAction","target":["https:\/\/www.softsimple.pl\/produkty\/inteligentny-system-maksymalizacji-zyskow-duo\/"]}]},{"@type":"ImageObject","inLanguage":"en-US","@id":"https:\/\/www.softsimple.pl\/produkty\/inteligentny-system-maksymalizacji-zyskow-duo\/#primaryimage","url":"http:\/\/www.softsimple.pl\/wp-content\/uploads\/duo.png","contentUrl":"http:\/\/www.softsimple.pl\/wp-content\/uploads\/duo.png"},{"@type":"BreadcrumbList","@id":"https:\/\/www.softsimple.pl\/produkty\/inteligentny-system-maksymalizacji-zyskow-duo\/#breadcrumb","itemListElement":[{"@type":"ListItem","position":1,"name":"Strona g\u0142\u00f3wna","item":"https:\/\/www.softsimple.pl\/"},{"@type":"ListItem","position":2,"name":"Produkty","item":"https:\/\/www.softsimple.pl\/produkty\/"},{"@type":"ListItem","position":3,"name":"Inteligentny system maksymalizacji zysk\u00f3w INSPIREDUO"}]},{"@type":"WebSite","@id":"https:\/\/www.softsimple.pl\/#website","url":"https:\/\/www.softsimple.pl\/","name":"SoftSimple","description":"","potentialAction":[{"@type":"SearchAction","target":{"@type":"EntryPoint","urlTemplate":"https:\/\/www.softsimple.pl\/?s={search_term_string}"},"query-input":{"@type":"PropertyValueSpecification","valueRequired":true,"valueName":"search_term_string"}}],"inLanguage":"en-US"}]}},"_links":{"self":[{"href":"https:\/\/www.softsimple.pl\/en\/wp-json\/wp\/v2\/pages\/310","targetHints":{"allow":["GET"]}}],"collection":[{"href":"https:\/\/www.softsimple.pl\/en\/wp-json\/wp\/v2\/pages"}],"about":[{"href":"https:\/\/www.softsimple.pl\/en\/wp-json\/wp\/v2\/types\/page"}],"author":[{"embeddable":true,"href":"https:\/\/www.softsimple.pl\/en\/wp-json\/wp\/v2\/users\/1"}],"replies":[{"embeddable":true,"href":"https:\/\/www.softsimple.pl\/en\/wp-json\/wp\/v2\/comments?post=310"}],"version-history":[{"count":52,"href":"https:\/\/www.softsimple.pl\/en\/wp-json\/wp\/v2\/pages\/310\/revisions"}],"predecessor-version":[{"id":1480,"href":"https:\/\/www.softsimple.pl\/en\/wp-json\/wp\/v2\/pages\/310\/revisions\/1480"}],"up":[{"embeddable":true,"href":"https:\/\/www.softsimple.pl\/en\/wp-json\/wp\/v2\/pages\/233"}],"wp:attachment":[{"href":"https:\/\/www.softsimple.pl\/en\/wp-json\/wp\/v2\/media?parent=310"}],"curies":[{"name":"wp","href":"https:\/\/api.w.org\/{rel}","templated":true}]}}