{"id":408,"date":"2015-05-01T11:03:21","date_gmt":"2015-05-01T09:03:21","guid":{"rendered":"http:\/\/www.softsimple.pl\/?page_id=408"},"modified":"2015-05-04T09:00:32","modified_gmt":"2015-05-04T07:00:32","slug":"skomponuj-swoj-system","status":"publish","type":"page","link":"https:\/\/www.softsimple.pl\/en\/skomponuj-swoj-system\/","title":{"rendered":"Compose your system"},"content":{"rendered":"<div id=\"pl-408\"  class=\"panel-layout\" ><div id=\"pg-408-0\"  class=\"panel-grid panel-has-style\" ><div class=\"siteorigin-panels-stretch kt-panel-row-stretch panel-widget-style panel-row-style panel-row-style-for-408-0\" style=\"background-image: url(https:\/\/www.softsimple.pl\/wp-content\/uploads\/12.jpg);background-size: cover;background-position: left top;visibility: hidden;\" data-stretch-type=\"full\" ><div id=\"pgc-408-0-0\"  class=\"panel-grid-cell\" ><div id=\"panel-408-0-0-0\" class=\"so-panel widget widget_black-studio-tinymce widget_black_studio_tinymce panel-first-child panel-last-child\" data-index=\"0\" ><div class=\"textwidget\"><section>\n<h2 style=\"text-align: center; margin-top: 0px; padding-top: 10px; color: white; font-weight: 100;\"><span style=\"font-weight: 400; letter-spacing: -1px;\"><\/span><\/h2>\n<p style=\"text-align: center; padding: 20px; color: white; font-size: 16px; line-height: 140%;\">Masz do\u015b\u0107 korzystania z kilku aplikacji na raz? Skomponuj sw\u00f3j system, b\u0119d\u0105cy sercem Twojej firmy i miejscem \u0142\u0105cz\u0105cym funkcjonalno\u015b\u0107 wielu aplikacji!<\/p>\n[php snippet=1]\n<\/section><\/div><\/div><\/div><div id=\"pgc-408-0-1\"  class=\"panel-grid-cell\" ><div id=\"panel-408-0-1-0\" class=\"so-panel widget widget_black-studio-tinymce widget_black_studio_tinymce panel-first-child panel-last-child\" data-index=\"1\" ><div class=\"textwidget\"><section style=\"top: 30%; position: fixed; padding: 10px; color: white; font-weight: 300; font-size: 12px;\">\nWarto\u015b\u0107: <span id=\"result\">0<\/span> z\u0142<\/br>\nRabat: <span id=\"discount\">0<\/span> %<\/br>\nWarto\u015b\u0107 z uwzgl\u0119dnionym rabatem: <span id=\"total\">0<\/span> z\u0142<\/br>\n<span id=\"hosting\" display=\"none;\">Hosting:<\/span><\/br>\n\nNieograniczona liczba u\u017cytkownik\u00f3w<\/br>\nCa\u0142odobowe wsparcie techniczne<\/br>\nResponsywna i zarz\u0105dzalna szata graficzna<\/br>\n[php snippet=2]\n<\/section><\/div><\/div><\/div><\/div><\/div><\/div>","protected":false},"excerpt":{"rendered":"<p>Masz do\u015b\u0107 korzystania z kilku aplikacji na raz? Skomponuj sw\u00f3j system, b\u0119d\u0105cy sercem Twojej firmy i miejscem \u0142\u0105cz\u0105cym funkcjonalno\u015b\u0107 wielu aplikacji! [php snippet=1] Warto\u015b\u0107: 0 z\u0142 Rabat: 0 % Warto\u015b\u0107 z uwzgl\u0119dnionym rabatem: 0 z\u0142 Hosting: Nieograniczona liczba u\u017cytkownik\u00f3w Ca\u0142odobowe &hellip; <a href=\"https:\/\/www.softsimple.pl\/en\/skomponuj-swoj-system\/\">Czytaj wi\u0119cej<\/a><\/p>\n","protected":false},"author":1,"featured_media":0,"parent":0,"menu_order":0,"comment_status":"open","ping_status":"open","template":"template-pagebuilder.php","meta":{"_acf_changed":false,"kt_blocks_editor_width":"","_exactmetrics_skip_tracking":false,"_exactmetrics_sitenote_active":false,"_exactmetrics_sitenote_note":"","_exactmetrics_sitenote_category":0,"footnotes":""},"class_list":["post-408","page","type-page","status-publish","hentry"],"acf":[],"yoast_head":"<!-- This site is optimized with the Yoast SEO plugin v25.4 - https:\/\/yoast.com\/wordpress\/plugins\/seo\/ -->\n<title>Compose your system - SoftSimple<\/title>\n<meta name=\"description\" content=\"[:pl]Masz do\u015b\u0107 korzystania z kilku aplikacji na raz? Skomponuj sw\u00f3j system, b\u0119d\u0105cy sercem Twojej firmy i miejscem \u0142\u0105cz\u0105cym funkcjonalno\u015b\u0107 wielu aplikacji![:]\" \/>\n<meta name=\"robots\" content=\"index, follow, max-snippet:-1, max-image-preview:large, max-video-preview:-1\" \/>\n<link rel=\"canonical\" href=\"https:\/\/www.softsimple.pl\/skomponuj-swoj-system\/\" \/>\n<meta property=\"og:locale\" content=\"en_US\" \/>\n<meta property=\"og:type\" content=\"article\" \/>\n<meta property=\"og:title\" content=\"[:en]Compose your system[:pl]Skomponuj sw\u00f3j system[:] - SoftSimple\" \/>\n<meta property=\"og:description\" content=\"[:pl]Masz do\u015b\u0107 korzystania z kilku aplikacji na raz? Skomponuj sw\u00f3j system, b\u0119d\u0105cy sercem Twojej firmy i miejscem \u0142\u0105cz\u0105cym funkcjonalno\u015b\u0107 wielu aplikacji![:]\" \/>\n<meta property=\"og:url\" content=\"https:\/\/www.softsimple.pl\/skomponuj-swoj-system\/\" \/>\n<meta property=\"og:site_name\" content=\"SoftSimple\" \/>\n<meta property=\"article:modified_time\" content=\"2015-05-04T07:00:32+00:00\" \/>\n<script type=\"application\/ld+json\" class=\"yoast-schema-graph\">{\"@context\":\"https:\/\/schema.org\",\"@graph\":[{\"@type\":\"WebPage\",\"@id\":\"https:\/\/www.softsimple.pl\/skomponuj-swoj-system\/\",\"url\":\"https:\/\/www.softsimple.pl\/skomponuj-swoj-system\/\",\"name\":\"[:en]Compose your system[:pl]Skomponuj sw\u00f3j system[:] - SoftSimple\",\"isPartOf\":{\"@id\":\"https:\/\/www.softsimple.pl\/#website\"},\"datePublished\":\"2015-05-01T09:03:21+00:00\",\"dateModified\":\"2015-05-04T07:00:32+00:00\",\"description\":\"[:pl]Masz do\u015b\u0107 korzystania z kilku aplikacji na raz? Skomponuj sw\u00f3j system, b\u0119d\u0105cy sercem Twojej firmy i miejscem \u0142\u0105cz\u0105cym funkcjonalno\u015b\u0107 wielu aplikacji![:]\",\"breadcrumb\":{\"@id\":\"https:\/\/www.softsimple.pl\/skomponuj-swoj-system\/#breadcrumb\"},\"inLanguage\":\"en-US\",\"potentialAction\":[{\"@type\":\"ReadAction\",\"target\":[\"https:\/\/www.softsimple.pl\/skomponuj-swoj-system\/\"]}]},{\"@type\":\"BreadcrumbList\",\"@id\":\"https:\/\/www.softsimple.pl\/skomponuj-swoj-system\/#breadcrumb\",\"itemListElement\":[{\"@type\":\"ListItem\",\"position\":1,\"name\":\"Strona g\u0142\u00f3wna\",\"item\":\"https:\/\/www.softsimple.pl\/\"},{\"@type\":\"ListItem\",\"position\":2,\"name\":\"Skomponuj sw\u00f3j system\"}]},{\"@type\":\"WebSite\",\"@id\":\"https:\/\/www.softsimple.pl\/#website\",\"url\":\"https:\/\/www.softsimple.pl\/\",\"name\":\"SoftSimple\",\"description\":\"\",\"potentialAction\":[{\"@type\":\"SearchAction\",\"target\":{\"@type\":\"EntryPoint\",\"urlTemplate\":\"https:\/\/www.softsimple.pl\/?s={search_term_string}\"},\"query-input\":{\"@type\":\"PropertyValueSpecification\",\"valueRequired\":true,\"valueName\":\"search_term_string\"}}],\"inLanguage\":\"en-US\"}]}<\/script>\n<!-- \/ Yoast SEO plugin. -->","yoast_head_json":{"title":"[:en]Compose your system[:pl]Skomponuj sw\u00f3j system[:] - SoftSimple","description":"[:pl]Masz do\u015b\u0107 korzystania z kilku aplikacji na raz? Skomponuj sw\u00f3j system, b\u0119d\u0105cy sercem Twojej firmy i miejscem \u0142\u0105cz\u0105cym funkcjonalno\u015b\u0107 wielu aplikacji![:]","robots":{"index":"index","follow":"follow","max-snippet":"max-snippet:-1","max-image-preview":"max-image-preview:large","max-video-preview":"max-video-preview:-1"},"canonical":"https:\/\/www.softsimple.pl\/skomponuj-swoj-system\/","og_locale":"en_US","og_type":"article","og_title":"[:en]Compose your system[:pl]Skomponuj sw\u00f3j system[:] - SoftSimple","og_description":"[:pl]Masz do\u015b\u0107 korzystania z kilku aplikacji na raz? Skomponuj sw\u00f3j system, b\u0119d\u0105cy sercem Twojej firmy i miejscem \u0142\u0105cz\u0105cym funkcjonalno\u015b\u0107 wielu aplikacji![:]","og_url":"https:\/\/www.softsimple.pl\/skomponuj-swoj-system\/","og_site_name":"SoftSimple","article_modified_time":"2015-05-04T07:00:32+00:00","schema":{"@context":"https:\/\/schema.org","@graph":[{"@type":"WebPage","@id":"https:\/\/www.softsimple.pl\/skomponuj-swoj-system\/","url":"https:\/\/www.softsimple.pl\/skomponuj-swoj-system\/","name":"[:en]Compose your system[:pl]Skomponuj sw\u00f3j system[:] - SoftSimple","isPartOf":{"@id":"https:\/\/www.softsimple.pl\/#website"},"datePublished":"2015-05-01T09:03:21+00:00","dateModified":"2015-05-04T07:00:32+00:00","description":"[:pl]Masz do\u015b\u0107 korzystania z kilku aplikacji na raz? Skomponuj sw\u00f3j system, b\u0119d\u0105cy sercem Twojej firmy i miejscem \u0142\u0105cz\u0105cym funkcjonalno\u015b\u0107 wielu aplikacji![:]","breadcrumb":{"@id":"https:\/\/www.softsimple.pl\/skomponuj-swoj-system\/#breadcrumb"},"inLanguage":"en-US","potentialAction":[{"@type":"ReadAction","target":["https:\/\/www.softsimple.pl\/skomponuj-swoj-system\/"]}]},{"@type":"BreadcrumbList","@id":"https:\/\/www.softsimple.pl\/skomponuj-swoj-system\/#breadcrumb","itemListElement":[{"@type":"ListItem","position":1,"name":"Strona g\u0142\u00f3wna","item":"https:\/\/www.softsimple.pl\/"},{"@type":"ListItem","position":2,"name":"Skomponuj sw\u00f3j system"}]},{"@type":"WebSite","@id":"https:\/\/www.softsimple.pl\/#website","url":"https:\/\/www.softsimple.pl\/","name":"SoftSimple","description":"","potentialAction":[{"@type":"SearchAction","target":{"@type":"EntryPoint","urlTemplate":"https:\/\/www.softsimple.pl\/?s={search_term_string}"},"query-input":{"@type":"PropertyValueSpecification","valueRequired":true,"valueName":"search_term_string"}}],"inLanguage":"en-US"}]}},"_links":{"self":[{"href":"https:\/\/www.softsimple.pl\/en\/wp-json\/wp\/v2\/pages\/408","targetHints":{"allow":["GET"]}}],"collection":[{"href":"https:\/\/www.softsimple.pl\/en\/wp-json\/wp\/v2\/pages"}],"about":[{"href":"https:\/\/www.softsimple.pl\/en\/wp-json\/wp\/v2\/types\/page"}],"author":[{"embeddable":true,"href":"https:\/\/www.softsimple.pl\/en\/wp-json\/wp\/v2\/users\/1"}],"replies":[{"embeddable":true,"href":"https:\/\/www.softsimple.pl\/en\/wp-json\/wp\/v2\/comments?post=408"}],"version-history":[{"count":2,"href":"https:\/\/www.softsimple.pl\/en\/wp-json\/wp\/v2\/pages\/408\/revisions"}],"predecessor-version":[{"id":429,"href":"https:\/\/www.softsimple.pl\/en\/wp-json\/wp\/v2\/pages\/408\/revisions\/429"}],"wp:attachment":[{"href":"https:\/\/www.softsimple.pl\/en\/wp-json\/wp\/v2\/media?parent=408"}],"curies":[{"name":"wp","href":"https:\/\/api.w.org\/{rel}","templated":true}]}}