{"id":417,"date":"2015-05-01T12:29:57","date_gmt":"2015-05-01T10:29:57","guid":{"rendered":"http:\/\/www.softsimple.pl\/?page_id=417"},"modified":"2015-05-01T21:37:14","modified_gmt":"2015-05-01T19:37:14","slug":"zarzadzanie-strona-internetowa","status":"publish","type":"page","link":"https:\/\/www.softsimple.pl\/en\/produkty\/zarzadzanie-strona-internetowa\/","title":{"rendered":"Website management"},"content":{"rendered":"","protected":false},"excerpt":{"rendered":"","protected":false},"author":1,"featured_media":0,"parent":233,"menu_order":1,"comment_status":"open","ping_status":"open","template":"template-feature.php","meta":{"_acf_changed":false,"kt_blocks_editor_width":"","_exactmetrics_skip_tracking":false,"_exactmetrics_sitenote_active":false,"_exactmetrics_sitenote_note":"","_exactmetrics_sitenote_category":0,"footnotes":""},"class_list":["post-417","page","type-page","status-publish","hentry"],"acf":[],"yoast_head":"<!-- This site is optimized with the Yoast SEO plugin v25.4 - https:\/\/yoast.com\/wordpress\/plugins\/seo\/ -->\n<title>Website management - SoftSimple<\/title>\n<meta name=\"description\" content=\"[:pl]Autorski system zarz\u0105dzania tre\u015bci\u0105 (CMS) Twojej firmowej strony WWW stworzony przez SoftSimple, po to aby zwi\u0119kszy\u0107 mo\u017cliwo\u015bci jakie daje Internet.[:]\" \/>\n<meta name=\"robots\" content=\"index, follow, max-snippet:-1, max-image-preview:large, max-video-preview:-1\" \/>\n<link rel=\"canonical\" href=\"https:\/\/www.softsimple.pl\/produkty\/zarzadzanie-strona-internetowa\/\" \/>\n<meta property=\"og:locale\" content=\"en_US\" \/>\n<meta property=\"og:type\" content=\"article\" \/>\n<meta property=\"og:title\" content=\"[:en]Website management[:pl]Zarz\u0105dzanie stron\u0105 internetow\u0105[:] - SoftSimple\" \/>\n<meta property=\"og:description\" content=\"[:pl]Autorski system zarz\u0105dzania tre\u015bci\u0105 (CMS) Twojej firmowej strony WWW stworzony przez SoftSimple, po to aby zwi\u0119kszy\u0107 mo\u017cliwo\u015bci jakie daje Internet.[:]\" \/>\n<meta property=\"og:url\" content=\"https:\/\/www.softsimple.pl\/produkty\/zarzadzanie-strona-internetowa\/\" \/>\n<meta property=\"og:site_name\" content=\"SoftSimple\" \/>\n<meta property=\"article:modified_time\" content=\"2015-05-01T19:37:14+00:00\" \/>\n<script type=\"application\/ld+json\" class=\"yoast-schema-graph\">{\"@context\":\"https:\/\/schema.org\",\"@graph\":[{\"@type\":\"WebPage\",\"@id\":\"https:\/\/www.softsimple.pl\/produkty\/zarzadzanie-strona-internetowa\/\",\"url\":\"https:\/\/www.softsimple.pl\/produkty\/zarzadzanie-strona-internetowa\/\",\"name\":\"[:en]Website management[:pl]Zarz\u0105dzanie stron\u0105 internetow\u0105[:] - SoftSimple\",\"isPartOf\":{\"@id\":\"https:\/\/www.softsimple.pl\/#website\"},\"datePublished\":\"2015-05-01T10:29:57+00:00\",\"dateModified\":\"2015-05-01T19:37:14+00:00\",\"description\":\"[:pl]Autorski system zarz\u0105dzania tre\u015bci\u0105 (CMS) Twojej firmowej strony WWW stworzony przez SoftSimple, po to aby zwi\u0119kszy\u0107 mo\u017cliwo\u015bci jakie daje Internet.[:]\",\"breadcrumb\":{\"@id\":\"https:\/\/www.softsimple.pl\/produkty\/zarzadzanie-strona-internetowa\/#breadcrumb\"},\"inLanguage\":\"en-US\",\"potentialAction\":[{\"@type\":\"ReadAction\",\"target\":[\"https:\/\/www.softsimple.pl\/produkty\/zarzadzanie-strona-internetowa\/\"]}]},{\"@type\":\"BreadcrumbList\",\"@id\":\"https:\/\/www.softsimple.pl\/produkty\/zarzadzanie-strona-internetowa\/#breadcrumb\",\"itemListElement\":[{\"@type\":\"ListItem\",\"position\":1,\"name\":\"Strona g\u0142\u00f3wna\",\"item\":\"https:\/\/www.softsimple.pl\/\"},{\"@type\":\"ListItem\",\"position\":2,\"name\":\"Produkty\",\"item\":\"https:\/\/www.softsimple.pl\/produkty\/\"},{\"@type\":\"ListItem\",\"position\":3,\"name\":\"Zarz\u0105dzanie stron\u0105 internetow\u0105\"}]},{\"@type\":\"WebSite\",\"@id\":\"https:\/\/www.softsimple.pl\/#website\",\"url\":\"https:\/\/www.softsimple.pl\/\",\"name\":\"SoftSimple\",\"description\":\"\",\"potentialAction\":[{\"@type\":\"SearchAction\",\"target\":{\"@type\":\"EntryPoint\",\"urlTemplate\":\"https:\/\/www.softsimple.pl\/?s={search_term_string}\"},\"query-input\":{\"@type\":\"PropertyValueSpecification\",\"valueRequired\":true,\"valueName\":\"search_term_string\"}}],\"inLanguage\":\"en-US\"}]}<\/script>\n<!-- \/ Yoast SEO plugin. -->","yoast_head_json":{"title":"[:en]Website management[:pl]Zarz\u0105dzanie stron\u0105 internetow\u0105[:] - SoftSimple","description":"[:pl]Autorski system zarz\u0105dzania tre\u015bci\u0105 (CMS) Twojej firmowej strony WWW stworzony przez SoftSimple, po to aby zwi\u0119kszy\u0107 mo\u017cliwo\u015bci jakie daje Internet.[:]","robots":{"index":"index","follow":"follow","max-snippet":"max-snippet:-1","max-image-preview":"max-image-preview:large","max-video-preview":"max-video-preview:-1"},"canonical":"https:\/\/www.softsimple.pl\/produkty\/zarzadzanie-strona-internetowa\/","og_locale":"en_US","og_type":"article","og_title":"[:en]Website management[:pl]Zarz\u0105dzanie stron\u0105 internetow\u0105[:] - SoftSimple","og_description":"[:pl]Autorski system zarz\u0105dzania tre\u015bci\u0105 (CMS) Twojej firmowej strony WWW stworzony przez SoftSimple, po to aby zwi\u0119kszy\u0107 mo\u017cliwo\u015bci jakie daje Internet.[:]","og_url":"https:\/\/www.softsimple.pl\/produkty\/zarzadzanie-strona-internetowa\/","og_site_name":"SoftSimple","article_modified_time":"2015-05-01T19:37:14+00:00","schema":{"@context":"https:\/\/schema.org","@graph":[{"@type":"WebPage","@id":"https:\/\/www.softsimple.pl\/produkty\/zarzadzanie-strona-internetowa\/","url":"https:\/\/www.softsimple.pl\/produkty\/zarzadzanie-strona-internetowa\/","name":"[:en]Website management[:pl]Zarz\u0105dzanie stron\u0105 internetow\u0105[:] - SoftSimple","isPartOf":{"@id":"https:\/\/www.softsimple.pl\/#website"},"datePublished":"2015-05-01T10:29:57+00:00","dateModified":"2015-05-01T19:37:14+00:00","description":"[:pl]Autorski system zarz\u0105dzania tre\u015bci\u0105 (CMS) Twojej firmowej strony WWW stworzony przez SoftSimple, po to aby zwi\u0119kszy\u0107 mo\u017cliwo\u015bci jakie daje Internet.[:]","breadcrumb":{"@id":"https:\/\/www.softsimple.pl\/produkty\/zarzadzanie-strona-internetowa\/#breadcrumb"},"inLanguage":"en-US","potentialAction":[{"@type":"ReadAction","target":["https:\/\/www.softsimple.pl\/produkty\/zarzadzanie-strona-internetowa\/"]}]},{"@type":"BreadcrumbList","@id":"https:\/\/www.softsimple.pl\/produkty\/zarzadzanie-strona-internetowa\/#breadcrumb","itemListElement":[{"@type":"ListItem","position":1,"name":"Strona g\u0142\u00f3wna","item":"https:\/\/www.softsimple.pl\/"},{"@type":"ListItem","position":2,"name":"Produkty","item":"https:\/\/www.softsimple.pl\/produkty\/"},{"@type":"ListItem","position":3,"name":"Zarz\u0105dzanie stron\u0105 internetow\u0105"}]},{"@type":"WebSite","@id":"https:\/\/www.softsimple.pl\/#website","url":"https:\/\/www.softsimple.pl\/","name":"SoftSimple","description":"","potentialAction":[{"@type":"SearchAction","target":{"@type":"EntryPoint","urlTemplate":"https:\/\/www.softsimple.pl\/?s={search_term_string}"},"query-input":{"@type":"PropertyValueSpecification","valueRequired":true,"valueName":"search_term_string"}}],"inLanguage":"en-US"}]}},"_links":{"self":[{"href":"https:\/\/www.softsimple.pl\/en\/wp-json\/wp\/v2\/pages\/417","targetHints":{"allow":["GET"]}}],"collection":[{"href":"https:\/\/www.softsimple.pl\/en\/wp-json\/wp\/v2\/pages"}],"about":[{"href":"https:\/\/www.softsimple.pl\/en\/wp-json\/wp\/v2\/types\/page"}],"author":[{"embeddable":true,"href":"https:\/\/www.softsimple.pl\/en\/wp-json\/wp\/v2\/users\/1"}],"replies":[{"embeddable":true,"href":"https:\/\/www.softsimple.pl\/en\/wp-json\/wp\/v2\/comments?post=417"}],"version-history":[{"count":7,"href":"https:\/\/www.softsimple.pl\/en\/wp-json\/wp\/v2\/pages\/417\/revisions"}],"predecessor-version":[{"id":496,"href":"https:\/\/www.softsimple.pl\/en\/wp-json\/wp\/v2\/pages\/417\/revisions\/496"}],"up":[{"embeddable":true,"href":"https:\/\/www.softsimple.pl\/en\/wp-json\/wp\/v2\/pages\/233"}],"wp:attachment":[{"href":"https:\/\/www.softsimple.pl\/en\/wp-json\/wp\/v2\/media?parent=417"}],"curies":[{"name":"wp","href":"https:\/\/api.w.org\/{rel}","templated":true}]}}