{"id":8,"date":"2015-03-19T23:10:17","date_gmt":"2015-03-19T22:10:17","guid":{"rendered":"http:\/\/www.softsimple.pl\/?page_id=8"},"modified":"2025-07-10T23:22:39","modified_gmt":"2025-07-10T21:22:39","slug":"softsimple-nowatorskie-oprogramowanie-dla-biznesu","status":"publish","type":"page","link":"https:\/\/www.softsimple.pl\/en\/","title":{"rendered":"SoftSimple &#8211; The innovative software for business"},"content":{"rendered":"<div id=\"pl-8\"  class=\"panel-layout\" ><div id=\"pg-8-0\"  class=\"panel-grid panel-has-style\" ><div class=\"siteorigin-panels-stretch panel-widget-style panel-row-style panel-row-style-for-8-0\" data-stretch-type=\"full-width-stretch\" ><div id=\"pgc-8-0-0\"  class=\"panel-grid-cell\" ><div id=\"panel-8-0-0-0\" class=\"so-panel widget widget_text panel-first-child panel-last-child\" data-index=\"0\" ><div class=\"widget-title textwidget panel-widget-style panel-widget-style-for-8-0-0-0\" >\t\t\t<div class=\"textwidget\"><p style=\"font-size: 25px;\">What do I do? Get to know me!<\/p><\/div>\n\t\t<\/div><\/div><\/div><\/div><\/div><div id=\"pg-8-1\"  class=\"panel-grid panel-has-style\" ><div class=\"siteorigin-panels-stretch kt-panel-row-stretch panel-widget-style panel-row-style panel-row-style-for-8-1\" style=\"visibility: hidden;\" data-stretch-type=\"full\" ><div id=\"pgc-8-1-0\"  class=\"panel-grid-cell\" >                <div id=\"panel-8-1-0-0\" class=\"so-panel widget widget_pinnacle_imgmenu_widget pinnacle_imgmenu_widget panel-first-child\" data-index=\"1\" >\n                                <div class=\"kad-animation\" data-animation=\"fade-in\" data-delay=\"150\">\n                    <a href=\"\/uslugi\/aplikacje-internetowe\"  class=\"homepromolink\">                        <div class=\"infobanner\" style=\"background: url(http:\/\/www.softsimple.pl\/wp-content\/uploads\/WU7Z7REJ7K1.jpg) center center no-repeat; height:220px; background-size:cover;\">\n                            <div class=\"home-message\" style=\"height:220px;\">\n                                <h4>WEB applications<\/h4>                                <h5>View more<\/h5>                            <\/div>\n                        <\/div>\n                    <\/a>                <\/div>\n                \n                <\/div>\n                    <div id=\"panel-8-1-0-1\" class=\"so-panel widget widget_pinnacle_imgmenu_widget pinnacle_imgmenu_widget panel-last-child\" data-index=\"2\" >\n                                <div class=\"kad-animation\" data-animation=\"fade-in\" data-delay=\"150\">\n                    <a href=\"\/uslugi\/outsourcing-it\"  class=\"homepromolink\">                        <div class=\"infobanner\" style=\"background: url(http:\/\/www.softsimple.pl\/wp-content\/uploads\/FBQG1UG7ID-e1430406793518.jpg) center center no-repeat; height:220px; background-size:cover;\">\n                            <div class=\"home-message\" style=\"height:220px;\">\n                                <h4>IT Outsourcing<\/h4>                                <h5>Get details<\/h5>                            <\/div>\n                        <\/div>\n                    <\/a>                <\/div>\n                \n                <\/div>\n    <\/div><div id=\"pgc-8-1-1\"  class=\"panel-grid-cell\" >                <div id=\"panel-8-1-1-0\" class=\"so-panel widget widget_pinnacle_imgmenu_widget pinnacle_imgmenu_widget panel-first-child\" data-index=\"3\" >\n                                <div class=\"kad-animation\" data-animation=\"fade-in\" data-delay=\"150\">\n                    <a href=\"\/uslugi\/aplikacje-mobilne\"  class=\"homepromolink\">                        <div class=\"infobanner\" style=\"background: url(http:\/\/www.softsimple.pl\/wp-content\/uploads\/J633WD7BAR-e1430406511894.jpg) center center no-repeat; height:220px; background-size:cover;\">\n                            <div class=\"home-message\" style=\"height:220px;\">\n                                <h4>Mobile applications<\/h4>                                <h5>Find out more<\/h5>                            <\/div>\n                        <\/div>\n                    <\/a>                <\/div>\n                \n                <\/div>\n                    <div id=\"panel-8-1-1-1\" class=\"so-panel widget widget_pinnacle_imgmenu_widget pinnacle_imgmenu_widget panel-last-child\" data-index=\"4\" >\n                                <div class=\"kad-animation\" data-animation=\"fade-in\" data-delay=\"150\">\n                    <a href=\"\/uslugi\/doradztwo-informatyczne\"  class=\"homepromolink\">                        <div class=\"infobanner\" style=\"background: url(http:\/\/www.softsimple.pl\/wp-content\/uploads\/FB1403B90B-e1430407660215.jpg) center center no-repeat; height:220px; background-size:cover;\">\n                            <div class=\"home-message\" style=\"height:220px;\">\n                                <h4>IT Consulting<\/h4>                                <h5>Read more<\/h5>                            <\/div>\n                        <\/div>\n                    <\/a>                <\/div>\n                \n                <\/div>\n    <\/div><\/div><\/div><div id=\"pg-8-2\"  class=\"panel-grid panel-has-style\" ><div class=\"siteorigin-panels-stretch kt-panel-row-stretch panel-widget-style panel-row-style panel-row-style-for-8-2\" style=\"visibility: hidden;\" data-stretch-type=\"full\" ><div id=\"pgc-8-2-0\"  class=\"panel-grid-cell\" >\n\n          <div id=\"panel-8-2-0-0\" class=\"so-panel widget widget_pinnacle_calltoaction_widget pinnacle_calltoaction_widget panel-first-child panel-last-child\" data-index=\"5\" ><h2 style=\"color:#ffffff; font-size:40px;  text-align:center;\">Take a look at what I can do for you.<\/h2><h5 style=\"color:#f2f2f2; font-size:20px;  text-align:center;\">Discover groundbreaking systems by which you get what you expect from the software.<\/h5><div style=\"text-align:center\"><a href=\"\/produkty\" id=\"kadbtn79\" target=\"_self\" class=\"kad-btn btn-shortcode kad-btn-primary   lg-kad-btn headerfont\" style=\" border: 0 solid; border-color:#000;  color:#ffffff;\" onMouseOver=\"\" onMouseOut=\"\">Discover <\/a><\/div><\/div>\n    <\/div><\/div><\/div><div id=\"pg-8-3\"  class=\"panel-grid panel-has-style\" ><div class=\"siteorigin-panels-stretch kt-panel-row-stretch panel-widget-style panel-row-style panel-row-style-for-8-3\" style=\"visibility: hidden;\" data-stretch-type=\"full\" ><div id=\"pgc-8-3-0\"  class=\"panel-grid-cell\" ><div id=\"panel-8-3-0-0\" class=\"so-panel widget widget_sow-anything-carousel panel-first-child panel-last-child\" data-index=\"6\" ><div class=\"panel-widget-style panel-widget-style-for-8-3-0-0\" ><div\n\t\t\t\n\t\t\tclass=\"so-widget-sow-anything-carousel so-widget-sow-anything-carousel-base-8d69af7a2cea-8\"\n\t\t\t\n\t\t><div class=\"sow-carousel-title has-title\">\n\t<h3 class=\"widget-title\">Wsp\u00f3\u0142praca<\/h3><\/div>\n\n<div class=\"sow-carousel-container \">\n\t\t\t<div class=\"sow-carousel-navigation sow-carousel-navigation-prev \">\n\t\t\t\t\t\t<a href=\"#\" class=\"sow-carousel-previous\" title=\"Previous\" aria-label=\"Previous Posts\" role=\"button\"><\/a>\n\t\t\t\t\t<\/div>\n\t\t<div class=\"sow-carousel-wrapper\"\n\t\tdata-dir=\"ltr\"\n\t\tstyle=\"opacity: 0;\"\n\t\tdata-widget=\"anything\" data-item_count=\"15\" data-loop=\"\" data-carousel_settings=\"{&quot;loop&quot;:true,&quot;dots&quot;:true,&quot;animation&quot;:&quot;ease&quot;,&quot;animation_speed&quot;:400,&quot;autoplay&quot;:true,&quot;pauseOnHover&quot;:&quot;&quot;,&quot;autoplaySpeed&quot;:4000,&quot;item_overflow&quot;:false,&quot;adaptive_height&quot;:&quot;&quot;}\" data-responsive=\"{&quot;desktop_slides_to_scroll&quot;:1,&quot;tablet_landscape_breakpoint&quot;:1366,&quot;tablet_landscape_slides_to_scroll&quot;:3,&quot;tablet_portrait_breakpoint&quot;:1025,&quot;tablet_portrait_slides_to_scroll&quot;:2,&quot;mobile_breakpoint&quot;:480,&quot;mobile_slides_to_scroll&quot;:1,&quot;desktop_slides_to_show&quot;:5,&quot;tablet_landscape_slides_to_show&quot;:3,&quot;tablet_portrait_slides_to_show&quot;:2,&quot;mobile_slides_to_show&quot;:1}\" \t>\n\t\t<div\n\t\t\tclass=\"sow-carousel-items\"\n\t\t\t\t\t>\n\t\t\t\t<div class=\"sow-carousel-item\" tabindex=\"-1\">\n\t\t\n\t\t<div class=\"sow-carousel-content\">\n\t\t\t<img loading=\"lazy\" decoding=\"async\" class=\"aligncenter wp-image-1537 size-medium\" src=\"https:\/\/www.softsimple.pl\/wp-content\/uploads\/x-kom_logo-tagline_RGB-300x54.png\" alt=\"\" width=\"300\" height=\"54\" style=\"padding-top: 30px;\" \/>\t\t<\/div>\n\t<\/div>\n\t\t<div class=\"sow-carousel-item\" tabindex=\"-1\">\n\t\t\n\t\t<div class=\"sow-carousel-content\">\n\t\t\t<img loading=\"lazy\" decoding=\"async\" class=\"aligncenter wp-image-1544 size-full\" src=\"https:\/\/www.softsimple.pl\/wp-content\/uploads\/al-to_logo_logo.png-e1752180972170.webp\" alt=\"\" width=\"256\" height=\"74\" style=\"padding-top: 20px;\" \/>\t\t<\/div>\n\t<\/div>\n\t\t<div class=\"sow-carousel-item\" tabindex=\"-1\">\n\t\t\n\t\t<div class=\"sow-carousel-content\">\n\t\t\t<img loading=\"lazy\" decoding=\"async\" class=\"aligncenter wp-image-1542 size-medium\" src=\"https:\/\/www.softsimple.pl\/wp-content\/uploads\/600x210_logo_Neonet-300x106.png\" alt=\"\" width=\"300\" height=\"106\" style=\"padding-top: 20px;\" srcset=\"https:\/\/www.softsimple.pl\/wp-content\/uploads\/600x210_logo_Neonet-300x106.png 300w, https:\/\/www.softsimple.pl\/wp-content\/uploads\/600x210_logo_Neonet.png 601w\" sizes=\"auto, (max-width: 300px) 100vw, 300px\" \/>\t\t<\/div>\n\t<\/div>\n\t\t<div class=\"sow-carousel-item\" tabindex=\"-1\">\n\t\t\n\t\t<div class=\"sow-carousel-content\">\n\t\t\t<p><img loading=\"lazy\" decoding=\"async\" class=\"aligncenter wp-image-1519 size-full\" src=\"https:\/\/www.softsimple.pl\/wp-content\/uploads\/logo-pge-e1609521105533.png\" alt=\"\" width=\"196\" height=\"99\" \/><\/p>\n\t\t<\/div>\n\t<\/div>\n\t\t<div class=\"sow-carousel-item\" tabindex=\"-1\">\n\t\t\n\t\t<div class=\"sow-carousel-content\">\n\t\t\t<img loading=\"lazy\" decoding=\"async\" class=\"aligncenter size-full wp-image-1533\" style=\"padding-top: 15px;\" src=\"https:\/\/www.softsimple.pl\/wp-content\/uploads\/gTYqE1wKACMbYn1BF8PFeVsrvQo1626149840504_200x200-e1707512557164.png\" alt=\"\" width=\"200\" height=\"77\" \/>\t\t<\/div>\n\t<\/div>\n\t\t<div class=\"sow-carousel-item\" tabindex=\"-1\">\n\t\t\n\t\t<div class=\"sow-carousel-content\">\n\t\t\t<img loading=\"lazy\" decoding=\"async\" class=\"aligncenter wp-image-1493 size-medium\" src=\"https:\/\/www.softsimple.pl\/wp-content\/uploads\/logo_ideo_kolor_invertrgb-300x121.png\" alt=\"\" width=\"300\" height=\"121\" style=\"padding-top: 15px;\"\/>\t\t<\/div>\n\t<\/div>\n\t\t<div class=\"sow-carousel-item\" tabindex=\"-1\">\n\t\t\n\t\t<div class=\"sow-carousel-content\">\n\t\t\t<img loading=\"lazy\" decoding=\"async\" class=\"aligncenter wp-image-898 size-medium\" src=\"https:\/\/www.softsimple.pl\/wp-content\/uploads\/opteam_logo-e1514547221584-300x111.png\" alt=\"\" width=\"300\" height=\"111\" style=\"padding-top: 15px;\" srcset=\"https:\/\/www.softsimple.pl\/wp-content\/uploads\/opteam_logo-e1514547221584-300x111.png 300w, https:\/\/www.softsimple.pl\/wp-content\/uploads\/opteam_logo-e1514547221584.png 359w\" sizes=\"auto, (max-width: 300px) 100vw, 300px\" \/>\t\t<\/div>\n\t<\/div>\n\t\t<div class=\"sow-carousel-item\" tabindex=\"-1\">\n\t\t\n\t\t<div class=\"sow-carousel-content\">\n\t\t\t<img loading=\"lazy\" decoding=\"async\" class=\"aligncenter wp-image-827 size-medium\" src=\"https:\/\/www.softsimple.pl\/wp-content\/uploads\/pok-ter-logo1-300x82.png\" alt=\"\" width=\"300\" height=\"82\" style=\"padding-top: 15px;\"\/>\t\t<\/div>\n\t<\/div>\n\t\t<div class=\"sow-carousel-item\" tabindex=\"-1\">\n\t\t\n\t\t<div class=\"sow-carousel-content\">\n\t\t\t<img loading=\"lazy\" decoding=\"async\" class=\"aligncenter wp-image-828 size-medium\" src=\"https:\/\/www.softsimple.pl\/wp-content\/uploads\/logo-2-e14277406413131-300x60.png\" alt=\"\" width=\"300\" height=\"60\" style=\"padding-top: 25px;\" srcset=\"https:\/\/www.softsimple.pl\/wp-content\/uploads\/logo-2-e14277406413131-300x60.png 300w, https:\/\/www.softsimple.pl\/wp-content\/uploads\/logo-2-e14277406413131.png 397w\" sizes=\"auto, (max-width: 300px) 100vw, 300px\" \/>\t\t<\/div>\n\t<\/div>\n\t\t<div class=\"sow-carousel-item\" tabindex=\"-1\">\n\t\t\n\t\t<div class=\"sow-carousel-content\">\n\t\t\t<img loading=\"lazy\" decoding=\"async\" class=\"aligncenter wp-image-1108 size-medium\" src=\"https:\/\/www.softsimple.pl\/wp-content\/uploads\/logo-ttk-2x-300x59.png\" alt=\"\" width=\"300\" height=\"59\" style=\"padding-top: 25px;\" srcset=\"https:\/\/www.softsimple.pl\/wp-content\/uploads\/logo-ttk-2x-300x59.png 300w, https:\/\/www.softsimple.pl\/wp-content\/uploads\/logo-ttk-2x.png 450w\" sizes=\"auto, (max-width: 300px) 100vw, 300px\" \/>\t\t<\/div>\n\t<\/div>\n\t\t<div class=\"sow-carousel-item\" tabindex=\"-1\">\n\t\t\n\t\t<div class=\"sow-carousel-content\">\n\t\t\t<img loading=\"lazy\" decoding=\"async\" class=\"aligncenter wp-image-900 size-medium\" src=\"https:\/\/www.softsimple.pl\/wp-content\/uploads\/develocus-300x82.png\" alt=\"\" width=\"300\" height=\"82\" style=\"padding-top: 15px;\"\/>\t\t<\/div>\n\t<\/div>\n\t\t<div class=\"sow-carousel-item\" tabindex=\"-1\">\n\t\t\n\t\t<div class=\"sow-carousel-content\">\n\t\t\t<img loading=\"lazy\" decoding=\"async\" class=\"aligncenter size-full wp-image-825\" src=\"https:\/\/www.softsimple.pl\/wp-content\/uploads\/zaton_logo1.png\" alt=\"\" width=\"197\" height=\"60\" style=\"padding-top: 15px;\"\/>\t\t<\/div>\n\t<\/div>\n\t\t<div class=\"sow-carousel-item\" tabindex=\"-1\">\n\t\t\n\t\t<div class=\"sow-carousel-content\">\n\t\t\t<img loading=\"lazy\" decoding=\"async\" class=\"aligncenter wp-image-824 size-medium\" style=\"padding-top: 25px;\" src=\"https:\/\/www.softsimple.pl\/wp-content\/uploads\/logo1-e14191464785521-300x62.png\" alt=\"\" width=\"300\" height=\"62\" \/>\t\t<\/div>\n\t<\/div>\n\t\t<div class=\"sow-carousel-item\" tabindex=\"-1\">\n\t\t\n\t\t<div class=\"sow-carousel-content\">\n\t\t\t<p><img loading=\"lazy\" decoding=\"async\" class=\"aligncenter size-full wp-image-823\" src=\"https:\/\/www.softsimple.pl\/wp-content\/uploads\/logo_tomech_white-e1514551810211.png\" alt=\"\" width=\"169\" height=\"100\" \/><\/p>\n\t\t<\/div>\n\t<\/div>\n\t\t<div class=\"sow-carousel-item\" tabindex=\"-1\">\n\t\t\n\t\t<div class=\"sow-carousel-content\">\n\t\t\t<img loading=\"lazy\" decoding=\"async\" class=\"aligncenter size-full wp-image-830\" src=\"https:\/\/www.softsimple.pl\/wp-content\/uploads\/logo_energo1.png\" alt=\"\" width=\"265\" height=\"73\" style=\"padding-top: 25px;\"\/>\t\t<\/div>\n\t<\/div>\n\t\t\t<\/div>\n\t\t\t<\/div>\n\n\t\t\t<div class=\"sow-carousel-navigation sow-carousel-navigation-next \">\n\t\t\t\t\t\t<a href=\"#\" class=\"sow-carousel-next\" title=\"Next\" aria-label=\"Next Posts\" role=\"button\"><\/a>\n\t\t\t\t\t<\/div>\n\t<\/div>\n<\/div><\/div><\/div><\/div><\/div><\/div><\/div>","protected":false},"excerpt":{"rendered":"<p>What do I do? Get to know me!<\/p>\n","protected":false},"author":1,"featured_media":0,"parent":0,"menu_order":0,"comment_status":"open","ping_status":"open","template":"","meta":{"_acf_changed":false,"kt_blocks_editor_width":"","_exactmetrics_skip_tracking":false,"_exactmetrics_sitenote_active":false,"_exactmetrics_sitenote_note":"","_exactmetrics_sitenote_category":0,"footnotes":""},"class_list":["post-8","page","type-page","status-publish","hentry"],"acf":[],"yoast_head":"<!-- This site is optimized with the Yoast SEO plugin v25.4 - https:\/\/yoast.com\/wordpress\/plugins\/seo\/ -->\n<title>SoftSimple - The innovative software for business<\/title>\n<meta name=\"description\" content=\"Witamy na stronie firmy SoftSimple, zajmuj\u0105cej si\u0119 opracowywaniem intuicyjnych w u\u017cytkowaniu system\u00f3w informatycznych, wspieraj\u0105cych zarz\u0105dzanie w biznesie.\" \/>\n<meta name=\"robots\" content=\"index, follow, max-snippet:-1, max-image-preview:large, max-video-preview:-1\" \/>\n<link rel=\"canonical\" href=\"https:\/\/www.softsimple.pl\/\" \/>\n<meta property=\"og:locale\" content=\"en_US\" \/>\n<meta property=\"og:type\" content=\"article\" \/>\n<meta property=\"og:title\" content=\"[:en]SoftSimple - The innovative software for business[:pl]SoftSimple - Nowatorskie oprogramowanie dla biznesu[:]\" \/>\n<meta property=\"og:description\" content=\"Witamy na stronie firmy SoftSimple, zajmuj\u0105cej si\u0119 opracowywaniem intuicyjnych w u\u017cytkowaniu system\u00f3w informatycznych, wspieraj\u0105cych zarz\u0105dzanie w biznesie.\" \/>\n<meta property=\"og:url\" content=\"https:\/\/www.softsimple.pl\/\" \/>\n<meta property=\"og:site_name\" content=\"SoftSimple\" \/>\n<meta property=\"article:modified_time\" content=\"2025-07-10T21:22:39+00:00\" \/>\n<meta name=\"twitter:label1\" content=\"Est. reading time\" \/>\n\t<meta name=\"twitter:data1\" content=\"4 minutes\" \/>\n<script type=\"application\/ld+json\" class=\"yoast-schema-graph\">{\"@context\":\"https:\/\/schema.org\",\"@graph\":[{\"@type\":\"WebPage\",\"@id\":\"https:\/\/www.softsimple.pl\/\",\"url\":\"https:\/\/www.softsimple.pl\/\",\"name\":\"[:en]SoftSimple - The innovative software for business[:pl]SoftSimple - Nowatorskie oprogramowanie dla biznesu[:]\",\"isPartOf\":{\"@id\":\"https:\/\/www.softsimple.pl\/#website\"},\"datePublished\":\"2015-03-19T22:10:17+00:00\",\"dateModified\":\"2025-07-10T21:22:39+00:00\",\"description\":\"Witamy na stronie firmy SoftSimple, zajmuj\u0105cej si\u0119 opracowywaniem intuicyjnych w u\u017cytkowaniu system\u00f3w informatycznych, wspieraj\u0105cych zarz\u0105dzanie w biznesie.\",\"breadcrumb\":{\"@id\":\"https:\/\/www.softsimple.pl\/#breadcrumb\"},\"inLanguage\":\"en-US\",\"potentialAction\":[{\"@type\":\"ReadAction\",\"target\":[\"https:\/\/www.softsimple.pl\/\"]}]},{\"@type\":\"BreadcrumbList\",\"@id\":\"https:\/\/www.softsimple.pl\/#breadcrumb\",\"itemListElement\":[{\"@type\":\"ListItem\",\"position\":1,\"name\":\"Strona g\u0142\u00f3wna\",\"item\":\"https:\/\/www.softsimple.pl\/\"},{\"@type\":\"ListItem\",\"position\":2,\"name\":\"SoftSimple &#8211; Nowatorskie oprogramowanie dla biznesu\"}]},{\"@type\":\"WebSite\",\"@id\":\"https:\/\/www.softsimple.pl\/#website\",\"url\":\"https:\/\/www.softsimple.pl\/\",\"name\":\"SoftSimple\",\"description\":\"\",\"potentialAction\":[{\"@type\":\"SearchAction\",\"target\":{\"@type\":\"EntryPoint\",\"urlTemplate\":\"https:\/\/www.softsimple.pl\/?s={search_term_string}\"},\"query-input\":{\"@type\":\"PropertyValueSpecification\",\"valueRequired\":true,\"valueName\":\"search_term_string\"}}],\"inLanguage\":\"en-US\"}]}<\/script>\n<!-- \/ Yoast SEO plugin. -->","yoast_head_json":{"title":"[:en]SoftSimple - The innovative software for business[:pl]SoftSimple - Nowatorskie oprogramowanie dla biznesu[:]","description":"Witamy na stronie firmy SoftSimple, zajmuj\u0105cej si\u0119 opracowywaniem intuicyjnych w u\u017cytkowaniu system\u00f3w informatycznych, wspieraj\u0105cych zarz\u0105dzanie w biznesie.","robots":{"index":"index","follow":"follow","max-snippet":"max-snippet:-1","max-image-preview":"max-image-preview:large","max-video-preview":"max-video-preview:-1"},"canonical":"https:\/\/www.softsimple.pl\/","og_locale":"en_US","og_type":"article","og_title":"[:en]SoftSimple - The innovative software for business[:pl]SoftSimple - Nowatorskie oprogramowanie dla biznesu[:]","og_description":"Witamy na stronie firmy SoftSimple, zajmuj\u0105cej si\u0119 opracowywaniem intuicyjnych w u\u017cytkowaniu system\u00f3w informatycznych, wspieraj\u0105cych zarz\u0105dzanie w biznesie.","og_url":"https:\/\/www.softsimple.pl\/","og_site_name":"SoftSimple","article_modified_time":"2025-07-10T21:22:39+00:00","twitter_misc":{"Est. reading time":"4 minutes"},"schema":{"@context":"https:\/\/schema.org","@graph":[{"@type":"WebPage","@id":"https:\/\/www.softsimple.pl\/","url":"https:\/\/www.softsimple.pl\/","name":"[:en]SoftSimple - The innovative software for business[:pl]SoftSimple - Nowatorskie oprogramowanie dla biznesu[:]","isPartOf":{"@id":"https:\/\/www.softsimple.pl\/#website"},"datePublished":"2015-03-19T22:10:17+00:00","dateModified":"2025-07-10T21:22:39+00:00","description":"Witamy na stronie firmy SoftSimple, zajmuj\u0105cej si\u0119 opracowywaniem intuicyjnych w u\u017cytkowaniu system\u00f3w informatycznych, wspieraj\u0105cych zarz\u0105dzanie w biznesie.","breadcrumb":{"@id":"https:\/\/www.softsimple.pl\/#breadcrumb"},"inLanguage":"en-US","potentialAction":[{"@type":"ReadAction","target":["https:\/\/www.softsimple.pl\/"]}]},{"@type":"BreadcrumbList","@id":"https:\/\/www.softsimple.pl\/#breadcrumb","itemListElement":[{"@type":"ListItem","position":1,"name":"Strona g\u0142\u00f3wna","item":"https:\/\/www.softsimple.pl\/"},{"@type":"ListItem","position":2,"name":"SoftSimple &#8211; Nowatorskie oprogramowanie dla biznesu"}]},{"@type":"WebSite","@id":"https:\/\/www.softsimple.pl\/#website","url":"https:\/\/www.softsimple.pl\/","name":"SoftSimple","description":"","potentialAction":[{"@type":"SearchAction","target":{"@type":"EntryPoint","urlTemplate":"https:\/\/www.softsimple.pl\/?s={search_term_string}"},"query-input":{"@type":"PropertyValueSpecification","valueRequired":true,"valueName":"search_term_string"}}],"inLanguage":"en-US"}]}},"_links":{"self":[{"href":"https:\/\/www.softsimple.pl\/en\/wp-json\/wp\/v2\/pages\/8","targetHints":{"allow":["GET"]}}],"collection":[{"href":"https:\/\/www.softsimple.pl\/en\/wp-json\/wp\/v2\/pages"}],"about":[{"href":"https:\/\/www.softsimple.pl\/en\/wp-json\/wp\/v2\/types\/page"}],"author":[{"embeddable":true,"href":"https:\/\/www.softsimple.pl\/en\/wp-json\/wp\/v2\/users\/1"}],"replies":[{"embeddable":true,"href":"https:\/\/www.softsimple.pl\/en\/wp-json\/wp\/v2\/comments?post=8"}],"version-history":[{"count":107,"href":"https:\/\/www.softsimple.pl\/en\/wp-json\/wp\/v2\/pages\/8\/revisions"}],"predecessor-version":[{"id":1572,"href":"https:\/\/www.softsimple.pl\/en\/wp-json\/wp\/v2\/pages\/8\/revisions\/1572"}],"wp:attachment":[{"href":"https:\/\/www.softsimple.pl\/en\/wp-json\/wp\/v2\/media?parent=8"}],"curies":[{"name":"wp","href":"https:\/\/api.w.org\/{rel}","templated":true}]}}